{"id":1486,"date":"2026-01-20T12:11:11","date_gmt":"2026-01-20T12:11:11","guid":{"rendered":"https:\/\/bonuskongcasino.com\/login-and-registration\/"},"modified":"2026-03-23T09:25:04","modified_gmt":"2026-03-23T09:25:04","slug":"logowanie-i-rejestracja","status":"publish","type":"page","link":"https:\/\/cowboyspincasino.net\/pl\/logowanie-i-rejestracja\/","title":{"rendered":"Logowanie i rejestracja"},"content":{"rendered":"<h1>Logowanie i rejestracja na koncie Cowboyspin<\/h1>\n<p>Po zako\u0144czeniu rejestracji pierwszym krokiem, aby uzyska\u0107 dost\u0119p do swojego profilu na naszej stronie internetowej, jest Cowboyspin login. Oba procesy s\u0105 szybkie i wygodne, dzi\u0119ki czemu mo\u017cna je \u0142atwo przeprowadzi\u0107, nawet je\u015bli jeste\u015b nowym polskim u\u017cytkownikiem tej platformy.<\/p>\n<p><div class=\"banner-wrap\" aria-label=\"Banner\"><img src=\"https:\/\/cowboyspincasino.net\/wp-content\/uploads\/2026\/03\/banner-desktop2x.webp\" class=\"w-100 d-none d-lg-block img-pc main-banner-img\" alt=\"Cowboyspin bonus desktop\" fetchpriority=\"high\" decoding=\"async\"><img src=\"https:\/\/cowboyspincasino.net\/wp-content\/uploads\/2026\/03\/banner-mobile2x.webp\" class=\"w-100 d-none d-md-block d-lg-none main-banner-img\" alt=\"Cowboyspin bonus mobile\" fetchpriority=\"high\" decoding=\"async\"><img src=\"https:\/\/cowboyspincasino.net\/wp-content\/uploads\/2026\/03\/banner-mobile2x.webp\" class=\"w-100 d-md-none\" alt=\"Cowboyspin bonus mobile\" fetchpriority=\"high\" decoding=\"async\"><div class=\"banner-description\">\n<div class=\"banner-title\">Bonusy powitalne<\/div>\n<p class=\"banner-header-title\">1500 \u20ac<\/p>\n<div class=\"banner-header-AdditionalText\">+ 250 Darmowe spiny<\/div>\n<button data-item=\"homepage_banner_link\" class=\"goto m-button m-gradient-border m-button--primary m-button--large banner-button btn-orange\">\n            <div class=\"m-button-content\">\n                <span>Zarejestruj si\u0119 teraz<\/span>\n                <span><\/span>\n            <\/div>\n        <\/button>\n<\/div>\n<div class=\"WelcomePack\">\n<p><img loading=\"lazy\" decoding=\"async\" class=\"alignnone size-full wp-image-1856\" src=\"https:\/\/cowboyspincasino.net\/wp-content\/uploads\/2026\/03\/welcome-crown.png\" alt=\"welcome crown\" width=\"25\" height=\"26\" \/><\/p>\n<div class=\"WelcomePack-Info\">Cotygodniowy zwrot got\u00f3wki do 25%<\/div>\n<p><img loading=\"lazy\" decoding=\"async\" class=\"alignnone size-full wp-image-1856\" src=\"https:\/\/cowboyspincasino.net\/wp-content\/uploads\/2026\/03\/welcome-crown.png\" alt=\"welcome crown\" width=\"25\" height=\"26\" \/><\/p>\n<\/div>\n<\/div><div class=\"scrollable-content-wrap my-5\"><div class=\"scrollable-content-inner\"><h2>Rejestracja konta w Cowboy Spin<\/h2>\n<p>Je\u015bli zapozna\u0142e\u015b si\u0119 ju\u017c z serwisem Cowboyspin na tyle, by zdecydowa\u0107 si\u0119 na za\u0142o\u017cenie konta, musisz przej\u015b\u0107 przez proces rejestracji. Jest to niezb\u0119dny krok, aby rozpocz\u0105\u0107 gr\u0119 na stronie, poniewa\u017c bez konta nie b\u0119dziesz m\u00f3g\u0142 dokonywa\u0107 wp\u0142at na naszej platformie i wygrywa\u0107 prawdziwych pieni\u0119dzy podczas gry.<\/p>\n<h3>Utw\u00f3rz sw\u00f3j profil<\/h3>\n<p>Rejestracja konta na stronie kasyna Cowboyspin zajmuje tylko kilka minut i jest wystarczaj\u0105co prosta nawet dla tych, kt\u00f3rzy nigdy nie grali online. Wystarczy poda\u0107 kilka informacji i sfinalizowa\u0107 procedur\u0119. Oto kr\u00f3tki przewodnik, jak zarejestrowa\u0107 si\u0119 krok po kroku:<\/p>\n<ol>\n<li>Naci\u015bnij przycisk \u201eZarejestruj si\u0119\u201d w prawym rogu.<\/li>\n<li>Wpisz sw\u00f3j adres e-mail.<\/li>\n<li>Wymy\u015bl has\u0142o.<\/li>\n<li>Wpisz kod promocyjny, je\u015bli go posiadasz.<\/li>\n<li>Potwierd\u017a, \u017ce masz uko\u0144czone 18 lat.<\/li>\n<li>Naci\u015bnij przycisk potwierdzenia, aby zako\u0144czy\u0107.<\/li>\n<\/ol>\n<p><img loading=\"lazy\" decoding=\"async\" class=\"alignnone size-full wp-image-1952\" src=\"https:\/\/cowboyspincasino.net\/wp-content\/uploads\/2026\/03\/Cowboyspin.webp\" alt=\"Cowboyspin login\" width=\"1248\" height=\"536\" srcset=\"https:\/\/cowboyspincasino.net\/wp-content\/uploads\/2026\/03\/Cowboyspin.webp 1248w, https:\/\/cowboyspincasino.net\/wp-content\/uploads\/2026\/03\/Cowboyspin-300x129.webp 300w, https:\/\/cowboyspincasino.net\/wp-content\/uploads\/2026\/03\/Cowboyspin-1024x440.webp 1024w, https:\/\/cowboyspincasino.net\/wp-content\/uploads\/2026\/03\/Cowboyspin-768x330.webp 768w\" sizes=\"auto, (max-width: 1248px) 100vw, 1248px\" \/><\/p>\n<h2>Korzystanie z konta Cowboyspin<\/h2>\n<p>Aby przej\u015b\u0107 do swojego profilu na naszej stronie, kliknij przycisk \u201eZaloguj si\u0119 do Cowboyspin\u201d; znajduje si\u0119 on obok przycisku rejestracji w prawym g\u00f3rnym rogu strony g\u0142\u00f3wnej. Najpierw podaj adres e-mail i has\u0142o, kt\u00f3rych u\u017cy\u0142e\u015b podczas rejestracji. Na koniec kliknij przycisk \u201eZaloguj si\u0119\u201d, a nast\u0119pnie zaloguj si\u0119 do swojego profilu.<\/p>\n<p>Posiadanie konta Cowboy Spin na platformie zapewnia dost\u0119p do wszystkich gier w bibliotece i daje mo\u017cliwo\u015b\u0107 grania na prawdziwe pieni\u0105dze. Zyskujesz r\u00f3wnie\u017c dost\u0119p do ofert bonusowych, turniej\u00f3w, misji i wielu innych dzia\u0142a\u0144 na prawdziwe pieni\u0105dze na stronie internetowej.<\/p>\n<p>Kolejn\u0105 wa\u017cn\u0105 zalet\u0105 posiadania zarejestrowanego konta na stronie jest mo\u017cliwo\u015b\u0107 wprowadzania zmian i dostosowywania ustawie\u0144:<\/p>\n<table>\n<tbody>\n<tr>\n<td>Funkcja<\/td>\n<td>Co mo\u017cesz zrobi\u0107<\/td>\n<\/tr>\n<tr>\n<td>Zarz\u0105dzanie danymi osobowymi<\/td>\n<td>Zmiana danych osobowych, takich jak has\u0142o lub szczeg\u00f3\u0142y konta<\/td>\n<\/tr>\n<tr>\n<td>Historia transakcji<\/td>\n<td>Przegl\u0105daj pe\u0142n\u0105 histori\u0119 wp\u0142at, wyp\u0142at i innych transakcji<\/td>\n<\/tr>\n<tr>\n<td>Uwierzytelnianie dwusk\u0142adnikowe (2FA)<\/td>\n<td>W\u0142\u0105cz dodatkowe zabezpieczenia, aby chroni\u0107 swoje konto<\/td>\n<\/tr>\n<tr>\n<td>Sekcja ulubionych<\/td>\n<td>Dodaj swoje ulubione gry do sekcji ulubionych, aby mie\u0107 do nich szybszy dost\u0119p<\/td>\n<\/tr>\n<tr>\n<td>Odpowiedzialna gra<\/td>\n<td>Dostosuj ustawienia i ustal limity, aby kontrolowa\u0107 swoj\u0105 gr\u0119<\/td>\n<\/tr>\n<\/tbody>\n<\/table>\n<h3>Weryfikacja profilu i bezpiecze\u0144stwo w kasynie Cowboyspin<\/h3>\n<p>W kasynie Cowboyspin stawiamy na bezpiecze\u0144stwo, dlatego dbamy o ochron\u0119 wszystkich informacji dotycz\u0105cych naszych u\u017cytkownik\u00f3w. Przestrzegamy surowych zasad, aby zapewni\u0107 bezpieczne \u015brodowisko na platformie. System \u201eKnow Your Customer\u201d (KYC) stanowi podstaw\u0119 naszych procedur bezpiecze\u0144stwa, maj\u0105cych na celu weryfikacj\u0119, czy wszyscy u\u017cytkownicy platformy s\u0105 prawdziwi i nie stanowi\u0105 zagro\u017cenia dla serwisu. Zawsze sprawdzamy to\u017csamo\u015b\u0107 naszych u\u017cytkownik\u00f3w, blokujemy fa\u0142szywe konta i nie zezwalamy na korzystanie z naszej strony internetowej osobom, kt\u00f3re nie osi\u0105gn\u0119\u0142y pe\u0142noletno\u015bci.<\/p>\n<p>W Cowboyspin wprowadzili\u015bmy r\u00f3wnie\u017c powa\u017cne \u015brodki bezpiecze\u0144stwa, aby chroni\u0107 stron\u0119 przed atakami haker\u00f3w i zapobiega\u0107 wyciekom danych. Oto \u015brodki, kt\u00f3re wprowadzili\u015bmy:<\/p>\n<ul>\n<li>Szyfrowanie TLS 1.3, kt\u00f3re zabezpiecza transmisj\u0119 danych.<\/li>\n<li>Certyfikat RNG, kt\u00f3ry gwarantuje uczciwo\u015b\u0107 gier.<\/li>\n<li>Uwierzytelnianie dwusk\u0142adnikowe, chroni\u0105ce konta graczy przed nieautoryzowanym dost\u0119pem.<\/li>\n<li>Weryfikacja KYC, kt\u00f3ra potwierdza to\u017csamo\u015b\u0107 gracza.<\/li>\n<li>Monitorowanie oszustw 24\/7 w celu wykrywania wszelkich podejrzanych dzia\u0142a\u0144.<\/li>\n<\/ul>\n<h3>Zapomnia\u0142e\u015b has\u0142a?<\/h3>\n<p>Cz\u0119sto zdarza si\u0119, \u017ce gracze zapominaj\u0105 has\u0142a do swoich kont. Mo\u017ce si\u0119 to zdarzy\u0107 w ka\u017cdej chwili, ale jest bardziej prawdopodobne, je\u015bli nie gra\u0142e\u015b przez jaki\u015b czas. Jednak w wi\u0119kszo\u015bci przypadk\u00f3w klienci po prostu wpisuj\u0105 swoje dane nieprawid\u0142owo. Najcz\u0119stszym b\u0142\u0119dem jest pomy\u0142ka przy wpisywaniu has\u0142a. Upewnij si\u0119, \u017ce wprowadzone informacje i ustawienia klawisza Caps Lock s\u0105 prawid\u0142owe.<\/p>\n<p>Je\u015bli to nie zadzia\u0142a, mo\u017cesz klikn\u0105\u0107 opcj\u0119 \u201eNie pami\u0119tasz has\u0142a?\u201d. Wpisz sw\u00f3j adres e-mail. Wy\u015blemy Ci link do zresetowania danych. Mo\u017cesz r\u00f3wnie\u017c skontaktowa\u0107 si\u0119 z zespo\u0142em pomocy technicznej w sprawie innych problem\u00f3w, je\u015bli nadal masz trudno\u015bci z logowaniem. Pomoc\u0105 s\u0142u\u017cy czat na \u017cywo i e-mail. Oferujemy wieloj\u0119zyczn\u0105 obs\u0142ug\u0119.<\/p>\n<h2>FAQ<\/h2>\n<h3>Jak przeprowadzi\u0107 proces weryfikacji konta?<\/h3>\n<p>Proces weryfikacji w Cowboy Spin jest naprawd\u0119 prosty; wystarczy dostarczy\u0107 kilka dokument\u00f3w, takich jak dow\u00f3d to\u017csamo\u015bci, potwierdzenie adresu zamieszkania i inne dane osobowe. Proces weryfikacji nie trwa d\u0142ugo, ale zalecamy przeprowadzenie go zaraz po rejestracji.<\/p>\n<h3>Jak zaktualizowa\u0107 has\u0142o lub adres e-mail?<\/h3>\n<p>W profilu Cowboyspin mo\u017cesz modyfikowa\u0107 dowolne dane osobowe. Wystarczy zalogowa\u0107 si\u0119 na swoje konto, znale\u017a\u0107 informacje, kt\u00f3re chcesz zmieni\u0107, a nast\u0119pnie wprowadzi\u0107 zmiany.<\/p>\n<h3>Czy mog\u0119 gra\u0107 bez konta?<\/h3>\n<p>Tak, w serwisie Cowboyspin mo\u017cna gra\u0107 bez konta. Nie b\u0119dzie jednak mo\u017cna gra\u0107 na prawdziwe pieni\u0105dze, a co za tym idzie \u2013 nie b\u0119dzie te\u017c mo\u017cliwo\u015bci wygrania \u017cadnych \u015brodk\u00f3w. Je\u015bli lubisz gra\u0107 w trybie demo, mo\u017cesz to robi\u0107 bez rejestracji.<\/p>\n<h3>Czy mo\u017cna za\u0142o\u017cy\u0107 wiele kont?<\/h3>\n<p>Niestety nie. Nie zezwalamy naszym u\u017cytkownikom na tworzenie wielu kont w Cowboy Spin. Zgodnie z naszymi zasadami ka\u017cdy gracz mo\u017ce posiada\u0107 tylko jedno konto. Je\u015bli z\u0142amiesz te zasady, zostaniesz zablokowany na platformie.<\/p>\n<\/div><\/div><\/p>\n","protected":false},"excerpt":{"rendered":"<p>Logowanie i rejestracja na koncie Cowboyspin Po zako\u0144czeniu rejestracji pierwszym krokiem, aby uzyska\u0107 dost\u0119p do swojego profilu na naszej stronie internetowej, jest Cowboyspin login. Oba procesy s\u0105 szybkie i wygodne, dzi\u0119ki czemu mo\u017cna je \u0142atwo przeprowadzi\u0107, nawet je\u015bli jeste\u015b nowym polskim u\u017cytkownikiem tej platformy.<\/p>\n","protected":false},"author":1,"featured_media":0,"parent":0,"menu_order":0,"comment_status":"closed","ping_status":"closed","template":"template-builder.php","meta":{"_acf_changed":false,"inline_featured_image":false,"footnotes":""},"class_list":["post-1486","page","type-page","status-publish","hentry"],"acf":[],"yoast_head":"<!-- This site is optimized with the Yoast SEO plugin v27.3 - https:\/\/yoast.com\/product\/yoast-seo-wordpress\/ -->\n<title>Cowboyspin Login | Bezpieczny dost\u0119p do konta i rejestracja<\/title>\n<meta name=\"description\" content=\"Twoje konto Cowboyspin to klucz do tysi\u0119cy gier. Zaloguj si\u0119, aby gra\u0107 lub zarejestruj nowe konto, przeprowad\u017a bezpieczn\u0105 weryfikacj\u0119, zarz\u0105dzaj swoimi \u015brodkami i skontaktuj si\u0119 z ca\u0142odobow\u0105 obs\u0142ug\u0105 klienta.\" \/>\n<meta name=\"robots\" content=\"index, follow, max-snippet:-1, max-image-preview:large, max-video-preview:-1\" \/>\n<link rel=\"canonical\" href=\"https:\/\/cowboyspincasino.net\/pl\/logowanie-i-rejestracja\/\" \/>\n<meta property=\"og:locale\" content=\"pl_PL\" \/>\n<meta property=\"og:type\" content=\"article\" \/>\n<meta property=\"og:title\" content=\"Cowboyspin Login | Bezpieczny dost\u0119p do konta i rejestracja\" \/>\n<meta property=\"og:description\" content=\"Twoje konto Cowboyspin to klucz do tysi\u0119cy gier. Zaloguj si\u0119, aby gra\u0107 lub zarejestruj nowe konto, przeprowad\u017a bezpieczn\u0105 weryfikacj\u0119, zarz\u0105dzaj swoimi \u015brodkami i skontaktuj si\u0119 z ca\u0142odobow\u0105 obs\u0142ug\u0105 klienta.\" \/>\n<meta property=\"og:url\" content=\"https:\/\/cowboyspincasino.net\/pl\/logowanie-i-rejestracja\/\" \/>\n<meta property=\"og:site_name\" content=\"cowboyspin\" \/>\n<meta property=\"article:modified_time\" content=\"2026-03-23T09:25:04+00:00\" \/>\n<meta name=\"twitter:card\" content=\"summary_large_image\" \/>\n<meta name=\"twitter:label1\" content=\"Est. reading time\" \/>\n\t<meta name=\"twitter:data1\" content=\"1 minute\" \/>\n<script type=\"application\/ld+json\" class=\"yoast-schema-graph\">{\"@context\":\"https:\\\/\\\/schema.org\",\"@graph\":[{\"@type\":\"WebPage\",\"@id\":\"https:\\\/\\\/cowboyspincasino.net\\\/pl\\\/logowanie-i-rejestracja\\\/\",\"url\":\"https:\\\/\\\/cowboyspincasino.net\\\/pl\\\/logowanie-i-rejestracja\\\/\",\"name\":\"Cowboyspin Login | Bezpieczny dost\u0119p do konta i rejestracja\",\"isPartOf\":{\"@id\":\"https:\\\/\\\/cowboyspincasino.net\\\/pl\\\/#website\"},\"datePublished\":\"2026-01-20T12:11:11+00:00\",\"dateModified\":\"2026-03-23T09:25:04+00:00\",\"description\":\"Twoje konto Cowboyspin to klucz do tysi\u0119cy gier. Zaloguj si\u0119, aby gra\u0107 lub zarejestruj nowe konto, przeprowad\u017a bezpieczn\u0105 weryfikacj\u0119, zarz\u0105dzaj swoimi \u015brodkami i skontaktuj si\u0119 z ca\u0142odobow\u0105 obs\u0142ug\u0105 klienta.\",\"breadcrumb\":{\"@id\":\"https:\\\/\\\/cowboyspincasino.net\\\/pl\\\/logowanie-i-rejestracja\\\/#breadcrumb\"},\"inLanguage\":\"pl-PL\",\"potentialAction\":[{\"@type\":\"ReadAction\",\"target\":[\"https:\\\/\\\/cowboyspincasino.net\\\/pl\\\/logowanie-i-rejestracja\\\/\"]}]},{\"@type\":\"BreadcrumbList\",\"@id\":\"https:\\\/\\\/cowboyspincasino.net\\\/pl\\\/logowanie-i-rejestracja\\\/#breadcrumb\",\"itemListElement\":[{\"@type\":\"ListItem\",\"position\":1,\"name\":\"Cowboyspin\",\"item\":\"https:\\\/\\\/cowboyspincasino.net\\\/pl\\\/\"},{\"@type\":\"ListItem\",\"position\":2,\"name\":\"Logowanie i rejestracja\"}]},{\"@type\":\"WebSite\",\"@id\":\"https:\\\/\\\/cowboyspincasino.net\\\/pl\\\/#website\",\"url\":\"https:\\\/\\\/cowboyspincasino.net\\\/pl\\\/\",\"name\":\"Cowboyspin\",\"description\":\"\",\"publisher\":{\"@id\":\"https:\\\/\\\/cowboyspincasino.net\\\/pl\\\/#organization\"},\"potentialAction\":[{\"@type\":\"SearchAction\",\"target\":{\"@type\":\"EntryPoint\",\"urlTemplate\":\"https:\\\/\\\/cowboyspincasino.net\\\/pl\\\/?s={search_term_string}\"},\"query-input\":{\"@type\":\"PropertyValueSpecification\",\"valueRequired\":true,\"valueName\":\"search_term_string\"}}],\"inLanguage\":\"pl-PL\"},{\"@type\":\"Organization\",\"@id\":\"https:\\\/\\\/cowboyspincasino.net\\\/pl\\\/#organization\",\"name\":\"Cowboyspin\",\"url\":\"https:\\\/\\\/cowboyspincasino.net\\\/pl\\\/\",\"logo\":{\"@type\":\"ImageObject\",\"inLanguage\":\"pl-PL\",\"@id\":\"https:\\\/\\\/cowboyspincasino.net\\\/pl\\\/#\\\/schema\\\/logo\\\/image\\\/\",\"url\":\"https:\\\/\\\/cowboyspincasino.net\\\/wp-content\\\/uploads\\\/2026\\\/03\\\/cowboyspin-logo.png\",\"contentUrl\":\"https:\\\/\\\/cowboyspincasino.net\\\/wp-content\\\/uploads\\\/2026\\\/03\\\/cowboyspin-logo.png\",\"width\":180,\"height\":66,\"caption\":\"Cowboyspin\"},\"image\":{\"@id\":\"https:\\\/\\\/cowboyspincasino.net\\\/pl\\\/#\\\/schema\\\/logo\\\/image\\\/\"}}]}<\/script>\n<!-- \/ Yoast SEO plugin. -->","yoast_head_json":{"title":"Cowboyspin Login | Bezpieczny dost\u0119p do konta i rejestracja","description":"Twoje konto Cowboyspin to klucz do tysi\u0119cy gier. Zaloguj si\u0119, aby gra\u0107 lub zarejestruj nowe konto, przeprowad\u017a bezpieczn\u0105 weryfikacj\u0119, zarz\u0105dzaj swoimi \u015brodkami i skontaktuj si\u0119 z ca\u0142odobow\u0105 obs\u0142ug\u0105 klienta.","robots":{"index":"index","follow":"follow","max-snippet":"max-snippet:-1","max-image-preview":"max-image-preview:large","max-video-preview":"max-video-preview:-1"},"canonical":"https:\/\/cowboyspincasino.net\/pl\/logowanie-i-rejestracja\/","og_locale":"pl_PL","og_type":"article","og_title":"Cowboyspin Login | Bezpieczny dost\u0119p do konta i rejestracja","og_description":"Twoje konto Cowboyspin to klucz do tysi\u0119cy gier. Zaloguj si\u0119, aby gra\u0107 lub zarejestruj nowe konto, przeprowad\u017a bezpieczn\u0105 weryfikacj\u0119, zarz\u0105dzaj swoimi \u015brodkami i skontaktuj si\u0119 z ca\u0142odobow\u0105 obs\u0142ug\u0105 klienta.","og_url":"https:\/\/cowboyspincasino.net\/pl\/logowanie-i-rejestracja\/","og_site_name":"cowboyspin","article_modified_time":"2026-03-23T09:25:04+00:00","twitter_card":"summary_large_image","twitter_misc":{"Est. reading time":"1 minute"},"schema":{"@context":"https:\/\/schema.org","@graph":[{"@type":"WebPage","@id":"https:\/\/cowboyspincasino.net\/pl\/logowanie-i-rejestracja\/","url":"https:\/\/cowboyspincasino.net\/pl\/logowanie-i-rejestracja\/","name":"Cowboyspin Login | Bezpieczny dost\u0119p do konta i rejestracja","isPartOf":{"@id":"https:\/\/cowboyspincasino.net\/pl\/#website"},"datePublished":"2026-01-20T12:11:11+00:00","dateModified":"2026-03-23T09:25:04+00:00","description":"Twoje konto Cowboyspin to klucz do tysi\u0119cy gier. Zaloguj si\u0119, aby gra\u0107 lub zarejestruj nowe konto, przeprowad\u017a bezpieczn\u0105 weryfikacj\u0119, zarz\u0105dzaj swoimi \u015brodkami i skontaktuj si\u0119 z ca\u0142odobow\u0105 obs\u0142ug\u0105 klienta.","breadcrumb":{"@id":"https:\/\/cowboyspincasino.net\/pl\/logowanie-i-rejestracja\/#breadcrumb"},"inLanguage":"pl-PL","potentialAction":[{"@type":"ReadAction","target":["https:\/\/cowboyspincasino.net\/pl\/logowanie-i-rejestracja\/"]}]},{"@type":"BreadcrumbList","@id":"https:\/\/cowboyspincasino.net\/pl\/logowanie-i-rejestracja\/#breadcrumb","itemListElement":[{"@type":"ListItem","position":1,"name":"Cowboyspin","item":"https:\/\/cowboyspincasino.net\/pl\/"},{"@type":"ListItem","position":2,"name":"Logowanie i rejestracja"}]},{"@type":"WebSite","@id":"https:\/\/cowboyspincasino.net\/pl\/#website","url":"https:\/\/cowboyspincasino.net\/pl\/","name":"Cowboyspin","description":"","publisher":{"@id":"https:\/\/cowboyspincasino.net\/pl\/#organization"},"potentialAction":[{"@type":"SearchAction","target":{"@type":"EntryPoint","urlTemplate":"https:\/\/cowboyspincasino.net\/pl\/?s={search_term_string}"},"query-input":{"@type":"PropertyValueSpecification","valueRequired":true,"valueName":"search_term_string"}}],"inLanguage":"pl-PL"},{"@type":"Organization","@id":"https:\/\/cowboyspincasino.net\/pl\/#organization","name":"Cowboyspin","url":"https:\/\/cowboyspincasino.net\/pl\/","logo":{"@type":"ImageObject","inLanguage":"pl-PL","@id":"https:\/\/cowboyspincasino.net\/pl\/#\/schema\/logo\/image\/","url":"https:\/\/cowboyspincasino.net\/wp-content\/uploads\/2026\/03\/cowboyspin-logo.png","contentUrl":"https:\/\/cowboyspincasino.net\/wp-content\/uploads\/2026\/03\/cowboyspin-logo.png","width":180,"height":66,"caption":"Cowboyspin"},"image":{"@id":"https:\/\/cowboyspincasino.net\/pl\/#\/schema\/logo\/image\/"}}]}},"_links":{"self":[{"href":"https:\/\/cowboyspincasino.net\/pl\/wp-json\/wp\/v2\/pages\/1486","targetHints":{"allow":["GET"]}}],"collection":[{"href":"https:\/\/cowboyspincasino.net\/pl\/wp-json\/wp\/v2\/pages"}],"about":[{"href":"https:\/\/cowboyspincasino.net\/pl\/wp-json\/wp\/v2\/types\/page"}],"author":[{"embeddable":true,"href":"https:\/\/cowboyspincasino.net\/pl\/wp-json\/wp\/v2\/users\/1"}],"replies":[{"embeddable":true,"href":"https:\/\/cowboyspincasino.net\/pl\/wp-json\/wp\/v2\/comments?post=1486"}],"version-history":[{"count":3,"href":"https:\/\/cowboyspincasino.net\/pl\/wp-json\/wp\/v2\/pages\/1486\/revisions"}],"predecessor-version":[{"id":2075,"href":"https:\/\/cowboyspincasino.net\/pl\/wp-json\/wp\/v2\/pages\/1486\/revisions\/2075"}],"wp:attachment":[{"href":"https:\/\/cowboyspincasino.net\/pl\/wp-json\/wp\/v2\/media?parent=1486"}],"curies":[{"name":"wp","href":"https:\/\/api.w.org\/{rel}","templated":true}]}}