{"id":1447,"date":"2026-01-20T12:08:23","date_gmt":"2026-01-20T12:08:23","guid":{"rendered":"https:\/\/bonuskongcasino.com\/app\/"},"modified":"2026-03-23T09:22:17","modified_gmt":"2026-03-23T09:22:17","slug":"aplikacja","status":"publish","type":"page","link":"https:\/\/cowboyspincasino.net\/pl\/aplikacja\/","title":{"rendered":"Aplikacja"},"content":{"rendered":"<h1>Aplikacja mobilna Cowboyspin<\/h1>\n<p>Je\u015bli jeste\u015b mi\u0142o\u015bnikiem gier mobilnych, kt\u00f3ry lubi gra\u0107 poza domem, Cowboyspin app jest dla Ciebie najlepszym wyborem. Nasze oprogramowanie oferuje ten sam interfejs i funkcjonalno\u015b\u0107 co wersja na komputery stacjonarne, ale jest dost\u0119pne na smartfony i tablety. Aplikacja jest dost\u0119pna zar\u00f3wno na systemach operacyjnych iOS, jak i Android, a tak\u017ce mo\u017cna j\u0105 zainstalowa\u0107 na komputerze stacjonarnym. Jest zoptymalizowana pod k\u0105tem mniejszych ekran\u00f3w i posiada t\u0119 sam\u0105 bibliotek\u0119 funkcji, co wersja przegl\u0105darkowa Cowboy Spin.<\/p>\n<div class=\"banner-wrap\" aria-label=\"Banner\"><img src=\"https:\/\/cowboyspincasino.net\/wp-content\/uploads\/2026\/03\/banner-desktop2x.webp\" class=\"w-100 d-none d-lg-block img-pc main-banner-img\" alt=\"Cowboyspin bonus desktop\" fetchpriority=\"high\" decoding=\"async\"><img src=\"https:\/\/cowboyspincasino.net\/wp-content\/uploads\/2026\/03\/banner-mobile2x.webp\" class=\"w-100 d-none d-md-block d-lg-none main-banner-img\" alt=\"Cowboyspin bonus mobile\" fetchpriority=\"high\" decoding=\"async\"><img src=\"https:\/\/cowboyspincasino.net\/wp-content\/uploads\/2026\/03\/banner-mobile2x.webp\" class=\"w-100 d-md-none\" alt=\"Cowboyspin bonus mobile\" fetchpriority=\"high\" decoding=\"async\"><div class=\"banner-description\">\n<div class=\"banner-title\">Bonusy powitalne<\/div>\n<p class=\"banner-header-title\">1500 \u20ac<\/p>\n<div class=\"banner-header-AdditionalText\">+ 250 Darmowe spiny<\/div>\n<button data-item=\"homepage_banner_link\" class=\"goto m-button m-gradient-border m-button--primary m-button--large banner-button btn-orange\">\n            <div class=\"m-button-content\">\n                <span>Zarejestruj si\u0119 teraz<\/span>\n                <span><\/span>\n            <\/div>\n        <\/button>\n<\/div>\n<div class=\"WelcomePack\">\n<p><img loading=\"lazy\" decoding=\"async\" class=\"alignnone size-full wp-image-1856\" src=\"https:\/\/cowboyspincasino.net\/wp-content\/uploads\/2026\/03\/welcome-crown.png\" alt=\"welcome crown\" width=\"25\" height=\"26\" \/><\/p>\n<div class=\"WelcomePack-Info\">Cotygodniowy zwrot got\u00f3wki do 25%<\/div>\n<p><img loading=\"lazy\" decoding=\"async\" class=\"alignnone size-full wp-image-1856\" src=\"https:\/\/cowboyspincasino.net\/wp-content\/uploads\/2026\/03\/welcome-crown.png\" alt=\"welcome crown\" width=\"25\" height=\"26\" \/><\/p>\n<\/div>\n<\/div>\n<h2>Zalety aplikacji mobilnej Cowboyspin<\/h2>\n<p>Aplikacja mobilna kasyna Cowboyspin to zoptymalizowana wersja strony internetowej, zaprojektowana z my\u015bl\u0105 o urz\u0105dzeniach mobilnych. Jest to PWA (Progressive Web App), dzi\u0119ki czemu proces instalacji jest \u0142atwiejszy i szybszy ni\u017c w przypadku tradycyjnych aplikacji. Nie ma potrzeby przeszukiwania sklep\u00f3w z aplikacjami, aby znale\u017a\u0107 nasz\u0105 aplikacj\u0119, poniewa\u017c instalacja odbywa si\u0119 bezpo\u015brednio przez stron\u0119 internetow\u0105 kasyna Cowboyspin. Aplikacja PWA aktualizuje si\u0119 automatycznie i wysy\u0142a regularne powiadomienia do polskich u\u017cytkownik\u00f3w, pozwalaj\u0105c im zawsze by\u0107 na bie\u017c\u0105co z aktualnymi ofertami.<\/p>\n<p>Korzystanie z wersji mobilnej ma wiele zalet w por\u00f3wnaniu z wersj\u0105 na komputery PC; oto najwa\u017cniejsze z nich:<\/p>\n<ul>\n<li>Mo\u017cliwo\u015b\u0107 gry w dowolnym miejscu<\/li>\n<li>Szybsze \u0142adowanie danych<\/li>\n<li>Regularne powiadomienia o ofertach<\/li>\n<li>\u0141atwa nawigacja na urz\u0105dzeniach mobilnych<\/li>\n<li>Natychmiastowy dost\u0119p do gier i bonus\u00f3w<\/li>\n<li>Optymalizacja, kt\u00f3ra nie wyczerpuje baterii<\/li>\n<\/ul>\n<p><div class=\"scrollable-content-wrap my-5\"><div class=\"scrollable-content-inner\"><h2>Aplikacja mobilna Cowboyspin na Androida<\/h2>\n<p>Aplikacja Cowboyspin jest dost\u0119pna na Androida za darmo i jest idealnie zoptymalizowana pod ten system operacyjny. U\u017cytkownicy r\u00f3\u017cnych urz\u0105dze\u0144 z systemem Android mog\u0105 j\u0105 \u0142atwo zainstalowa\u0107 i rozpocz\u0105\u0107 swoj\u0105 przygod\u0119 w kasynie online. Proces pobierania jest szybki; dotarcie do kasyna na telefonie zajmuje nie wi\u0119cej ni\u017c kilka minut.<\/p>\n<p>Po zako\u0144czeniu procedury Cowboy Spin pojawi si\u0119 na ekranie g\u0142\u00f3wnym gracza. Wystarczy na ni\u0105 klikn\u0105\u0107 i rozpocz\u0105\u0107 swoj\u0105 przygod\u0119 w kasynie. Za po\u015brednictwem mobilnej wersji platformy mo\u017cna przegl\u0105da\u0107 lobby i odbiera\u0107 bonusy, a tak\u017ce zarz\u0105dza\u0107 swoim profilem osobistym i korzysta\u0107 z wielu innych funkcji.<\/p>\n<h3>Instalacja PWA<\/h3>\n<p>Aplikacja PWA Cowboyspin jest bardzo wygodna. \u0141atwo j\u0105 pobra\u0107, poniewa\u017c wystarczy kilka krok\u00f3w, aby zainstalowa\u0107 j\u0105 na ekranie g\u0142\u00f3wnym. W por\u00f3wnaniu z innymi popularnymi aplikacjami, nasze oprogramowanie nie wymaga przechodzenia przez Google Play, aby je pobra\u0107, co przyspiesza proces. Po instalacji dzia\u0142a jak zwyk\u0142a aplikacja dost\u0119pna na ekranie g\u0142\u00f3wnym za pomoc\u0105 jednego klikni\u0119cia. Ponadto aktualizuje si\u0119 automatycznie w tle.<\/p>\n<p>Oto jak zainstalowa\u0107 oprogramowanie:<\/p>\n<ol>\n<li>U\u017cyj przegl\u0105darki Chrome, aby otworzy\u0107 Cowboy Spin.<\/li>\n<li>Naci\u015bnij trzy kropki, aby otworzy\u0107 menu.<\/li>\n<li>Wybierz \u201eDodaj do ekranu g\u0142\u00f3wnego\u201d.<\/li>\n<li>Aplikacja powinna zosta\u0107 dodana do ekranu g\u0142\u00f3wnego.<\/li>\n<\/ol>\n<h3>APK<\/h3>\n<p>Format APK jest wygodny i dost\u0119pny na wszystkich urz\u0105dzeniach z systemem Android, ale podczas tworzenia naszego oprogramowania zdecydowali\u015bmy si\u0119 na opcj\u0119 PWA. Aplikacja Cowboyspin zosta\u0142a specjalnie zaprojektowana jako PWA zamiast APK, aby u\u0142atwi\u0107 proces instalacji oraz przyspieszy\u0107 i u\u0142atwi\u0107 dost\u0119p do gier.<\/p>\n<p>Dzi\u0119ki takiemu podej\u015bciu gracze nie musz\u0105 pobiera\u0107 nieznanych plik\u00f3w ani zmienia\u0107 ustawie\u0144 zabezpiecze\u0144 swoich urz\u0105dze\u0144. Wszystko odbywa si\u0119 za po\u015brednictwem przegl\u0105darki w kilku krokach. Metoda ta eliminuje r\u00f3wnie\u017c konieczno\u015b\u0107 instalowania regularnych aktualizacji, poniewa\u017c aplikacja PWA robi to sama. Dzi\u0119ki temu formatowi u\u017cytkownicy zawsze maj\u0105 pod r\u0119k\u0105 najnowsz\u0105 wersj\u0119 Cowboy Spin.<\/p>\n<p><img loading=\"lazy\" decoding=\"async\" class=\"alignnone size-full wp-image-1936\" src=\"https:\/\/cowboyspincasino.net\/wp-content\/uploads\/2026\/03\/Cowboyspin-Android-App.webp\" alt=\"Cowboyspin Android App\" width=\"1248\" height=\"536\" srcset=\"https:\/\/cowboyspincasino.net\/wp-content\/uploads\/2026\/03\/Cowboyspin-Android-App.webp 1248w, https:\/\/cowboyspincasino.net\/wp-content\/uploads\/2026\/03\/Cowboyspin-Android-App-300x129.webp 300w, https:\/\/cowboyspincasino.net\/wp-content\/uploads\/2026\/03\/Cowboyspin-Android-App-1024x440.webp 1024w, https:\/\/cowboyspincasino.net\/wp-content\/uploads\/2026\/03\/Cowboyspin-Android-App-768x330.webp 768w\" sizes=\"auto, (max-width: 1248px) 100vw, 1248px\" \/><\/p>\n<\/div><\/div><div style=\"clear: both\"><\/div><div class=\"d-flex justify-content-center\"><button data-item=\"decouvrez_link\" data-group=\"website_links\" class=\"goto fw-bold rounded-pill btn btn-orange\" aria-label=\"Pobierz aplikacj\u0119 Cowboyspin\" >Pobierz aplikacj\u0119 Cowboyspin<\/button><\/div><div class=\"scrollable-content-wrap my-5\"><div class=\"scrollable-content-inner\"><h2>Aplikacja mobilna Cowboyspin na iOS<\/h2>\n<p>Pobieranie aplikacji Cowboyspin na iOS przebiega tak samo jak na urz\u0105dzeniach z Androidem. Nie musisz wchodzi\u0107 do App Store; wszystko za\u0142atwisz w przegl\u0105darce za pomoc\u0105 kilku klikni\u0119\u0107.<\/p>\n<p>Otw\u00f3rz Safari i przejd\u017a do strony Cowboyspin. Nast\u0119pnie wystarczy klikn\u0105\u0107 przycisk \u201eUdost\u0119pnij\u201d u do\u0142u przegl\u0105darki i wybra\u0107 z menu opcj\u0119 \u201eDodaj do ekranu g\u0142\u00f3wnego\u201d. Na koniec kliknij \u201eDodaj\u201d i nadaj aplikacji nazw\u0119; pojawi si\u0119 ona na ekranie g\u0142\u00f3wnym i mo\u017cesz zacz\u0105\u0107 gra\u0107. Mo\u017cesz od razu uruchomi\u0107 kasyno i uzyska\u0107 dost\u0119p do wszystkich ofert w Cowboy Spin, w tym automat\u00f3w online, promocji, turniej\u00f3w i wielu innych funkcji.<\/p>\n<p><img loading=\"lazy\" decoding=\"async\" class=\"alignnone size-full wp-image-1928\" src=\"https:\/\/cowboyspincasino.net\/wp-content\/uploads\/2026\/03\/Cowboyspin-iOS-App.webp\" alt=\"Cowboyspin iOS App\" width=\"1248\" height=\"536\" srcset=\"https:\/\/cowboyspincasino.net\/wp-content\/uploads\/2026\/03\/Cowboyspin-iOS-App.webp 1248w, https:\/\/cowboyspincasino.net\/wp-content\/uploads\/2026\/03\/Cowboyspin-iOS-App-300x129.webp 300w, https:\/\/cowboyspincasino.net\/wp-content\/uploads\/2026\/03\/Cowboyspin-iOS-App-1024x440.webp 1024w, https:\/\/cowboyspincasino.net\/wp-content\/uploads\/2026\/03\/Cowboyspin-iOS-App-768x330.webp 768w\" sizes=\"auto, (max-width: 1248px) 100vw, 1248px\" \/><\/p>\n<\/div><\/div><div style=\"clear: both\"><\/div><div class=\"d-flex justify-content-center\"><button data-item=\"decouvrez_link\" data-group=\"website_links\" class=\"goto fw-bold rounded-pill btn btn-orange\" aria-label=\"Pobierz Cowboyspin\" >Pobierz Cowboyspin<\/button><\/div><div class=\"scrollable-content-wrap my-5\"><div class=\"scrollable-content-inner\"><h2>Aplikacja na Windows i macOS<\/h2>\n<p>Aplikacja Cowboyspin jest dost\u0119pna nie tylko na urz\u0105dzeniach z systemem Android i iOS, ale tak\u017ce na komputerach stacjonarnych. Jest zoptymalizowana zar\u00f3wno pod k\u0105tem system\u00f3w macOS, jak i Windows, zapewniaj\u0105c u\u017cytkownikom platformy szybszy dost\u0119p do kasyna. Dzia\u0142a bez zarzutu na komputerach stacjonarnych, dostarczaj\u0105c graczom regularne powiadomienia o aktualnych ofertach i wydarzeniach.<\/p>\n<p>Aby pobra\u0107 nasze oprogramowanie na komputer, wejd\u017a na stron\u0119 Cowboy Spin i kliknij przycisk instalacji w pasku adresu; wygl\u0105da on jak strza\u0142ka. Proces ten jest taki sam niezale\u017cnie od systemu operacyjnego. Po zako\u0144czeniu ikona pojawi si\u0119 na ekranie g\u0142\u00f3wnym.<\/p>\n<p>Po instalacji Cowboyspin otwiera si\u0119 szybko i zapewnia dost\u0119p do funkcji kasyna bez konieczno\u015bci otwierania przegl\u0105darki.<\/p>\n<p><img loading=\"lazy\" decoding=\"async\" class=\"alignnone size-full wp-image-1944\" src=\"https:\/\/cowboyspincasino.net\/wp-content\/uploads\/2026\/03\/Cowboyspin-Desktop.webp\" alt=\"Cowboyspin Desktop\" width=\"1248\" height=\"536\" srcset=\"https:\/\/cowboyspincasino.net\/wp-content\/uploads\/2026\/03\/Cowboyspin-Desktop.webp 1248w, https:\/\/cowboyspincasino.net\/wp-content\/uploads\/2026\/03\/Cowboyspin-Desktop-300x129.webp 300w, https:\/\/cowboyspincasino.net\/wp-content\/uploads\/2026\/03\/Cowboyspin-Desktop-1024x440.webp 1024w, https:\/\/cowboyspincasino.net\/wp-content\/uploads\/2026\/03\/Cowboyspin-Desktop-768x330.webp 768w\" sizes=\"auto, (max-width: 1248px) 100vw, 1248px\" \/><\/p>\n<\/div><\/div><div style=\"clear: both\"><\/div><div class=\"d-flex justify-content-center\"><button data-item=\"decouvrez_link\" data-group=\"website_links\" class=\"goto fw-bold rounded-pill btn btn-orange\" aria-label=\"Pobierz aplikacj\u0119 Cowboyspin\" >Pobierz aplikacj\u0119 Cowboyspin<\/button><\/div><div class=\"scrollable-content-wrap my-5\"><div class=\"scrollable-content-inner\"><h2>FAQ<\/h2>\n<h3>Czy do korzystania z aplikacji Cowboyspin konieczne jest utworzenie konta?<\/h3>\n<p>Nie musisz koniecznie posiada\u0107 konta, aby porusza\u0107 si\u0119 po Cowboyspin, ale je\u015bli chcesz gra\u0107 w gry na prawdziwe pieni\u0105dze i czerpa\u0107 korzy\u015bci z bonus\u00f3w oraz innych dzia\u0142a\u0144, zdecydowanie musisz si\u0119 zarejestrowa\u0107. Ponadto konieczne b\u0119dzie przej\u015bcie przez proces weryfikacji.<\/p>\n<h3>Czy aplikacja Cowboyspin Casino oferuje obs\u0142ug\u0119 klienta?<\/h3>\n<p>Tak, obs\u0142uga klienta jest dost\u0119pna w aplikacji Cowboyspin, podobnie jak w wersji na komputery stacjonarne. Nasz zesp\u00f3\u0142 wsparcia jest dost\u0119pny 24 godziny na dob\u0119, 7 dni w tygodniu i mo\u017ce odpowiedzie\u0107 na wszystkie Twoje pytania. Mo\u017cesz skontaktowa\u0107 si\u0119 z nami za po\u015brednictwem czatu na \u017cywo lub poczty elektronicznej w dowolnym j\u0119zyku.<\/p>\n<h3>Jak mog\u0119 zaktualizowa\u0107 aplikacj\u0119 Cowboyspin Casino?<\/h3>\n<p>Aplikacja Cowboy Spin nie wymaga aktualizacji, poniewa\u017c aktualizuje si\u0119 automatycznie w tle. Oprogramowanie jest zawsze aktualne, bez wzgl\u0119du na wszystko.<\/p>\n<\/div><\/div><\/p>\n","protected":false},"excerpt":{"rendered":"<p>Aplikacja mobilna Cowboyspin Je\u015bli jeste\u015b mi\u0142o\u015bnikiem gier mobilnych, kt\u00f3ry lubi gra\u0107 poza domem, Cowboyspin app jest dla Ciebie najlepszym wyborem. Nasze oprogramowanie oferuje ten sam interfejs i funkcjonalno\u015b\u0107 co wersja na komputery stacjonarne, ale jest dost\u0119pne na smartfony i tablety. Aplikacja jest dost\u0119pna zar\u00f3wno na systemach operacyjnych iOS, jak i Android, a tak\u017ce mo\u017cna j\u0105 [&hellip;]<\/p>\n","protected":false},"author":1,"featured_media":0,"parent":0,"menu_order":0,"comment_status":"closed","ping_status":"closed","template":"template-builder.php","meta":{"_acf_changed":false,"inline_featured_image":false,"footnotes":""},"class_list":["post-1447","page","type-page","status-publish","hentry"],"acf":[],"yoast_head":"<!-- This site is optimized with the Yoast SEO plugin v27.3 - https:\/\/yoast.com\/product\/yoast-seo-wordpress\/ -->\n<title>Cowboyspin Aplikacja Casino | Pobierz na iOS i Androida<\/title>\n<meta name=\"description\" content=\"Zabierz kasyno ze sob\u0105! Pobierz aplikacj\u0119 Cowboyspin Casino na urz\u0105dzenie z systemem Android lub iOS, aby uzyska\u0107 natychmiastowy i \u0142atwy dost\u0119p do wszystkich swoich ulubionych gier w podr\u00f3\u017cy.\" \/>\n<meta name=\"robots\" content=\"index, follow, max-snippet:-1, max-image-preview:large, max-video-preview:-1\" \/>\n<link rel=\"canonical\" href=\"https:\/\/cowboyspincasino.net\/pl\/aplikacja\/\" \/>\n<meta property=\"og:locale\" content=\"pl_PL\" \/>\n<meta property=\"og:type\" content=\"article\" \/>\n<meta property=\"og:title\" content=\"Cowboyspin Aplikacja Casino | Pobierz na iOS i Androida\" \/>\n<meta property=\"og:description\" content=\"Zabierz kasyno ze sob\u0105! Pobierz aplikacj\u0119 Cowboyspin Casino na urz\u0105dzenie z systemem Android lub iOS, aby uzyska\u0107 natychmiastowy i \u0142atwy dost\u0119p do wszystkich swoich ulubionych gier w podr\u00f3\u017cy.\" \/>\n<meta property=\"og:url\" content=\"https:\/\/cowboyspincasino.net\/pl\/aplikacja\/\" \/>\n<meta property=\"og:site_name\" content=\"cowboyspin\" \/>\n<meta property=\"article:modified_time\" content=\"2026-03-23T09:22:17+00:00\" \/>\n<meta name=\"twitter:card\" content=\"summary_large_image\" \/>\n<meta name=\"twitter:label1\" content=\"Est. reading time\" \/>\n\t<meta name=\"twitter:data1\" content=\"1 minute\" \/>\n<script type=\"application\/ld+json\" class=\"yoast-schema-graph\">{\"@context\":\"https:\\\/\\\/schema.org\",\"@graph\":[{\"@type\":\"WebPage\",\"@id\":\"https:\\\/\\\/cowboyspincasino.net\\\/pl\\\/aplikacja\\\/\",\"url\":\"https:\\\/\\\/cowboyspincasino.net\\\/pl\\\/aplikacja\\\/\",\"name\":\"Cowboyspin Aplikacja Casino | Pobierz na iOS i Androida\",\"isPartOf\":{\"@id\":\"https:\\\/\\\/cowboyspincasino.net\\\/pl\\\/#website\"},\"datePublished\":\"2026-01-20T12:08:23+00:00\",\"dateModified\":\"2026-03-23T09:22:17+00:00\",\"description\":\"Zabierz kasyno ze sob\u0105! Pobierz aplikacj\u0119 Cowboyspin Casino na urz\u0105dzenie z systemem Android lub iOS, aby uzyska\u0107 natychmiastowy i \u0142atwy dost\u0119p do wszystkich swoich ulubionych gier w podr\u00f3\u017cy.\",\"breadcrumb\":{\"@id\":\"https:\\\/\\\/cowboyspincasino.net\\\/pl\\\/aplikacja\\\/#breadcrumb\"},\"inLanguage\":\"pl-PL\",\"potentialAction\":[{\"@type\":\"ReadAction\",\"target\":[\"https:\\\/\\\/cowboyspincasino.net\\\/pl\\\/aplikacja\\\/\"]}]},{\"@type\":\"BreadcrumbList\",\"@id\":\"https:\\\/\\\/cowboyspincasino.net\\\/pl\\\/aplikacja\\\/#breadcrumb\",\"itemListElement\":[{\"@type\":\"ListItem\",\"position\":1,\"name\":\"Cowboyspin\",\"item\":\"https:\\\/\\\/cowboyspincasino.net\\\/pl\\\/\"},{\"@type\":\"ListItem\",\"position\":2,\"name\":\"Aplikacja\"}]},{\"@type\":\"WebSite\",\"@id\":\"https:\\\/\\\/cowboyspincasino.net\\\/pl\\\/#website\",\"url\":\"https:\\\/\\\/cowboyspincasino.net\\\/pl\\\/\",\"name\":\"Cowboyspin\",\"description\":\"\",\"publisher\":{\"@id\":\"https:\\\/\\\/cowboyspincasino.net\\\/pl\\\/#organization\"},\"potentialAction\":[{\"@type\":\"SearchAction\",\"target\":{\"@type\":\"EntryPoint\",\"urlTemplate\":\"https:\\\/\\\/cowboyspincasino.net\\\/pl\\\/?s={search_term_string}\"},\"query-input\":{\"@type\":\"PropertyValueSpecification\",\"valueRequired\":true,\"valueName\":\"search_term_string\"}}],\"inLanguage\":\"pl-PL\"},{\"@type\":\"Organization\",\"@id\":\"https:\\\/\\\/cowboyspincasino.net\\\/pl\\\/#organization\",\"name\":\"Cowboyspin\",\"url\":\"https:\\\/\\\/cowboyspincasino.net\\\/pl\\\/\",\"logo\":{\"@type\":\"ImageObject\",\"inLanguage\":\"pl-PL\",\"@id\":\"https:\\\/\\\/cowboyspincasino.net\\\/pl\\\/#\\\/schema\\\/logo\\\/image\\\/\",\"url\":\"https:\\\/\\\/cowboyspincasino.net\\\/wp-content\\\/uploads\\\/2026\\\/03\\\/cowboyspin-logo.png\",\"contentUrl\":\"https:\\\/\\\/cowboyspincasino.net\\\/wp-content\\\/uploads\\\/2026\\\/03\\\/cowboyspin-logo.png\",\"width\":180,\"height\":66,\"caption\":\"Cowboyspin\"},\"image\":{\"@id\":\"https:\\\/\\\/cowboyspincasino.net\\\/pl\\\/#\\\/schema\\\/logo\\\/image\\\/\"}}]}<\/script>\n<!-- \/ Yoast SEO plugin. -->","yoast_head_json":{"title":"Cowboyspin Aplikacja Casino | Pobierz na iOS i Androida","description":"Zabierz kasyno ze sob\u0105! Pobierz aplikacj\u0119 Cowboyspin Casino na urz\u0105dzenie z systemem Android lub iOS, aby uzyska\u0107 natychmiastowy i \u0142atwy dost\u0119p do wszystkich swoich ulubionych gier w podr\u00f3\u017cy.","robots":{"index":"index","follow":"follow","max-snippet":"max-snippet:-1","max-image-preview":"max-image-preview:large","max-video-preview":"max-video-preview:-1"},"canonical":"https:\/\/cowboyspincasino.net\/pl\/aplikacja\/","og_locale":"pl_PL","og_type":"article","og_title":"Cowboyspin Aplikacja Casino | Pobierz na iOS i Androida","og_description":"Zabierz kasyno ze sob\u0105! Pobierz aplikacj\u0119 Cowboyspin Casino na urz\u0105dzenie z systemem Android lub iOS, aby uzyska\u0107 natychmiastowy i \u0142atwy dost\u0119p do wszystkich swoich ulubionych gier w podr\u00f3\u017cy.","og_url":"https:\/\/cowboyspincasino.net\/pl\/aplikacja\/","og_site_name":"cowboyspin","article_modified_time":"2026-03-23T09:22:17+00:00","twitter_card":"summary_large_image","twitter_misc":{"Est. reading time":"1 minute"},"schema":{"@context":"https:\/\/schema.org","@graph":[{"@type":"WebPage","@id":"https:\/\/cowboyspincasino.net\/pl\/aplikacja\/","url":"https:\/\/cowboyspincasino.net\/pl\/aplikacja\/","name":"Cowboyspin Aplikacja Casino | Pobierz na iOS i Androida","isPartOf":{"@id":"https:\/\/cowboyspincasino.net\/pl\/#website"},"datePublished":"2026-01-20T12:08:23+00:00","dateModified":"2026-03-23T09:22:17+00:00","description":"Zabierz kasyno ze sob\u0105! Pobierz aplikacj\u0119 Cowboyspin Casino na urz\u0105dzenie z systemem Android lub iOS, aby uzyska\u0107 natychmiastowy i \u0142atwy dost\u0119p do wszystkich swoich ulubionych gier w podr\u00f3\u017cy.","breadcrumb":{"@id":"https:\/\/cowboyspincasino.net\/pl\/aplikacja\/#breadcrumb"},"inLanguage":"pl-PL","potentialAction":[{"@type":"ReadAction","target":["https:\/\/cowboyspincasino.net\/pl\/aplikacja\/"]}]},{"@type":"BreadcrumbList","@id":"https:\/\/cowboyspincasino.net\/pl\/aplikacja\/#breadcrumb","itemListElement":[{"@type":"ListItem","position":1,"name":"Cowboyspin","item":"https:\/\/cowboyspincasino.net\/pl\/"},{"@type":"ListItem","position":2,"name":"Aplikacja"}]},{"@type":"WebSite","@id":"https:\/\/cowboyspincasino.net\/pl\/#website","url":"https:\/\/cowboyspincasino.net\/pl\/","name":"Cowboyspin","description":"","publisher":{"@id":"https:\/\/cowboyspincasino.net\/pl\/#organization"},"potentialAction":[{"@type":"SearchAction","target":{"@type":"EntryPoint","urlTemplate":"https:\/\/cowboyspincasino.net\/pl\/?s={search_term_string}"},"query-input":{"@type":"PropertyValueSpecification","valueRequired":true,"valueName":"search_term_string"}}],"inLanguage":"pl-PL"},{"@type":"Organization","@id":"https:\/\/cowboyspincasino.net\/pl\/#organization","name":"Cowboyspin","url":"https:\/\/cowboyspincasino.net\/pl\/","logo":{"@type":"ImageObject","inLanguage":"pl-PL","@id":"https:\/\/cowboyspincasino.net\/pl\/#\/schema\/logo\/image\/","url":"https:\/\/cowboyspincasino.net\/wp-content\/uploads\/2026\/03\/cowboyspin-logo.png","contentUrl":"https:\/\/cowboyspincasino.net\/wp-content\/uploads\/2026\/03\/cowboyspin-logo.png","width":180,"height":66,"caption":"Cowboyspin"},"image":{"@id":"https:\/\/cowboyspincasino.net\/pl\/#\/schema\/logo\/image\/"}}]}},"_links":{"self":[{"href":"https:\/\/cowboyspincasino.net\/pl\/wp-json\/wp\/v2\/pages\/1447","targetHints":{"allow":["GET"]}}],"collection":[{"href":"https:\/\/cowboyspincasino.net\/pl\/wp-json\/wp\/v2\/pages"}],"about":[{"href":"https:\/\/cowboyspincasino.net\/pl\/wp-json\/wp\/v2\/types\/page"}],"author":[{"embeddable":true,"href":"https:\/\/cowboyspincasino.net\/pl\/wp-json\/wp\/v2\/users\/1"}],"replies":[{"embeddable":true,"href":"https:\/\/cowboyspincasino.net\/pl\/wp-json\/wp\/v2\/comments?post=1447"}],"version-history":[{"count":3,"href":"https:\/\/cowboyspincasino.net\/pl\/wp-json\/wp\/v2\/pages\/1447\/revisions"}],"predecessor-version":[{"id":2073,"href":"https:\/\/cowboyspincasino.net\/pl\/wp-json\/wp\/v2\/pages\/1447\/revisions\/2073"}],"wp:attachment":[{"href":"https:\/\/cowboyspincasino.net\/pl\/wp-json\/wp\/v2\/media?parent=1447"}],"curies":[{"name":"wp","href":"https:\/\/api.w.org\/{rel}","templated":true}]}}