{"id":1485,"date":"2026-01-20T12:11:11","date_gmt":"2026-01-20T12:11:11","guid":{"rendered":"https:\/\/bonuskongcasino.com\/login-and-registration\/"},"modified":"2026-03-23T08:45:25","modified_gmt":"2026-03-23T08:45:25","slug":"accesso-e-registrazione","status":"publish","type":"page","link":"https:\/\/cowboyspincasino.net\/it\/accesso-e-registrazione\/","title":{"rendered":"Accesso e registrazione"},"content":{"rendered":"<h1>Accesso e registrazione all&#8217;account Cowboyspin<\/h1>\n<p>Una volta completata la procedura di registrazione, il primo passo per accedere al tuo profilo sul nostro sito web \u00e8 effettuare il Cowboyspin login. Entrambe le procedure sono rapide e intuitive, quindi facili da completare anche se sei un nuovo utente italiano della piattaforma.<\/p>\n<p><div class=\"banner-wrap\" aria-label=\"Banner\"><img src=\"https:\/\/cowboyspincasino.net\/wp-content\/uploads\/2026\/03\/banner-desktop2x.webp\" class=\"w-100 d-none d-lg-block img-pc main-banner-img\" alt=\"Cowboyspin bonus desktop\" fetchpriority=\"high\" decoding=\"async\"><img src=\"https:\/\/cowboyspincasino.net\/wp-content\/uploads\/2026\/03\/banner-mobile2x.webp\" class=\"w-100 d-none d-md-block d-lg-none main-banner-img\" alt=\"Cowboyspin bonus mobile\" fetchpriority=\"high\" decoding=\"async\"><img src=\"https:\/\/cowboyspincasino.net\/wp-content\/uploads\/2026\/03\/banner-mobile2x.webp\" class=\"w-100 d-md-none\" alt=\"Cowboyspin bonus mobile\" fetchpriority=\"high\" decoding=\"async\"><div class=\"banner-description\">\n<div class=\"banner-title\">Bonus di benvenuto<\/div>\n<p class=\"banner-header-title\">1500 \u20ac<\/p>\n<div class=\"banner-header-AdditionalText\">+ 250 Giri gratuiti<\/div>\n<button data-item=\"homepage_banner_link\" class=\"goto m-button m-gradient-border m-button--primary m-button--large banner-button btn-orange\">\n            <div class=\"m-button-content\">\n                <span>Iscriviti ora<\/span>\n                <span><\/span>\n            <\/div>\n        <\/button>\n<\/div>\n<div class=\"WelcomePack\">\n<p><img loading=\"lazy\" decoding=\"async\" class=\"alignnone size-full wp-image-1855\" src=\"https:\/\/cowboyspincasino.net\/wp-content\/uploads\/2026\/03\/welcome-crown.png\" alt=\"welcome crown\" width=\"25\" height=\"26\" \/><\/p>\n<div class=\"WelcomePack-Info\">Cashback settimanale fino al 25%<\/div>\n<p><img loading=\"lazy\" decoding=\"async\" class=\"alignnone size-full wp-image-1855\" src=\"https:\/\/cowboyspincasino.net\/wp-content\/uploads\/2026\/03\/welcome-crown.png\" alt=\"welcome crown\" width=\"25\" height=\"26\" \/><\/p>\n<\/div>\n<\/div><div class=\"scrollable-content-wrap my-5\"><div class=\"scrollable-content-inner\"><h2>Registrazione dell&#8217;account Cowboy Spin<\/h2>\n<p>Se hai navigato abbastanza su Cowboyspin da decidere di creare un account, dovrai seguire la procedura di registrazione. Si tratta di un passo essenziale per iniziare a giocare sul sito web poich\u00e9, senza un account, non potrai effettuare depositi sulla nostra piattaforma e vincere denaro reale mentre giochi.<\/p>\n<h3>Crea il tuo profilo<\/h3>\n<p>La registrazione di un account sul sito web di Cowboyspin Casino richiede solo pochi minuti ed \u00e8 abbastanza semplice anche per chi non ha mai giocato online. Devi solo inserire alcune informazioni e completare la procedura. Ecco una breve guida su come registrarti passo dopo passo:<\/p>\n<ol>\n<li>Tocca il pulsante &#8220;Registrati&#8221; nell&#8217;angolo a destra.<\/li>\n<li>Inserisci il tuo indirizzo e-mail.<\/li>\n<li>Crea una password.<\/li>\n<li>Inserisci un codice promozionale, se ne hai uno.<\/li>\n<li>Conferma di avere pi\u00f9 di 18 anni.<\/li>\n<li>Tocca il pulsante di conferma per completare la procedura.<\/li>\n<\/ol>\n<p><img loading=\"lazy\" decoding=\"async\" class=\"alignnone size-full wp-image-1951\" src=\"https:\/\/cowboyspincasino.net\/wp-content\/uploads\/2026\/03\/Cowboyspin.webp\" alt=\"Cowboyspin login\" width=\"1248\" height=\"536\" srcset=\"https:\/\/cowboyspincasino.net\/wp-content\/uploads\/2026\/03\/Cowboyspin.webp 1248w, https:\/\/cowboyspincasino.net\/wp-content\/uploads\/2026\/03\/Cowboyspin-300x129.webp 300w, https:\/\/cowboyspincasino.net\/wp-content\/uploads\/2026\/03\/Cowboyspin-1024x440.webp 1024w, https:\/\/cowboyspincasino.net\/wp-content\/uploads\/2026\/03\/Cowboyspin-768x330.webp 768w\" sizes=\"auto, (max-width: 1248px) 100vw, 1248px\" \/><\/p>\n<h2>Utilizzo di un account Cowboyspin<\/h2>\n<p>Per accedere al tuo profilo personale sul nostro sito web, clicca sul pulsante &#8220;Accedi a Cowboyspin&#8221;; si trova vicino al pulsante di registrazione nell&#8217;angolo in alto a destra della pagina principale. Per prima cosa, inserisci l&#8217;indirizzo e-mail e la password che hai utilizzato per registrarti. Per finire, tocca il pulsante &#8220;Accedi&#8221; e potrai accedere al tuo profilo.<\/p>\n<p>Avere un account Cowboy Spin sulla piattaforma ti d\u00e0 accesso a tutti i giochi della libreria e ti offre la possibilit\u00e0 di giocarci con denaro reale. Avrai anche accesso a offerte bonus, tornei, missioni e molte altre attivit\u00e0 con denaro reale sul sito web.<\/p>\n<p>Un altro importante vantaggio di avere un account registrato sul sito \u00e8 che puoi apportare modifiche e personalizzazioni:<\/p>\n<table>\n<tbody>\n<tr>\n<td>Funzionalit\u00e0<\/td>\n<td>Cosa puoi fare<\/td>\n<\/tr>\n<tr>\n<td>Gestione dei dati personali<\/td>\n<td>Modificare le informazioni personali come la password o i dettagli dell&#8217;account<\/td>\n<\/tr>\n<tr>\n<td>Cronologia delle transazioni<\/td>\n<td>Visualizza la cronologia completa di depositi, prelievi e altre transazioni<\/td>\n<\/tr>\n<tr>\n<td>Autenticazione a due fattori (2FA)<\/td>\n<td>Attiva una sicurezza aggiuntiva per proteggere il tuo account<\/td>\n<\/tr>\n<tr>\n<td>Sezione Preferiti<\/td>\n<td>Aggiungi i tuoi giochi preferiti ai preferiti per un accesso pi\u00f9 rapido<\/td>\n<\/tr>\n<tr>\n<td>Gioco responsabile<\/td>\n<td>Modifica le impostazioni e stabilisci dei limiti per la tua esperienza<\/td>\n<\/tr>\n<\/tbody>\n<\/table>\n<h3>Verifica del profilo e sicurezza su Cowboyspin Casino<\/h3>\n<p>Noi di Cowboyspin Casino puntiamo sulla sicurezza, ed \u00e8 per questo che proteggiamo tutte le informazioni dei nostri utenti. Seguiamo regole rigide per mantenere un ambiente sicuro all&#8217;interno della piattaforma. Il sistema Know Your Customer (KYC) \u00e8 al centro delle nostre procedure di sicurezza per verificare che tutti gli utenti della piattaforma siano reali e non rappresentino un rischio per il sito. Controlliamo sempre l&#8217;identit\u00e0 dei nostri utenti, blocchiamo gli account fraudolenti e non ti permettiamo di utilizzare il nostro sito web se non hai l&#8217;et\u00e0 legale.<\/p>\n<p>Abbiamo inoltre adottato misure di sicurezza rigorose su Cowboyspin per proteggere il sito web dagli attacchi degli hacker e prevenire la fuga di dati. Ecco le misure che abbiamo messo in atto:<\/p>\n<ul>\n<li>Crittografia TLS 1.3 che protegge la trasmissione dei dati.<\/li>\n<li>Certificazione RNG per garantire l&#8217;equit\u00e0 dei giochi.<\/li>\n<li>Autenticazione a due fattori per proteggere gli account dei giocatori da accessi non autorizzati.<\/li>\n<li>Verifica KYC per accertare l&#8217;identit\u00e0 del giocatore.<\/li>\n<li>Monitoraggio delle frodi 24 ore su 24, 7 giorni su 7, per rilevare qualsiasi attivit\u00e0 sospetta.<\/li>\n<\/ul>\n<h3>Hai dimenticato la password?<\/h3>\n<p>Spesso i giocatori dimenticano le password dei loro account. Pu\u00f2 succedere in qualsiasi momento, ma \u00e8 pi\u00f9 probabile che accada se non giochi da un po&#8217;. Tuttavia, nella maggior parte dei casi, gli utenti digitano semplicemente le informazioni in modo errato. L&#8217;errore pi\u00f9 comune \u00e8 quello di digitare la password in modo errato. Assicurati che le informazioni inserite e le impostazioni del tasto Caps Lock siano corrette.<\/p>\n<p>Se non funziona, puoi cliccare sull&#8217;opzione &#8220;Hai dimenticato la password?&#8221;. Inserisci il tuo indirizzo e-mail. Ti invieremo un link per reimpostare i dati. Puoi anche contattare il Team di Assistenza per altri problemi se hai ancora difficolt\u00e0 ad accedere. La chat live e l&#8217;e-mail possono aiutarti. Offriamo assistenza multilingue.<\/p>\n<h2>Domande frequenti<\/h2>\n<h3>Come posso completare il processo di verifica dell&#8217;account?<\/h3>\n<p>Il processo di verifica di Cowboy Spin \u00e8 davvero semplice da completare; devi solo fornire alcuni documenti, come un documento d&#8217;identit\u00e0, una prova di residenza e altri dati personali. Il processo di revisione non richiede molto tempo, ma ti consigliamo di farlo non appena ti registri.<\/p>\n<h3>Come si aggiorna la password o l&#8217;indirizzo e-mail?<\/h3>\n<p>Puoi modificare qualsiasi informazione personale nel tuo profilo Cowboyspin. Basta accedere al tuo account, trovare le informazioni che desideri modificare e poi apportare le modifiche.<\/p>\n<h3>Posso giocare senza un account?<\/h3>\n<p>S\u00ec, su Cowboyspin \u00e8 possibile giocare senza un account. Tuttavia, non potrai giocare con soldi veri e, di conseguenza, non potrai nemmeno vincere nulla. Se ti piace giocare in modalit\u00e0 demo, puoi farlo senza registrarti.<\/p>\n<h3>\u00c8 possibile creare pi\u00f9 account?<\/h3>\n<p>Purtroppo no. Non permettiamo ai nostri utenti di creare pi\u00f9 account su Cowboy Spin. Le nostre regole stabiliscono che ogni giocatore possa avere un solo account. Se violi le regole, verrai bannato dalla piattaforma.<\/p>\n<\/div><\/div><\/p>\n","protected":false},"excerpt":{"rendered":"<p>Accesso e registrazione all&#8217;account Cowboyspin Una volta completata la procedura di registrazione, il primo passo per accedere al tuo profilo sul nostro sito web \u00e8 effettuare il Cowboyspin login. Entrambe le procedure sono rapide e intuitive, quindi facili da completare anche se sei un nuovo utente italiano della piattaforma.<\/p>\n","protected":false},"author":1,"featured_media":0,"parent":0,"menu_order":0,"comment_status":"closed","ping_status":"closed","template":"template-builder.php","meta":{"_acf_changed":false,"inline_featured_image":false,"footnotes":""},"class_list":["post-1485","page","type-page","status-publish","hentry"],"acf":[],"yoast_head":"<!-- This site is optimized with the Yoast SEO plugin v27.3 - https:\/\/yoast.com\/product\/yoast-seo-wordpress\/ -->\n<title>Cowboyspin Login | Accesso sicuro all&#039;account e registrazione<\/title>\n<meta name=\"description\" content=\"Il tuo login Cowboyspin \u00e8 la chiave per accedere a migliaia di giochi. Effettua il login per giocare o registrare un nuovo account, completare la verifica di sicurezza, gestire i tuoi fondi e contattare l&#039;assistenza 24 ore su 24, 7 giorni su 7.\" \/>\n<meta name=\"robots\" content=\"index, follow, max-snippet:-1, max-image-preview:large, max-video-preview:-1\" \/>\n<link rel=\"canonical\" href=\"https:\/\/cowboyspincasino.net\/it\/accesso-e-registrazione\/\" \/>\n<meta property=\"og:locale\" content=\"it_IT\" \/>\n<meta property=\"og:type\" content=\"article\" \/>\n<meta property=\"og:title\" content=\"Cowboyspin Login | Accesso sicuro all&#039;account e registrazione\" \/>\n<meta property=\"og:description\" content=\"Il tuo login Cowboyspin \u00e8 la chiave per accedere a migliaia di giochi. Effettua il login per giocare o registrare un nuovo account, completare la verifica di sicurezza, gestire i tuoi fondi e contattare l&#039;assistenza 24 ore su 24, 7 giorni su 7.\" \/>\n<meta property=\"og:url\" content=\"https:\/\/cowboyspincasino.net\/it\/accesso-e-registrazione\/\" \/>\n<meta property=\"og:site_name\" content=\"cowboyspin\" \/>\n<meta property=\"article:modified_time\" content=\"2026-03-23T08:45:25+00:00\" \/>\n<meta name=\"twitter:card\" content=\"summary_large_image\" \/>\n<meta name=\"twitter:label1\" content=\"Est. reading time\" \/>\n\t<meta name=\"twitter:data1\" content=\"1 minute\" \/>\n<script type=\"application\/ld+json\" class=\"yoast-schema-graph\">{\"@context\":\"https:\\\/\\\/schema.org\",\"@graph\":[{\"@type\":\"WebPage\",\"@id\":\"https:\\\/\\\/cowboyspincasino.net\\\/it\\\/accesso-e-registrazione\\\/\",\"url\":\"https:\\\/\\\/cowboyspincasino.net\\\/it\\\/accesso-e-registrazione\\\/\",\"name\":\"Cowboyspin Login | Accesso sicuro all'account e registrazione\",\"isPartOf\":{\"@id\":\"https:\\\/\\\/cowboyspincasino.net\\\/it\\\/#website\"},\"datePublished\":\"2026-01-20T12:11:11+00:00\",\"dateModified\":\"2026-03-23T08:45:25+00:00\",\"description\":\"Il tuo login Cowboyspin \u00e8 la chiave per accedere a migliaia di giochi. Effettua il login per giocare o registrare un nuovo account, completare la verifica di sicurezza, gestire i tuoi fondi e contattare l'assistenza 24 ore su 24, 7 giorni su 7.\",\"breadcrumb\":{\"@id\":\"https:\\\/\\\/cowboyspincasino.net\\\/it\\\/accesso-e-registrazione\\\/#breadcrumb\"},\"inLanguage\":\"it-IT\",\"potentialAction\":[{\"@type\":\"ReadAction\",\"target\":[\"https:\\\/\\\/cowboyspincasino.net\\\/it\\\/accesso-e-registrazione\\\/\"]}]},{\"@type\":\"BreadcrumbList\",\"@id\":\"https:\\\/\\\/cowboyspincasino.net\\\/it\\\/accesso-e-registrazione\\\/#breadcrumb\",\"itemListElement\":[{\"@type\":\"ListItem\",\"position\":1,\"name\":\"Cowboyspin\",\"item\":\"https:\\\/\\\/cowboyspincasino.net\\\/it\\\/\"},{\"@type\":\"ListItem\",\"position\":2,\"name\":\"Accesso e registrazione\"}]},{\"@type\":\"WebSite\",\"@id\":\"https:\\\/\\\/cowboyspincasino.net\\\/it\\\/#website\",\"url\":\"https:\\\/\\\/cowboyspincasino.net\\\/it\\\/\",\"name\":\"Cowboyspin\",\"description\":\"\",\"publisher\":{\"@id\":\"https:\\\/\\\/cowboyspincasino.net\\\/it\\\/#organization\"},\"potentialAction\":[{\"@type\":\"SearchAction\",\"target\":{\"@type\":\"EntryPoint\",\"urlTemplate\":\"https:\\\/\\\/cowboyspincasino.net\\\/it\\\/?s={search_term_string}\"},\"query-input\":{\"@type\":\"PropertyValueSpecification\",\"valueRequired\":true,\"valueName\":\"search_term_string\"}}],\"inLanguage\":\"it-IT\"},{\"@type\":\"Organization\",\"@id\":\"https:\\\/\\\/cowboyspincasino.net\\\/it\\\/#organization\",\"name\":\"Cowboyspin\",\"url\":\"https:\\\/\\\/cowboyspincasino.net\\\/it\\\/\",\"logo\":{\"@type\":\"ImageObject\",\"inLanguage\":\"it-IT\",\"@id\":\"https:\\\/\\\/cowboyspincasino.net\\\/it\\\/#\\\/schema\\\/logo\\\/image\\\/\",\"url\":\"https:\\\/\\\/cowboyspincasino.net\\\/wp-content\\\/uploads\\\/2026\\\/03\\\/cowboyspin-logo.png\",\"contentUrl\":\"https:\\\/\\\/cowboyspincasino.net\\\/wp-content\\\/uploads\\\/2026\\\/03\\\/cowboyspin-logo.png\",\"width\":180,\"height\":66,\"caption\":\"Cowboyspin\"},\"image\":{\"@id\":\"https:\\\/\\\/cowboyspincasino.net\\\/it\\\/#\\\/schema\\\/logo\\\/image\\\/\"}}]}<\/script>\n<!-- \/ Yoast SEO plugin. -->","yoast_head_json":{"title":"Cowboyspin Login | Accesso sicuro all'account e registrazione","description":"Il tuo login Cowboyspin \u00e8 la chiave per accedere a migliaia di giochi. Effettua il login per giocare o registrare un nuovo account, completare la verifica di sicurezza, gestire i tuoi fondi e contattare l'assistenza 24 ore su 24, 7 giorni su 7.","robots":{"index":"index","follow":"follow","max-snippet":"max-snippet:-1","max-image-preview":"max-image-preview:large","max-video-preview":"max-video-preview:-1"},"canonical":"https:\/\/cowboyspincasino.net\/it\/accesso-e-registrazione\/","og_locale":"it_IT","og_type":"article","og_title":"Cowboyspin Login | Accesso sicuro all'account e registrazione","og_description":"Il tuo login Cowboyspin \u00e8 la chiave per accedere a migliaia di giochi. Effettua il login per giocare o registrare un nuovo account, completare la verifica di sicurezza, gestire i tuoi fondi e contattare l'assistenza 24 ore su 24, 7 giorni su 7.","og_url":"https:\/\/cowboyspincasino.net\/it\/accesso-e-registrazione\/","og_site_name":"cowboyspin","article_modified_time":"2026-03-23T08:45:25+00:00","twitter_card":"summary_large_image","twitter_misc":{"Est. reading time":"1 minute"},"schema":{"@context":"https:\/\/schema.org","@graph":[{"@type":"WebPage","@id":"https:\/\/cowboyspincasino.net\/it\/accesso-e-registrazione\/","url":"https:\/\/cowboyspincasino.net\/it\/accesso-e-registrazione\/","name":"Cowboyspin Login | Accesso sicuro all'account e registrazione","isPartOf":{"@id":"https:\/\/cowboyspincasino.net\/it\/#website"},"datePublished":"2026-01-20T12:11:11+00:00","dateModified":"2026-03-23T08:45:25+00:00","description":"Il tuo login Cowboyspin \u00e8 la chiave per accedere a migliaia di giochi. Effettua il login per giocare o registrare un nuovo account, completare la verifica di sicurezza, gestire i tuoi fondi e contattare l'assistenza 24 ore su 24, 7 giorni su 7.","breadcrumb":{"@id":"https:\/\/cowboyspincasino.net\/it\/accesso-e-registrazione\/#breadcrumb"},"inLanguage":"it-IT","potentialAction":[{"@type":"ReadAction","target":["https:\/\/cowboyspincasino.net\/it\/accesso-e-registrazione\/"]}]},{"@type":"BreadcrumbList","@id":"https:\/\/cowboyspincasino.net\/it\/accesso-e-registrazione\/#breadcrumb","itemListElement":[{"@type":"ListItem","position":1,"name":"Cowboyspin","item":"https:\/\/cowboyspincasino.net\/it\/"},{"@type":"ListItem","position":2,"name":"Accesso e registrazione"}]},{"@type":"WebSite","@id":"https:\/\/cowboyspincasino.net\/it\/#website","url":"https:\/\/cowboyspincasino.net\/it\/","name":"Cowboyspin","description":"","publisher":{"@id":"https:\/\/cowboyspincasino.net\/it\/#organization"},"potentialAction":[{"@type":"SearchAction","target":{"@type":"EntryPoint","urlTemplate":"https:\/\/cowboyspincasino.net\/it\/?s={search_term_string}"},"query-input":{"@type":"PropertyValueSpecification","valueRequired":true,"valueName":"search_term_string"}}],"inLanguage":"it-IT"},{"@type":"Organization","@id":"https:\/\/cowboyspincasino.net\/it\/#organization","name":"Cowboyspin","url":"https:\/\/cowboyspincasino.net\/it\/","logo":{"@type":"ImageObject","inLanguage":"it-IT","@id":"https:\/\/cowboyspincasino.net\/it\/#\/schema\/logo\/image\/","url":"https:\/\/cowboyspincasino.net\/wp-content\/uploads\/2026\/03\/cowboyspin-logo.png","contentUrl":"https:\/\/cowboyspincasino.net\/wp-content\/uploads\/2026\/03\/cowboyspin-logo.png","width":180,"height":66,"caption":"Cowboyspin"},"image":{"@id":"https:\/\/cowboyspincasino.net\/it\/#\/schema\/logo\/image\/"}}]}},"_links":{"self":[{"href":"https:\/\/cowboyspincasino.net\/it\/wp-json\/wp\/v2\/pages\/1485","targetHints":{"allow":["GET"]}}],"collection":[{"href":"https:\/\/cowboyspincasino.net\/it\/wp-json\/wp\/v2\/pages"}],"about":[{"href":"https:\/\/cowboyspincasino.net\/it\/wp-json\/wp\/v2\/types\/page"}],"author":[{"embeddable":true,"href":"https:\/\/cowboyspincasino.net\/it\/wp-json\/wp\/v2\/users\/1"}],"replies":[{"embeddable":true,"href":"https:\/\/cowboyspincasino.net\/it\/wp-json\/wp\/v2\/comments?post=1485"}],"version-history":[{"count":3,"href":"https:\/\/cowboyspincasino.net\/it\/wp-json\/wp\/v2\/pages\/1485\/revisions"}],"predecessor-version":[{"id":2067,"href":"https:\/\/cowboyspincasino.net\/it\/wp-json\/wp\/v2\/pages\/1485\/revisions\/2067"}],"wp:attachment":[{"href":"https:\/\/cowboyspincasino.net\/it\/wp-json\/wp\/v2\/media?parent=1485"}],"curies":[{"name":"wp","href":"https:\/\/api.w.org\/{rel}","templated":true}]}}