{"id":1445,"date":"2026-01-20T12:08:23","date_gmt":"2026-01-20T12:08:23","guid":{"rendered":"https:\/\/bonuskongcasino.com\/app\/"},"modified":"2026-03-23T08:39:39","modified_gmt":"2026-03-23T08:39:39","slug":"applicazione","status":"publish","type":"page","link":"https:\/\/cowboyspincasino.net\/it\/applicazione\/","title":{"rendered":"Applicazione"},"content":{"rendered":"<h1>App Cowboyspin<\/h1>\n<p>Se sei un appassionato di giochi per dispositivi mobili e ti piace giocare fuori casa, Cowboyspin app \u00e8 la scelta migliore per te. Il nostro software offre la stessa interfaccia e le stesse funzionalit\u00e0 della versione desktop, ma \u00e8 disponibile per smartphone e tablet. L&#8217;app \u00e8 accessibile sia su sistemi operativi iOS che Android e pu\u00f2 essere installata anche su un computer desktop. \u00c8 ottimizzata per schermi pi\u00f9 piccoli e dispone della stessa libreria di funzionalit\u00e0 della versione browser di Cowboy Spin.<\/p>\n<div class=\"banner-wrap\" aria-label=\"Banner\"><img src=\"https:\/\/cowboyspincasino.net\/wp-content\/uploads\/2026\/03\/banner-desktop2x.webp\" class=\"w-100 d-none d-lg-block img-pc main-banner-img\" alt=\"Cowboyspin bonus desktop\" fetchpriority=\"high\" decoding=\"async\"><img src=\"https:\/\/cowboyspincasino.net\/wp-content\/uploads\/2026\/03\/banner-mobile2x.webp\" class=\"w-100 d-none d-md-block d-lg-none main-banner-img\" alt=\"Cowboyspin bonus mobile\" fetchpriority=\"high\" decoding=\"async\"><img src=\"https:\/\/cowboyspincasino.net\/wp-content\/uploads\/2026\/03\/banner-mobile2x.webp\" class=\"w-100 d-md-none\" alt=\"Cowboyspin bonus mobile\" fetchpriority=\"high\" decoding=\"async\"><div class=\"banner-description\">\n<div class=\"banner-title\">Bonus di benvenuto<\/div>\n<p class=\"banner-header-title\">1500 \u20ac<\/p>\n<div class=\"banner-header-AdditionalText\">+ 250 Giri gratuiti<\/div>\n<button data-item=\"homepage_banner_link\" class=\"goto m-button m-gradient-border m-button--primary m-button--large banner-button btn-orange\">\n            <div class=\"m-button-content\">\n                <span>Iscriviti ora<\/span>\n                <span><\/span>\n            <\/div>\n        <\/button>\n<\/div>\n<div class=\"WelcomePack\">\n<p><img loading=\"lazy\" decoding=\"async\" class=\"alignnone size-full wp-image-1855\" src=\"https:\/\/cowboyspincasino.net\/wp-content\/uploads\/2026\/03\/welcome-crown.png\" alt=\"welcome crown\" width=\"25\" height=\"26\" \/><\/p>\n<div class=\"WelcomePack-Info\">Cashback settimanale fino al 25%<\/div>\n<p><img loading=\"lazy\" decoding=\"async\" class=\"alignnone size-full wp-image-1855\" src=\"https:\/\/cowboyspincasino.net\/wp-content\/uploads\/2026\/03\/welcome-crown.png\" alt=\"welcome crown\" width=\"25\" height=\"26\" \/><\/p>\n<\/div>\n<\/div>\n<h2>Vantaggi dell&#8217;app mobile Cowboyspin<\/h2>\n<p>L&#8217;app del casin\u00f2 mobile Cowboyspin \u00e8 una versione ottimizzata del sito web pensata per i dispositivi mobili. Si tratta di una PWA (Progressive Web App), che rende il processo di installazione pi\u00f9 semplice e veloce rispetto alle app tradizionali. Non \u00e8 necessario cercare la nostra app negli app store, poich\u00e9 l&#8217;installazione avviene direttamente tramite il sito web di Cowboyspin Casino. L&#8217;app PWA si aggiorna automaticamente e invia notifiche regolari agli utenti italiani, tenendoli aggiornati sulle offerte in corso.<\/p>\n<p>Ci sono numerosi vantaggi nell&#8217;utilizzare la versione mobile rispetto a quella per PC; ecco i pi\u00f9 importanti:<\/p>\n<ul>\n<li>Possibilit\u00e0 di giocare ovunque<\/li>\n<li>Caricamento pi\u00f9 veloce dei dati<\/li>\n<li>Notifiche regolari sulle offerte<\/li>\n<li>Facile navigazione sui dispositivi mobili<\/li>\n<li>Accesso immediato ai giochi e ai bonus<\/li>\n<li>Ottimizzazione che non consuma la batteria<\/li>\n<\/ul>\n<p><div class=\"scrollable-content-wrap my-5\"><div class=\"scrollable-content-inner\"><h2>App Cowboyspin per Android<\/h2>\n<p>L&#8217;app Cowboyspin \u00e8 disponibile gratuitamente su Android ed \u00e8 perfettamente ottimizzata per questo sistema operativo. Gli utenti con diversi tipi di dispositivi che funzionano su Android possono installarla facilmente e iniziare la loro avventura al casin\u00f2 online. Il processo di download \u00e8 veloce; non ci vogliono pi\u00f9 di un paio di minuti per accedere al casin\u00f2 dal cellulare.<\/p>\n<p>Al termine della procedura, Cowboy Spin apparir\u00e0 sulla schermata iniziale del giocatore. Tutto ci\u00f2 che dovrai fare \u00e8 cliccarci sopra e iniziare la tua avventura nel casin\u00f2. Tramite la versione mobile della piattaforma, potrai esplorare la lobby e richiedere bonus, oltre a gestire il tuo profilo personale e molte altre funzionalit\u00e0.<\/p>\n<h3>Installazione PWA<\/h3>\n<p>L&#8217;app PWA Cowboyspin \u00e8 molto comoda. \u00c8 facile da scaricare poich\u00e9 bastano pochi passaggi per installarla sulla schermata iniziale. Rispetto ad altre applicazioni popolari, il nostro software non richiede di navigare su Google Play per ottenerla, il che accelera il processo. Dopo l&#8217;installazione, funziona come una normale app disponibile dalla schermata iniziale con un solo clic. Inoltre, si aggiorna automaticamente in background.<\/p>\n<p>Ecco come installare il software:<\/p>\n<ol>\n<li>Utilizza il browser Chrome per aprire Cowboy Spin.<\/li>\n<li>Tocca i tre puntini per aprire il menu.<\/li>\n<li>Scegli &#8220;Aggiungi alla schermata iniziale&#8221;.<\/li>\n<li>L&#8217;applicazione dovrebbe essere aggiunta alla tua schermata iniziale.<\/li>\n<\/ol>\n<h3>APK<\/h3>\n<p>Il formato APK \u00e8 comodo e disponibile su tutti i dispositivi Android, ma abbiamo deciso di optare per l&#8217;opzione PWA durante lo sviluppo del nostro software. L&#8217;app Cowboyspin \u00e8 stata progettata specificatamente come PWA anzich\u00e9 come APK per facilitare il processo di installazione e rendere pi\u00f9 veloce e semplice l&#8217;accesso all&#8217;esperienza di gioco.<\/p>\n<p>Con questo approccio, i giocatori non devono scaricare file sconosciuti o modificare le impostazioni di sicurezza dei propri dispositivi. Tutto viene fatto tramite il browser in pochi passaggi. Questo metodo elimina anche la necessit\u00e0 di installare aggiornamenti regolari, poich\u00e9 l&#8217;app PWA lo fa da sola. Con questo formato, gli utenti hanno sempre a portata di mano l&#8217;ultima versione di Cowboy Spin.<\/p>\n<p><img loading=\"lazy\" decoding=\"async\" class=\"alignnone size-full wp-image-1935\" src=\"https:\/\/cowboyspincasino.net\/wp-content\/uploads\/2026\/03\/Cowboyspin-Android-App.webp\" alt=\"Cowboyspin Android App\" width=\"1248\" height=\"536\" srcset=\"https:\/\/cowboyspincasino.net\/wp-content\/uploads\/2026\/03\/Cowboyspin-Android-App.webp 1248w, https:\/\/cowboyspincasino.net\/wp-content\/uploads\/2026\/03\/Cowboyspin-Android-App-300x129.webp 300w, https:\/\/cowboyspincasino.net\/wp-content\/uploads\/2026\/03\/Cowboyspin-Android-App-1024x440.webp 1024w, https:\/\/cowboyspincasino.net\/wp-content\/uploads\/2026\/03\/Cowboyspin-Android-App-768x330.webp 768w\" sizes=\"auto, (max-width: 1248px) 100vw, 1248px\" \/><\/p>\n<\/div><\/div><div style=\"clear: both\"><\/div><div class=\"d-flex justify-content-center\"><button data-item=\"decouvrez_link\" data-group=\"website_links\" class=\"goto fw-bold rounded-pill btn btn-orange\" aria-label=\"Scarica l&#039;app Cowboyspin\" >Scarica l&#039;app Cowboyspin<\/button><\/div><div class=\"scrollable-content-wrap my-5\"><div class=\"scrollable-content-inner\"><h2>App mobile Cowboyspin per iOS<\/h2>\n<p>Il download dell&#8217;app Cowboyspin su iOS segue gli stessi passaggi dei dispositivi Android. Non \u00e8 necessario andare sull&#8217;App Store; tutto viene fatto tramite il browser in pochi clic.<\/p>\n<p>Apri Safari e vai su Cowboyspin. A questo punto, dovrai solo toccare il pulsante &#8220;Condividi&#8221; nella parte inferiore del browser e scegliere &#8220;Aggiungi alla schermata Home&#8221; dal menu. Infine, clicca su &#8220;Aggiungi&#8221; e assegna un nome all&#8217;app; questa apparir\u00e0 sulla tua schermata iniziale e potrai iniziare a giocare. Puoi avviare subito il casin\u00f2 e accedere a tutte le offerte di Cowboy Spin, incluse le slot online, le promozioni, i tornei e molte altre funzionalit\u00e0.<\/p>\n<p><img loading=\"lazy\" decoding=\"async\" class=\"alignnone size-full wp-image-1927\" src=\"https:\/\/cowboyspincasino.net\/wp-content\/uploads\/2026\/03\/Cowboyspin-iOS-App.webp\" alt=\"Cowboyspin iOS App\" width=\"1248\" height=\"536\" srcset=\"https:\/\/cowboyspincasino.net\/wp-content\/uploads\/2026\/03\/Cowboyspin-iOS-App.webp 1248w, https:\/\/cowboyspincasino.net\/wp-content\/uploads\/2026\/03\/Cowboyspin-iOS-App-300x129.webp 300w, https:\/\/cowboyspincasino.net\/wp-content\/uploads\/2026\/03\/Cowboyspin-iOS-App-1024x440.webp 1024w, https:\/\/cowboyspincasino.net\/wp-content\/uploads\/2026\/03\/Cowboyspin-iOS-App-768x330.webp 768w\" sizes=\"auto, (max-width: 1248px) 100vw, 1248px\" \/><\/p>\n<\/div><\/div><div style=\"clear: both\"><\/div><div class=\"d-flex justify-content-center\"><button data-item=\"decouvrez_link\" data-group=\"website_links\" class=\"goto fw-bold rounded-pill btn btn-orange\" aria-label=\"Scarica Cowboyspin\" >Scarica Cowboyspin<\/button><\/div><div class=\"scrollable-content-wrap my-5\"><div class=\"scrollable-content-inner\"><h2>App per Windows e macOS<\/h2>\n<p>L&#8217;app Cowboyspin \u00e8 disponibile non solo su dispositivi Android e iOS, ma anche su computer. \u00c8 ottimizzata sia per macOS che per Windows e offre agli utenti della piattaforma un accesso pi\u00f9 rapido al casin\u00f2. Funziona perfettamente su computer, fornendo ai giocatori notifiche regolari sulle offerte e sugli eventi in corso.<\/p>\n<p>Per scaricare il nostro software sul desktop, vai sul sito web di Cowboy Spin e tocca il pulsante di installazione nella barra degli indirizzi; ha l&#8217;aspetto di una freccia. Il processo \u00e8 lo stesso indipendentemente dal sistema operativo. Una volta terminato, l&#8217;icona apparir\u00e0 sulla tua schermata iniziale.<\/p>\n<p>Dopo l&#8217;installazione, Cowboyspin si apre rapidamente e consente di accedere alle funzionalit\u00e0 del casin\u00f2 senza dover aprire il browser.<\/p>\n<p><img loading=\"lazy\" decoding=\"async\" class=\"alignnone size-full wp-image-1943\" src=\"https:\/\/cowboyspincasino.net\/wp-content\/uploads\/2026\/03\/Cowboyspin-Desktop.webp\" alt=\"Cowboyspin Desktop\" width=\"1248\" height=\"536\" srcset=\"https:\/\/cowboyspincasino.net\/wp-content\/uploads\/2026\/03\/Cowboyspin-Desktop.webp 1248w, https:\/\/cowboyspincasino.net\/wp-content\/uploads\/2026\/03\/Cowboyspin-Desktop-300x129.webp 300w, https:\/\/cowboyspincasino.net\/wp-content\/uploads\/2026\/03\/Cowboyspin-Desktop-1024x440.webp 1024w, https:\/\/cowboyspincasino.net\/wp-content\/uploads\/2026\/03\/Cowboyspin-Desktop-768x330.webp 768w\" sizes=\"auto, (max-width: 1248px) 100vw, 1248px\" \/><\/p>\n<\/div><\/div><div style=\"clear: both\"><\/div><div class=\"d-flex justify-content-center\"><button data-item=\"decouvrez_link\" data-group=\"website_links\" class=\"goto fw-bold rounded-pill btn btn-orange\" aria-label=\"Scarica l&#039;app Cowboyspin\" >Scarica l&#039;app Cowboyspin<\/button><\/div><div class=\"scrollable-content-wrap my-5\"><div class=\"scrollable-content-inner\"><h2>Domande frequenti<\/h2>\n<h3>\u00c8 necessario creare un account per utilizzare l&#8217;app Cowboyspin?<\/h3>\n<p>Non \u00e8 necessario avere un account per navigare su Cowboyspin, ma se vuoi giocare con soldi veri e approfittare dei bonus e di altre attivit\u00e0, dovrai sicuramente registrarti. Inoltre, dovrai completare il processo di verifica.<\/p>\n<h3>L&#8217;app Cowboyspin Casino offre assistenza clienti?<\/h3>\n<p>S\u00ec, l&#8217;assistenza clienti \u00e8 disponibile nell&#8217;app Cowboyspin, cos\u00ec come nella versione desktop. Il nostro team di assistenza \u00e8 raggiungibile 24 ore su 24, 7 giorni su 7, e pu\u00f2 rispondere a tutte le tue domande. Puoi contattarci tramite live chat o e-mail in qualsiasi lingua.<\/p>\n<h3>Come posso aggiornare l&#8217;app di Cowboyspin Casino?<\/h3>\n<p>L&#8217;applicazione Cowboy Spin non necessita di aggiornamenti poich\u00e9 si aggiorna automaticamente in background. Il software rimane sempre aggiornato, in ogni caso.<\/p>\n<\/div><\/div><\/p>\n","protected":false},"excerpt":{"rendered":"<p>App Cowboyspin Se sei un appassionato di giochi per dispositivi mobili e ti piace giocare fuori casa, Cowboyspin app \u00e8 la scelta migliore per te. Il nostro software offre la stessa interfaccia e le stesse funzionalit\u00e0 della versione desktop, ma \u00e8 disponibile per smartphone e tablet. L&#8217;app \u00e8 accessibile sia su sistemi operativi iOS che [&hellip;]<\/p>\n","protected":false},"author":1,"featured_media":0,"parent":0,"menu_order":0,"comment_status":"closed","ping_status":"closed","template":"template-builder.php","meta":{"_acf_changed":false,"inline_featured_image":false,"footnotes":""},"class_list":["post-1445","page","type-page","status-publish","hentry"],"acf":[],"yoast_head":"<!-- This site is optimized with the Yoast SEO plugin v27.3 - https:\/\/yoast.com\/product\/yoast-seo-wordpress\/ -->\n<title>Cowboyspin App Casino | Scarica per iOS e Android<\/title>\n<meta name=\"description\" content=\"Porta il casin\u00f2 sempre con te! Scarica l&#039;app Cowboyspin Casino sul tuo dispositivo Android o iOS per accedere in modo facile e immediato a tutti i tuoi giochi preferiti ovunque ti trovi.\" \/>\n<meta name=\"robots\" content=\"index, follow, max-snippet:-1, max-image-preview:large, max-video-preview:-1\" \/>\n<link rel=\"canonical\" href=\"https:\/\/cowboyspincasino.net\/it\/applicazione\/\" \/>\n<meta property=\"og:locale\" content=\"it_IT\" \/>\n<meta property=\"og:type\" content=\"article\" \/>\n<meta property=\"og:title\" content=\"Cowboyspin App Casino | Scarica per iOS e Android\" \/>\n<meta property=\"og:description\" content=\"Porta il casin\u00f2 sempre con te! Scarica l&#039;app Cowboyspin Casino sul tuo dispositivo Android o iOS per accedere in modo facile e immediato a tutti i tuoi giochi preferiti ovunque ti trovi.\" \/>\n<meta property=\"og:url\" content=\"https:\/\/cowboyspincasino.net\/it\/applicazione\/\" \/>\n<meta property=\"og:site_name\" content=\"cowboyspin\" \/>\n<meta property=\"article:modified_time\" content=\"2026-03-23T08:39:39+00:00\" \/>\n<meta name=\"twitter:card\" content=\"summary_large_image\" \/>\n<meta name=\"twitter:label1\" content=\"Est. reading time\" \/>\n\t<meta name=\"twitter:data1\" content=\"1 minute\" \/>\n<script type=\"application\/ld+json\" class=\"yoast-schema-graph\">{\"@context\":\"https:\\\/\\\/schema.org\",\"@graph\":[{\"@type\":\"WebPage\",\"@id\":\"https:\\\/\\\/cowboyspincasino.net\\\/it\\\/applicazione\\\/\",\"url\":\"https:\\\/\\\/cowboyspincasino.net\\\/it\\\/applicazione\\\/\",\"name\":\"Cowboyspin App Casino | Scarica per iOS e Android\",\"isPartOf\":{\"@id\":\"https:\\\/\\\/cowboyspincasino.net\\\/it\\\/#website\"},\"datePublished\":\"2026-01-20T12:08:23+00:00\",\"dateModified\":\"2026-03-23T08:39:39+00:00\",\"description\":\"Porta il casin\u00f2 sempre con te! Scarica l'app Cowboyspin Casino sul tuo dispositivo Android o iOS per accedere in modo facile e immediato a tutti i tuoi giochi preferiti ovunque ti trovi.\",\"breadcrumb\":{\"@id\":\"https:\\\/\\\/cowboyspincasino.net\\\/it\\\/applicazione\\\/#breadcrumb\"},\"inLanguage\":\"it-IT\",\"potentialAction\":[{\"@type\":\"ReadAction\",\"target\":[\"https:\\\/\\\/cowboyspincasino.net\\\/it\\\/applicazione\\\/\"]}]},{\"@type\":\"BreadcrumbList\",\"@id\":\"https:\\\/\\\/cowboyspincasino.net\\\/it\\\/applicazione\\\/#breadcrumb\",\"itemListElement\":[{\"@type\":\"ListItem\",\"position\":1,\"name\":\"Cowboyspin\",\"item\":\"https:\\\/\\\/cowboyspincasino.net\\\/it\\\/\"},{\"@type\":\"ListItem\",\"position\":2,\"name\":\"Applicazione\"}]},{\"@type\":\"WebSite\",\"@id\":\"https:\\\/\\\/cowboyspincasino.net\\\/it\\\/#website\",\"url\":\"https:\\\/\\\/cowboyspincasino.net\\\/it\\\/\",\"name\":\"Cowboyspin\",\"description\":\"\",\"publisher\":{\"@id\":\"https:\\\/\\\/cowboyspincasino.net\\\/it\\\/#organization\"},\"potentialAction\":[{\"@type\":\"SearchAction\",\"target\":{\"@type\":\"EntryPoint\",\"urlTemplate\":\"https:\\\/\\\/cowboyspincasino.net\\\/it\\\/?s={search_term_string}\"},\"query-input\":{\"@type\":\"PropertyValueSpecification\",\"valueRequired\":true,\"valueName\":\"search_term_string\"}}],\"inLanguage\":\"it-IT\"},{\"@type\":\"Organization\",\"@id\":\"https:\\\/\\\/cowboyspincasino.net\\\/it\\\/#organization\",\"name\":\"Cowboyspin\",\"url\":\"https:\\\/\\\/cowboyspincasino.net\\\/it\\\/\",\"logo\":{\"@type\":\"ImageObject\",\"inLanguage\":\"it-IT\",\"@id\":\"https:\\\/\\\/cowboyspincasino.net\\\/it\\\/#\\\/schema\\\/logo\\\/image\\\/\",\"url\":\"https:\\\/\\\/cowboyspincasino.net\\\/wp-content\\\/uploads\\\/2026\\\/03\\\/cowboyspin-logo.png\",\"contentUrl\":\"https:\\\/\\\/cowboyspincasino.net\\\/wp-content\\\/uploads\\\/2026\\\/03\\\/cowboyspin-logo.png\",\"width\":180,\"height\":66,\"caption\":\"Cowboyspin\"},\"image\":{\"@id\":\"https:\\\/\\\/cowboyspincasino.net\\\/it\\\/#\\\/schema\\\/logo\\\/image\\\/\"}}]}<\/script>\n<!-- \/ Yoast SEO plugin. -->","yoast_head_json":{"title":"Cowboyspin App Casino | Scarica per iOS e Android","description":"Porta il casin\u00f2 sempre con te! Scarica l'app Cowboyspin Casino sul tuo dispositivo Android o iOS per accedere in modo facile e immediato a tutti i tuoi giochi preferiti ovunque ti trovi.","robots":{"index":"index","follow":"follow","max-snippet":"max-snippet:-1","max-image-preview":"max-image-preview:large","max-video-preview":"max-video-preview:-1"},"canonical":"https:\/\/cowboyspincasino.net\/it\/applicazione\/","og_locale":"it_IT","og_type":"article","og_title":"Cowboyspin App Casino | Scarica per iOS e Android","og_description":"Porta il casin\u00f2 sempre con te! Scarica l'app Cowboyspin Casino sul tuo dispositivo Android o iOS per accedere in modo facile e immediato a tutti i tuoi giochi preferiti ovunque ti trovi.","og_url":"https:\/\/cowboyspincasino.net\/it\/applicazione\/","og_site_name":"cowboyspin","article_modified_time":"2026-03-23T08:39:39+00:00","twitter_card":"summary_large_image","twitter_misc":{"Est. reading time":"1 minute"},"schema":{"@context":"https:\/\/schema.org","@graph":[{"@type":"WebPage","@id":"https:\/\/cowboyspincasino.net\/it\/applicazione\/","url":"https:\/\/cowboyspincasino.net\/it\/applicazione\/","name":"Cowboyspin App Casino | Scarica per iOS e Android","isPartOf":{"@id":"https:\/\/cowboyspincasino.net\/it\/#website"},"datePublished":"2026-01-20T12:08:23+00:00","dateModified":"2026-03-23T08:39:39+00:00","description":"Porta il casin\u00f2 sempre con te! Scarica l'app Cowboyspin Casino sul tuo dispositivo Android o iOS per accedere in modo facile e immediato a tutti i tuoi giochi preferiti ovunque ti trovi.","breadcrumb":{"@id":"https:\/\/cowboyspincasino.net\/it\/applicazione\/#breadcrumb"},"inLanguage":"it-IT","potentialAction":[{"@type":"ReadAction","target":["https:\/\/cowboyspincasino.net\/it\/applicazione\/"]}]},{"@type":"BreadcrumbList","@id":"https:\/\/cowboyspincasino.net\/it\/applicazione\/#breadcrumb","itemListElement":[{"@type":"ListItem","position":1,"name":"Cowboyspin","item":"https:\/\/cowboyspincasino.net\/it\/"},{"@type":"ListItem","position":2,"name":"Applicazione"}]},{"@type":"WebSite","@id":"https:\/\/cowboyspincasino.net\/it\/#website","url":"https:\/\/cowboyspincasino.net\/it\/","name":"Cowboyspin","description":"","publisher":{"@id":"https:\/\/cowboyspincasino.net\/it\/#organization"},"potentialAction":[{"@type":"SearchAction","target":{"@type":"EntryPoint","urlTemplate":"https:\/\/cowboyspincasino.net\/it\/?s={search_term_string}"},"query-input":{"@type":"PropertyValueSpecification","valueRequired":true,"valueName":"search_term_string"}}],"inLanguage":"it-IT"},{"@type":"Organization","@id":"https:\/\/cowboyspincasino.net\/it\/#organization","name":"Cowboyspin","url":"https:\/\/cowboyspincasino.net\/it\/","logo":{"@type":"ImageObject","inLanguage":"it-IT","@id":"https:\/\/cowboyspincasino.net\/it\/#\/schema\/logo\/image\/","url":"https:\/\/cowboyspincasino.net\/wp-content\/uploads\/2026\/03\/cowboyspin-logo.png","contentUrl":"https:\/\/cowboyspincasino.net\/wp-content\/uploads\/2026\/03\/cowboyspin-logo.png","width":180,"height":66,"caption":"Cowboyspin"},"image":{"@id":"https:\/\/cowboyspincasino.net\/it\/#\/schema\/logo\/image\/"}}]}},"_links":{"self":[{"href":"https:\/\/cowboyspincasino.net\/it\/wp-json\/wp\/v2\/pages\/1445","targetHints":{"allow":["GET"]}}],"collection":[{"href":"https:\/\/cowboyspincasino.net\/it\/wp-json\/wp\/v2\/pages"}],"about":[{"href":"https:\/\/cowboyspincasino.net\/it\/wp-json\/wp\/v2\/types\/page"}],"author":[{"embeddable":true,"href":"https:\/\/cowboyspincasino.net\/it\/wp-json\/wp\/v2\/users\/1"}],"replies":[{"embeddable":true,"href":"https:\/\/cowboyspincasino.net\/it\/wp-json\/wp\/v2\/comments?post=1445"}],"version-history":[{"count":4,"href":"https:\/\/cowboyspincasino.net\/it\/wp-json\/wp\/v2\/pages\/1445\/revisions"}],"predecessor-version":[{"id":2065,"href":"https:\/\/cowboyspincasino.net\/it\/wp-json\/wp\/v2\/pages\/1445\/revisions\/2065"}],"wp:attachment":[{"href":"https:\/\/cowboyspincasino.net\/it\/wp-json\/wp\/v2\/media?parent=1445"}],"curies":[{"name":"wp","href":"https:\/\/api.w.org\/{rel}","templated":true}]}}