{"id":1482,"date":"2026-01-20T12:11:11","date_gmt":"2026-01-20T12:11:11","guid":{"rendered":"https:\/\/bonuskongcasino.com\/login-and-registration\/"},"modified":"2026-03-23T07:38:52","modified_gmt":"2026-03-23T07:38:52","slug":"connexion-et-inscription","status":"publish","type":"page","link":"https:\/\/cowboyspincasino.net\/fr\/connexion-et-inscription\/","title":{"rendered":"Connexion et inscription"},"content":{"rendered":"<h1>Connexion et inscription au compte Cowboyspin<\/h1>\n<p>Une fois la proc\u00e9dure d&rsquo;inscription termin\u00e9e, la premi\u00e8re \u00e9tape pour acc\u00e9der \u00e0 votre profil sur notre site web consiste \u00e0 effectuer la proc\u00e9dure de Cowboyspin login. Ces deux processus sont rapides et pratiques, ce qui les rend faciles \u00e0 r\u00e9aliser, m\u00eame si vous \u00eates nouveau sur la plateforme.<\/p>\n<p><div class=\"banner-wrap\" aria-label=\"Banner\"><img src=\"https:\/\/cowboyspincasino.net\/wp-content\/uploads\/2026\/03\/banner-desktop2x.webp\" class=\"w-100 d-none d-lg-block img-pc main-banner-img\" alt=\"Cowboyspin bonus desktop\" fetchpriority=\"high\" decoding=\"async\"><img src=\"https:\/\/cowboyspincasino.net\/wp-content\/uploads\/2026\/03\/banner-mobile2x.webp\" class=\"w-100 d-none d-md-block d-lg-none main-banner-img\" alt=\"Cowboyspin bonus mobile\" fetchpriority=\"high\" decoding=\"async\"><img src=\"https:\/\/cowboyspincasino.net\/wp-content\/uploads\/2026\/03\/banner-mobile2x.webp\" class=\"w-100 d-md-none\" alt=\"Cowboyspin bonus mobile\" fetchpriority=\"high\" decoding=\"async\"><div class=\"banner-description\">\n<div class=\"banner-title\">Bonus de bienvenue<\/div>\n<p class=\"banner-header-title\">1500 \u20ac<\/p>\n<div class=\"banner-header-AdditionalText\">+ 250 Tours gratuits<\/div>\n<button data-item=\"homepage_banner_link\" class=\"goto m-button m-gradient-border m-button--primary m-button--large banner-button btn-orange\">\n            <div class=\"m-button-content\">\n                <span>Inscrivez-vous d\u00e8s maintenant<\/span>\n                <span><\/span>\n            <\/div>\n        <\/button>\n<\/div>\n<div class=\"WelcomePack\">\n<p><img loading=\"lazy\" decoding=\"async\" class=\"alignnone size-full wp-image-1852\" src=\"https:\/\/cowboyspincasino.net\/wp-content\/uploads\/2026\/03\/welcome-crown.png\" alt=\"welcome crown\" width=\"25\" height=\"26\" \/><\/p>\n<div class=\"WelcomePack-Info\">Cashback hebdomadaire jusqu&rsquo;\u00e0 25 %<\/div>\n<p><img loading=\"lazy\" decoding=\"async\" class=\"alignnone size-full wp-image-1852\" src=\"https:\/\/cowboyspincasino.net\/wp-content\/uploads\/2026\/03\/welcome-crown.png\" alt=\"welcome crown\" width=\"25\" height=\"26\" \/><\/p>\n<\/div>\n<\/div><div class=\"scrollable-content-wrap my-5\"><div class=\"scrollable-content-inner\"><h2>Inscription \u00e0 un compte Cowboy Spin<\/h2>\n<p>Si vous avez suffisamment explor\u00e9 Cowboyspin pour d\u00e9cider de cr\u00e9er un compte, vous devrez suivre la proc\u00e9dure d&rsquo;inscription. Il s&rsquo;agit d&rsquo;une \u00e9tape essentielle pour commencer \u00e0 jouer sur le site web, car sans compte, vous ne pourrez pas effectuer de d\u00e9p\u00f4t sur notre plateforme ni gagner de l&rsquo;argent r\u00e9el en jouant.<\/p>\n<h3>Cr\u00e9ez votre profil<\/h3>\n<p>L&rsquo;inscription sur le site web de Cowboyspin Casino ne prend que quelques minutes et est assez simple, m\u00eame pour ceux qui n&rsquo;ont jamais jou\u00e9 en ligne. Il vous suffit de fournir quelques informations et de finaliser la proc\u00e9dure. Voici un petit guide \u00e9tape par \u00e9tape pour vous inscrire :<\/p>\n<ol>\n<li>Appuyez sur le bouton \u00ab S&rsquo;inscrire \u00bb dans le coin droit.<\/li>\n<li>Saisissez votre adresse e-mail.<\/li>\n<li>Choisissez un mot de passe.<\/li>\n<li>Saisissez un code promotionnel si vous en avez un.<\/li>\n<li>Confirmez que vous avez plus de 18 ans.<\/li>\n<li>Appuyez sur le bouton de confirmation pour finaliser.<\/li>\n<\/ol>\n<p><img loading=\"lazy\" decoding=\"async\" class=\"alignnone size-full wp-image-1948\" src=\"https:\/\/cowboyspincasino.net\/wp-content\/uploads\/2026\/03\/Cowboyspin.webp\" alt=\"Cowboyspin login\" width=\"1248\" height=\"536\" srcset=\"https:\/\/cowboyspincasino.net\/wp-content\/uploads\/2026\/03\/Cowboyspin.webp 1248w, https:\/\/cowboyspincasino.net\/wp-content\/uploads\/2026\/03\/Cowboyspin-300x129.webp 300w, https:\/\/cowboyspincasino.net\/wp-content\/uploads\/2026\/03\/Cowboyspin-1024x440.webp 1024w, https:\/\/cowboyspincasino.net\/wp-content\/uploads\/2026\/03\/Cowboyspin-768x330.webp 768w\" sizes=\"auto, (max-width: 1248px) 100vw, 1248px\" \/><\/p>\n<h2>Utilisation d&rsquo;un compte Cowboyspin<\/h2>\n<p>Pour acc\u00e9der \u00e0 votre profil personnel sur notre site web, cliquez sur le bouton \u00ab Connexion Cowboyspin \u00bb ; il se trouve \u00e0 c\u00f4t\u00e9 du bouton d&rsquo;inscription, dans le coin sup\u00e9rieur droit de la page d&rsquo;accueil. Commencez par saisir l&rsquo;adresse e-mail et le mot de passe que vous avez utilis\u00e9s pour vous inscrire. Pour terminer, appuyez sur le bouton \u00ab Connexion \u00bb, puis vous pourrez vous connecter \u00e0 votre profil.<\/p>\n<p>Disposer d&rsquo;un compte Cowboy Spin sur la plateforme vous donne acc\u00e8s \u00e0 tous les jeux de la biblioth\u00e8que et vous permet de jouer avec de l&rsquo;argent r\u00e9el. Vous b\u00e9n\u00e9ficiez \u00e9galement d&rsquo;offres de bonus, de tournois, de missions et de nombreuses autres activit\u00e9s en argent r\u00e9el sur le site web.<\/p>\n<p>Un autre avantage important d&rsquo;avoir un compte enregistr\u00e9 sur le site est que vous pouvez effectuer des modifications et des personnalisations :<\/p>\n<table>\n<tbody>\n<tr>\n<td>Fonctionnalit\u00e9<\/td>\n<td>Ce que vous pouvez faire<\/td>\n<\/tr>\n<tr>\n<td>Gestion des donn\u00e9es personnelles<\/td>\n<td>Modifier vos informations personnelles telles que votre mot de passe ou les d\u00e9tails de votre compte<\/td>\n<\/tr>\n<tr>\n<td>Historique des transactions<\/td>\n<td>Consultez l&rsquo;historique complet de vos d\u00e9p\u00f4ts, retraits et autres transactions<\/td>\n<\/tr>\n<tr>\n<td>Authentification \u00e0 deux facteurs (2FA)<\/td>\n<td>Activer une s\u00e9curit\u00e9 suppl\u00e9mentaire pour prot\u00e9ger votre compte<\/td>\n<\/tr>\n<tr>\n<td>Section Favoris<\/td>\n<td>Ajoutez vos jeux pr\u00e9f\u00e9r\u00e9s \u00e0 vos favoris pour y acc\u00e9der plus rapidement<\/td>\n<\/tr>\n<tr>\n<td>Jeu responsable<\/td>\n<td>R\u00e9glez vos param\u00e8tres et fixez des limites pour votre exp\u00e9rience<\/td>\n<\/tr>\n<\/tbody>\n<\/table>\n<h3>V\u00e9rification du profil et s\u00e9curit\u00e9 chez Cowboyspin Casino<\/h3>\n<p>Chez Cowboyspin Casino, nous accordons une grande importance \u00e0 la s\u00e9curit\u00e9, c&rsquo;est pourquoi nous prot\u00e9geons toutes les informations concernant nos utilisateurs. Nous suivons des r\u00e8gles strictes pour maintenir un environnement s\u00fbr au sein de la plateforme. Le syst\u00e8me \u00ab Know Your Customer \u00bb est au c\u0153ur de nos proc\u00e9dures de s\u00e9curit\u00e9 afin de v\u00e9rifier que tous les utilisateurs de la plateforme sont r\u00e9els et ne pr\u00e9sentent aucun risque pour le site. Nous v\u00e9rifions toujours l&rsquo;identit\u00e9 de nos utilisateurs, bloquons les comptes frauduleux et ne vous autorisons pas \u00e0 utiliser notre site web si vous n&rsquo;avez pas l&rsquo;\u00e2ge l\u00e9gal.<\/p>\n<p>Nous avons \u00e9galement mis en place des mesures de s\u00e9curit\u00e9 rigoureuses chez Cowboyspin afin de prot\u00e9ger le site web contre les attaques de pirates informatiques et de pr\u00e9venir les fuites de donn\u00e9es. Voici les mesures que nous avons mises en place :<\/p>\n<ul>\n<li>Cryptage TLS 1.3 qui s\u00e9curise la transmission des donn\u00e9es.<\/li>\n<li>Certification RNG pour garantir l&rsquo;\u00e9quit\u00e9 des jeux.<\/li>\n<li>Authentification \u00e0 deux facteurs pour prot\u00e9ger les comptes des joueurs contre tout acc\u00e8s non autoris\u00e9.<\/li>\n<li>V\u00e9rification KYC pour v\u00e9rifier l&rsquo;identit\u00e9 du joueur.<\/li>\n<li>Surveillance anti-fraude 24 h\/24 et 7 j\/7 pour d\u00e9tecter toute activit\u00e9 suspecte.<\/li>\n<\/ul>\n<h3>Vous avez oubli\u00e9 votre mot de passe ?<\/h3>\n<p>Il arrive souvent que les joueurs oublient le mot de passe de leur compte. Cela peut arriver \u00e0 tout moment, mais c&rsquo;est plus probable si vous n&rsquo;avez pas jou\u00e9 depuis un certain temps. Cependant, la plupart du temps, les clients se contentent de saisir leurs informations de mani\u00e8re incorrecte. Se tromper en saisissant son mot de passe est l&rsquo;erreur la plus courante. Veuillez vous assurer que les informations que vous saisissez et que vos param\u00e8tres de verrouillage des majuscules sont corrects.<\/p>\n<p>Si cela ne fonctionne pas, vous pouvez cliquer sur l&rsquo;option \u00ab Mot de passe oubli\u00e9 ? \u00bb. Saisissez votre adresse e-mail. Nous vous enverrons un lien pour r\u00e9initialiser vos donn\u00e9es. Vous pouvez \u00e9galement contacter l&rsquo;\u00e9quipe d&rsquo;assistance pour tout autre probl\u00e8me si vous rencontrez toujours des difficult\u00e9s pour vous connecter. Le chat en direct et l&rsquo;e-mail sont l\u00e0 pour vous aider. Nous proposons une assistance multilingue.<\/p>\n<h2>FAQ<\/h2>\n<h3>Comment puis-je effectuer la v\u00e9rification de mon compte ?<\/h3>\n<p>Le processus de v\u00e9rification de Cowboy Spin est tr\u00e8s simple \u00e0 suivre ; il vous suffit de fournir certains documents, tels qu&rsquo;une pi\u00e8ce d&rsquo;identit\u00e9, un justificatif de domicile et d&rsquo;autres donn\u00e9es personnelles. Le processus de v\u00e9rification ne prend pas beaucoup de temps, mais nous vous recommandons de le faire d\u00e8s votre inscription.<\/p>\n<h3>Comment mettre \u00e0 jour le mot de passe ou l&rsquo;adresse e-mail ?<\/h3>\n<p>Vous pouvez modifier toutes les informations personnelles de votre choix dans votre profil Cowboy Spin. Il vous suffit de vous connecter \u00e0 votre compte, de trouver les informations que vous souhaitez modifier, puis d&rsquo;effectuer les changements.<\/p>\n<h3>Puis-je jouer sans compte ?<\/h3>\n<p>Oui, il est possible de jouer sans compte sur Cowboyspin. Cependant, vous ne pourrez pas jouer en argent r\u00e9el ; par cons\u00e9quent, vous ne pourrez pas non plus gagner d&rsquo;argent. Si vous aimez jouer aux jeux en mode d\u00e9mo, vous pouvez le faire sans vous inscrire.<\/p>\n<h3>Est-il possible de cr\u00e9er plusieurs comptes ?<\/h3>\n<p>Malheureusement, non. Nous n&rsquo;autorisons pas nos utilisateurs \u00e0 cr\u00e9er plusieurs comptes sur Cowboy Spin. Nos r\u00e8gles stipulent que chaque joueur ne peut avoir qu&rsquo;un seul compte. Si vous enfreignez ces r\u00e8gles, vous serez banni de la plateforme.<\/p>\n<\/div><\/div><\/p>\n","protected":false},"excerpt":{"rendered":"<p>Connexion et inscription au compte Cowboyspin Une fois la proc\u00e9dure d&rsquo;inscription termin\u00e9e, la premi\u00e8re \u00e9tape pour acc\u00e9der \u00e0 votre profil sur notre site web consiste \u00e0 effectuer la proc\u00e9dure de Cowboyspin login. Ces deux processus sont rapides et pratiques, ce qui les rend faciles \u00e0 r\u00e9aliser, m\u00eame si vous \u00eates nouveau sur la plateforme.<\/p>\n","protected":false},"author":1,"featured_media":0,"parent":0,"menu_order":0,"comment_status":"closed","ping_status":"closed","template":"template-builder.php","meta":{"_acf_changed":false,"inline_featured_image":false,"footnotes":""},"class_list":["post-1482","page","type-page","status-publish","hentry"],"acf":[],"yoast_head":"<!-- This site is optimized with the Yoast SEO plugin v27.3 - https:\/\/yoast.com\/product\/yoast-seo-wordpress\/ -->\n<title>Cowboyspin Login | Acc\u00e8s s\u00e9curis\u00e9 au compte et inscription<\/title>\n<meta name=\"description\" content=\"Votre identifiant Cowboyspin vous donne acc\u00e8s \u00e0 des milliers de jeux. Connectez-vous pour jouer ou cr\u00e9er un nouveau compte, effectuer une v\u00e9rification s\u00e9curis\u00e9e, g\u00e9rer vos fonds et contacter notre service d&#039;assistance disponible 24 h\/24, 7 j\/7.\" \/>\n<meta name=\"robots\" content=\"index, follow, max-snippet:-1, max-image-preview:large, max-video-preview:-1\" \/>\n<link rel=\"canonical\" href=\"https:\/\/cowboyspincasino.net\/fr\/connexion-et-inscription\/\" \/>\n<meta property=\"og:locale\" content=\"fr_FR\" \/>\n<meta property=\"og:type\" content=\"article\" \/>\n<meta property=\"og:title\" content=\"Cowboyspin Login | Acc\u00e8s s\u00e9curis\u00e9 au compte et inscription\" \/>\n<meta property=\"og:description\" content=\"Votre identifiant Cowboyspin vous donne acc\u00e8s \u00e0 des milliers de jeux. Connectez-vous pour jouer ou cr\u00e9er un nouveau compte, effectuer une v\u00e9rification s\u00e9curis\u00e9e, g\u00e9rer vos fonds et contacter notre service d&#039;assistance disponible 24 h\/24, 7 j\/7.\" \/>\n<meta property=\"og:url\" content=\"https:\/\/cowboyspincasino.net\/fr\/connexion-et-inscription\/\" \/>\n<meta property=\"og:site_name\" content=\"cowboyspin\" \/>\n<meta property=\"article:modified_time\" content=\"2026-03-23T07:38:52+00:00\" \/>\n<meta name=\"twitter:card\" content=\"summary_large_image\" \/>\n<meta name=\"twitter:label1\" content=\"Dur\u00e9e de lecture estim\u00e9e\" \/>\n\t<meta name=\"twitter:data1\" content=\"1 minute\" \/>\n<script type=\"application\/ld+json\" class=\"yoast-schema-graph\">{\"@context\":\"https:\\\/\\\/schema.org\",\"@graph\":[{\"@type\":\"WebPage\",\"@id\":\"https:\\\/\\\/cowboyspincasino.net\\\/fr\\\/connexion-et-inscription\\\/\",\"url\":\"https:\\\/\\\/cowboyspincasino.net\\\/fr\\\/connexion-et-inscription\\\/\",\"name\":\"Cowboyspin Login | Acc\u00e8s s\u00e9curis\u00e9 au compte et inscription\",\"isPartOf\":{\"@id\":\"https:\\\/\\\/cowboyspincasino.net\\\/fr\\\/#website\"},\"datePublished\":\"2026-01-20T12:11:11+00:00\",\"dateModified\":\"2026-03-23T07:38:52+00:00\",\"description\":\"Votre identifiant Cowboyspin vous donne acc\u00e8s \u00e0 des milliers de jeux. Connectez-vous pour jouer ou cr\u00e9er un nouveau compte, effectuer une v\u00e9rification s\u00e9curis\u00e9e, g\u00e9rer vos fonds et contacter notre service d'assistance disponible 24 h\\\/24, 7 j\\\/7.\",\"breadcrumb\":{\"@id\":\"https:\\\/\\\/cowboyspincasino.net\\\/fr\\\/connexion-et-inscription\\\/#breadcrumb\"},\"inLanguage\":\"fr-FR\",\"potentialAction\":[{\"@type\":\"ReadAction\",\"target\":[\"https:\\\/\\\/cowboyspincasino.net\\\/fr\\\/connexion-et-inscription\\\/\"]}]},{\"@type\":\"BreadcrumbList\",\"@id\":\"https:\\\/\\\/cowboyspincasino.net\\\/fr\\\/connexion-et-inscription\\\/#breadcrumb\",\"itemListElement\":[{\"@type\":\"ListItem\",\"position\":1,\"name\":\"Cowboyspin\",\"item\":\"https:\\\/\\\/cowboyspincasino.net\\\/fr\\\/\"},{\"@type\":\"ListItem\",\"position\":2,\"name\":\"Connexion et inscription\"}]},{\"@type\":\"WebSite\",\"@id\":\"https:\\\/\\\/cowboyspincasino.net\\\/fr\\\/#website\",\"url\":\"https:\\\/\\\/cowboyspincasino.net\\\/fr\\\/\",\"name\":\"Cowboyspin\",\"description\":\"\",\"publisher\":{\"@id\":\"https:\\\/\\\/cowboyspincasino.net\\\/fr\\\/#organization\"},\"potentialAction\":[{\"@type\":\"SearchAction\",\"target\":{\"@type\":\"EntryPoint\",\"urlTemplate\":\"https:\\\/\\\/cowboyspincasino.net\\\/fr\\\/?s={search_term_string}\"},\"query-input\":{\"@type\":\"PropertyValueSpecification\",\"valueRequired\":true,\"valueName\":\"search_term_string\"}}],\"inLanguage\":\"fr-FR\"},{\"@type\":\"Organization\",\"@id\":\"https:\\\/\\\/cowboyspincasino.net\\\/fr\\\/#organization\",\"name\":\"Cowboyspin\",\"url\":\"https:\\\/\\\/cowboyspincasino.net\\\/fr\\\/\",\"logo\":{\"@type\":\"ImageObject\",\"inLanguage\":\"fr-FR\",\"@id\":\"https:\\\/\\\/cowboyspincasino.net\\\/fr\\\/#\\\/schema\\\/logo\\\/image\\\/\",\"url\":\"https:\\\/\\\/cowboyspincasino.net\\\/wp-content\\\/uploads\\\/2026\\\/03\\\/cowboyspin-logo.png\",\"contentUrl\":\"https:\\\/\\\/cowboyspincasino.net\\\/wp-content\\\/uploads\\\/2026\\\/03\\\/cowboyspin-logo.png\",\"width\":180,\"height\":66,\"caption\":\"Cowboyspin\"},\"image\":{\"@id\":\"https:\\\/\\\/cowboyspincasino.net\\\/fr\\\/#\\\/schema\\\/logo\\\/image\\\/\"}}]}<\/script>\n<!-- \/ Yoast SEO plugin. -->","yoast_head_json":{"title":"Cowboyspin Login | Acc\u00e8s s\u00e9curis\u00e9 au compte et inscription","description":"Votre identifiant Cowboyspin vous donne acc\u00e8s \u00e0 des milliers de jeux. Connectez-vous pour jouer ou cr\u00e9er un nouveau compte, effectuer une v\u00e9rification s\u00e9curis\u00e9e, g\u00e9rer vos fonds et contacter notre service d'assistance disponible 24 h\/24, 7 j\/7.","robots":{"index":"index","follow":"follow","max-snippet":"max-snippet:-1","max-image-preview":"max-image-preview:large","max-video-preview":"max-video-preview:-1"},"canonical":"https:\/\/cowboyspincasino.net\/fr\/connexion-et-inscription\/","og_locale":"fr_FR","og_type":"article","og_title":"Cowboyspin Login | Acc\u00e8s s\u00e9curis\u00e9 au compte et inscription","og_description":"Votre identifiant Cowboyspin vous donne acc\u00e8s \u00e0 des milliers de jeux. Connectez-vous pour jouer ou cr\u00e9er un nouveau compte, effectuer une v\u00e9rification s\u00e9curis\u00e9e, g\u00e9rer vos fonds et contacter notre service d'assistance disponible 24 h\/24, 7 j\/7.","og_url":"https:\/\/cowboyspincasino.net\/fr\/connexion-et-inscription\/","og_site_name":"cowboyspin","article_modified_time":"2026-03-23T07:38:52+00:00","twitter_card":"summary_large_image","twitter_misc":{"Dur\u00e9e de lecture estim\u00e9e":"1 minute"},"schema":{"@context":"https:\/\/schema.org","@graph":[{"@type":"WebPage","@id":"https:\/\/cowboyspincasino.net\/fr\/connexion-et-inscription\/","url":"https:\/\/cowboyspincasino.net\/fr\/connexion-et-inscription\/","name":"Cowboyspin Login | Acc\u00e8s s\u00e9curis\u00e9 au compte et inscription","isPartOf":{"@id":"https:\/\/cowboyspincasino.net\/fr\/#website"},"datePublished":"2026-01-20T12:11:11+00:00","dateModified":"2026-03-23T07:38:52+00:00","description":"Votre identifiant Cowboyspin vous donne acc\u00e8s \u00e0 des milliers de jeux. Connectez-vous pour jouer ou cr\u00e9er un nouveau compte, effectuer une v\u00e9rification s\u00e9curis\u00e9e, g\u00e9rer vos fonds et contacter notre service d'assistance disponible 24 h\/24, 7 j\/7.","breadcrumb":{"@id":"https:\/\/cowboyspincasino.net\/fr\/connexion-et-inscription\/#breadcrumb"},"inLanguage":"fr-FR","potentialAction":[{"@type":"ReadAction","target":["https:\/\/cowboyspincasino.net\/fr\/connexion-et-inscription\/"]}]},{"@type":"BreadcrumbList","@id":"https:\/\/cowboyspincasino.net\/fr\/connexion-et-inscription\/#breadcrumb","itemListElement":[{"@type":"ListItem","position":1,"name":"Cowboyspin","item":"https:\/\/cowboyspincasino.net\/fr\/"},{"@type":"ListItem","position":2,"name":"Connexion et inscription"}]},{"@type":"WebSite","@id":"https:\/\/cowboyspincasino.net\/fr\/#website","url":"https:\/\/cowboyspincasino.net\/fr\/","name":"Cowboyspin","description":"","publisher":{"@id":"https:\/\/cowboyspincasino.net\/fr\/#organization"},"potentialAction":[{"@type":"SearchAction","target":{"@type":"EntryPoint","urlTemplate":"https:\/\/cowboyspincasino.net\/fr\/?s={search_term_string}"},"query-input":{"@type":"PropertyValueSpecification","valueRequired":true,"valueName":"search_term_string"}}],"inLanguage":"fr-FR"},{"@type":"Organization","@id":"https:\/\/cowboyspincasino.net\/fr\/#organization","name":"Cowboyspin","url":"https:\/\/cowboyspincasino.net\/fr\/","logo":{"@type":"ImageObject","inLanguage":"fr-FR","@id":"https:\/\/cowboyspincasino.net\/fr\/#\/schema\/logo\/image\/","url":"https:\/\/cowboyspincasino.net\/wp-content\/uploads\/2026\/03\/cowboyspin-logo.png","contentUrl":"https:\/\/cowboyspincasino.net\/wp-content\/uploads\/2026\/03\/cowboyspin-logo.png","width":180,"height":66,"caption":"Cowboyspin"},"image":{"@id":"https:\/\/cowboyspincasino.net\/fr\/#\/schema\/logo\/image\/"}}]}},"_links":{"self":[{"href":"https:\/\/cowboyspincasino.net\/fr\/wp-json\/wp\/v2\/pages\/1482","targetHints":{"allow":["GET"]}}],"collection":[{"href":"https:\/\/cowboyspincasino.net\/fr\/wp-json\/wp\/v2\/pages"}],"about":[{"href":"https:\/\/cowboyspincasino.net\/fr\/wp-json\/wp\/v2\/types\/page"}],"author":[{"embeddable":true,"href":"https:\/\/cowboyspincasino.net\/fr\/wp-json\/wp\/v2\/users\/1"}],"replies":[{"embeddable":true,"href":"https:\/\/cowboyspincasino.net\/fr\/wp-json\/wp\/v2\/comments?post=1482"}],"version-history":[{"count":3,"href":"https:\/\/cowboyspincasino.net\/fr\/wp-json\/wp\/v2\/pages\/1482\/revisions"}],"predecessor-version":[{"id":2040,"href":"https:\/\/cowboyspincasino.net\/fr\/wp-json\/wp\/v2\/pages\/1482\/revisions\/2040"}],"wp:attachment":[{"href":"https:\/\/cowboyspincasino.net\/fr\/wp-json\/wp\/v2\/media?parent=1482"}],"curies":[{"name":"wp","href":"https:\/\/api.w.org\/{rel}","templated":true}]}}