{"id":1440,"date":"2026-01-20T12:08:23","date_gmt":"2026-01-20T12:08:23","guid":{"rendered":"https:\/\/bonuskongcasino.com\/app\/"},"modified":"2026-03-23T07:36:08","modified_gmt":"2026-03-23T07:36:08","slug":"app","status":"publish","type":"page","link":"https:\/\/cowboyspincasino.net\/fr\/app\/","title":{"rendered":"App"},"content":{"rendered":"<h1>Application mobile Cowboyspin<\/h1>\n<p>Si vous \u00eates un passionn\u00e9 de jeux mobiles et que vous aimez jouer loin de chez vous, Cowboyspin app est le choix id\u00e9al pour vous. Notre logiciel offre la m\u00eame interface et les m\u00eames fonctionnalit\u00e9s que la version pour ordinateur, mais est disponible sur smartphones et tablettes. L&rsquo;application est accessible sur les syst\u00e8mes d&rsquo;exploitation iOS et Android et peut \u00e9galement \u00eatre install\u00e9e sur un ordinateur. Elle est optimis\u00e9e pour les petits \u00e9crans et dispose de la m\u00eame gamme de fonctionnalit\u00e9s que la version navigateur de Cowboy Spin.<\/p>\n<div class=\"banner-wrap\" aria-label=\"Banner\"><img src=\"https:\/\/cowboyspincasino.net\/wp-content\/uploads\/2026\/03\/banner-desktop2x.webp\" class=\"w-100 d-none d-lg-block img-pc main-banner-img\" alt=\"Cowboyspin bonus desktop\" fetchpriority=\"high\" decoding=\"async\"><img src=\"https:\/\/cowboyspincasino.net\/wp-content\/uploads\/2026\/03\/banner-mobile2x.webp\" class=\"w-100 d-none d-md-block d-lg-none main-banner-img\" alt=\"Cowboyspin bonus mobile\" fetchpriority=\"high\" decoding=\"async\"><img src=\"https:\/\/cowboyspincasino.net\/wp-content\/uploads\/2026\/03\/banner-mobile2x.webp\" class=\"w-100 d-md-none\" alt=\"Cowboyspin bonus mobile\" fetchpriority=\"high\" decoding=\"async\"><div class=\"banner-description\">\n<div class=\"banner-title\">Bonus de bienvenue<\/div>\n<p class=\"banner-header-title\">1500 \u20ac<\/p>\n<div class=\"banner-header-AdditionalText\">+ 250 Tours gratuits<\/div>\n<button data-item=\"homepage_banner_link\" class=\"goto m-button m-gradient-border m-button--primary m-button--large banner-button btn-orange\">\n            <div class=\"m-button-content\">\n                <span>Inscrivez-vous d\u00e8s maintenant<\/span>\n                <span><\/span>\n            <\/div>\n        <\/button>\n<\/div>\n<div class=\"WelcomePack\">\n<p><img loading=\"lazy\" decoding=\"async\" class=\"alignnone size-full wp-image-1852\" src=\"https:\/\/cowboyspincasino.net\/wp-content\/uploads\/2026\/03\/welcome-crown.png\" alt=\"welcome crown\" width=\"25\" height=\"26\" \/><\/p>\n<div class=\"WelcomePack-Info\">Cashback hebdomadaire jusqu&rsquo;\u00e0 25 %<\/div>\n<p><img loading=\"lazy\" decoding=\"async\" class=\"alignnone size-full wp-image-1852\" src=\"https:\/\/cowboyspincasino.net\/wp-content\/uploads\/2026\/03\/welcome-crown.png\" alt=\"welcome crown\" width=\"25\" height=\"26\" \/><\/p>\n<\/div>\n<\/div>\n<h2>Avantages de l&rsquo;application mobile Cowboyspin<\/h2>\n<p>L&rsquo;application de casino Cowboyspin est une version optimis\u00e9e du site web qui fonctionne sur les appareils mobiles. Il s&rsquo;agit d&rsquo;une PWA (application web progressive), ce qui rend le processus d&rsquo;installation plus simple et plus rapide que pour les applications traditionnelles. Il n&rsquo;est pas n\u00e9cessaire de parcourir les boutiques d&rsquo;applications pour trouver notre application, car l&rsquo;installation s&rsquo;effectue directement via le site du casino Cowboyspin. L&rsquo;application PWA se met \u00e0 jour automatiquement et envoie r\u00e9guli\u00e8rement des notifications aux utilisateurs, leur permettant ainsi de toujours rester inform\u00e9s des offres en cours.<\/p>\n<p>L&rsquo;utilisation de la version mobile pr\u00e9sente de nombreux avantages par rapport \u00e0 la version PC ; voici les plus importants :<\/p>\n<ul>\n<li>Possibilit\u00e9 de jouer partout<\/li>\n<li>Chargement plus rapide des donn\u00e9es<\/li>\n<li>Notifications r\u00e9guli\u00e8res sur les offres<\/li>\n<li>Navigation facile sur les appareils mobiles<\/li>\n<li>Acc\u00e8s instantan\u00e9 aux jeux et aux bonus<\/li>\n<li>Optimisation qui n&rsquo;\u00e9puise pas la batterie<\/li>\n<\/ul>\n<p><div class=\"scrollable-content-wrap my-5\"><div class=\"scrollable-content-inner\"><h2>Application mobile Cowboyspin pour Android<\/h2>\n<p>L&rsquo;application Cowboyspin est disponible gratuitement sur Android et est parfaitement optimis\u00e9e pour ce syst\u00e8me d&rsquo;exploitation. Les utilisateurs disposant de diff\u00e9rents types d&rsquo;appareils fonctionnant sous Android peuvent facilement l&rsquo;installer et commencer leur aventure au casino en ligne. Le t\u00e9l\u00e9chargement est rapide ; il ne faut pas plus de quelques minutes pour acc\u00e9der au casino sur mobile.<\/p>\n<p>Une fois l&rsquo;installation termin\u00e9e, Cowboy Spin appara\u00eet sur l&rsquo;\u00e9cran d&rsquo;accueil du joueur. Il vous suffit de cliquer dessus pour commencer votre aventure au casino. Gr\u00e2ce \u00e0 la version mobile de la plateforme, vous pouvez explorer le lobby et r\u00e9clamer des bonus, mais aussi g\u00e9rer votre profil personnel et profiter de nombreuses autres fonctionnalit\u00e9s.<\/p>\n<h3>Installation de l&rsquo;application PWA<\/h3>\n<p>L&rsquo;application PWA Cowboyspin est tr\u00e8s pratique. Elle est facile \u00e0 t\u00e9l\u00e9charger, car il suffit de quelques \u00e9tapes pour l&rsquo;installer sur votre \u00e9cran d&rsquo;accueil. Contrairement \u00e0 d&rsquo;autres applications populaires, notre logiciel ne vous oblige pas \u00e0 passer par Google Play pour l&rsquo;obtenir, ce qui acc\u00e9l\u00e8re le processus. Une fois install\u00e9e, elle fonctionne comme une application classique accessible depuis l&rsquo;\u00e9cran d&rsquo;accueil en un seul clic. De plus, elle se met \u00e0 jour automatiquement en arri\u00e8re-plan.<\/p>\n<p>Voici comment installer le logiciel :<\/p>\n<ol>\n<li>Utilisez le navigateur Chrome pour ouvrir Cowboy Spin.<\/li>\n<li>Appuyez sur les trois points pour ouvrir le menu.<\/li>\n<li>S\u00e9lectionnez \u00ab Ajouter \u00e0 l&rsquo;\u00e9cran d&rsquo;accueil \u00bb.<\/li>\n<li>L&rsquo;application devrait \u00eatre ajout\u00e9e \u00e0 votre \u00e9cran d&rsquo;accueil.<\/li>\n<\/ol>\n<h3>APK<\/h3>\n<p>Le format APK est pratique et disponible sur tous les appareils Android, mais nous avons d\u00e9cid\u00e9 d&rsquo;opter pour l&rsquo;option PWA lors du d\u00e9veloppement de notre logiciel. L&rsquo;application Cowboyspin a \u00e9t\u00e9 sp\u00e9cialement con\u00e7ue comme une PWA plut\u00f4t que comme un APK afin de faciliter le processus d&rsquo;installation et de rendre l&rsquo;acc\u00e8s \u00e0 l&rsquo;exp\u00e9rience de jeu plus rapide et plus simple.<\/p>\n<p>Gr\u00e2ce \u00e0 cette approche, les joueurs n&rsquo;ont pas besoin de t\u00e9l\u00e9charger des fichiers inconnus ni de modifier les param\u00e8tres de s\u00e9curit\u00e9 de leurs appareils. Tout se fait via le navigateur en quelques \u00e9tapes. Cette m\u00e9thode \u00e9limine \u00e9galement le besoin d&rsquo;installer des mises \u00e0 jour r\u00e9guli\u00e8res, car l&rsquo;application PWA s&rsquo;en charge automatiquement. Avec ce format, les utilisateurs ont toujours la derni\u00e8re version de Cowboy Spin \u00e0 port\u00e9e de main.<\/p>\n<p><img loading=\"lazy\" decoding=\"async\" class=\"alignnone size-full wp-image-1932\" src=\"https:\/\/cowboyspincasino.net\/wp-content\/uploads\/2026\/03\/Cowboyspin-Android-App.webp\" alt=\"Cowboyspin Android App\" width=\"1248\" height=\"536\" srcset=\"https:\/\/cowboyspincasino.net\/wp-content\/uploads\/2026\/03\/Cowboyspin-Android-App.webp 1248w, https:\/\/cowboyspincasino.net\/wp-content\/uploads\/2026\/03\/Cowboyspin-Android-App-300x129.webp 300w, https:\/\/cowboyspincasino.net\/wp-content\/uploads\/2026\/03\/Cowboyspin-Android-App-1024x440.webp 1024w, https:\/\/cowboyspincasino.net\/wp-content\/uploads\/2026\/03\/Cowboyspin-Android-App-768x330.webp 768w\" sizes=\"auto, (max-width: 1248px) 100vw, 1248px\" \/><\/p>\n<\/div><\/div><div style=\"clear: both\"><\/div><div class=\"d-flex justify-content-center\"><button data-item=\"decouvrez_link\" data-group=\"website_links\" class=\"goto fw-bold rounded-pill btn btn-orange\" aria-label=\"T\u00e9l\u00e9chargez l&#039;application Cowboyspin\" >T\u00e9l\u00e9chargez l&#039;application Cowboyspin<\/button><\/div><div class=\"scrollable-content-wrap my-5\"><div class=\"scrollable-content-inner\"><h2>Application mobile Cowboyspin pour iOS<\/h2>\n<p>Le t\u00e9l\u00e9chargement de l&rsquo;application Cowboyspin sur iOS suit les m\u00eames \u00e9tapes que sur les appareils Android. Pas besoin de se rendre sur l&rsquo;App Store ; tout se fait via le navigateur en quelques clics.<\/p>\n<p>Ouvrez Safari et rendez-vous sur Cowboyspin. Il vous suffira ensuite d&rsquo;appuyer sur le bouton \u00ab Partager \u00bb en bas de votre navigateur et de choisir \u00ab Ajouter \u00e0 l&rsquo;\u00e9cran d&rsquo;accueil \u00bb dans le menu. Enfin, cliquez sur \u00ab Ajouter \u00bb et donnez un nom \u00e0 l&rsquo;application ; elle appara\u00eetra sur votre \u00e9cran d&rsquo;accueil et vous pourrez commencer \u00e0 jouer. Vous pouvez lancer le casino imm\u00e9diatement et acc\u00e9der \u00e0 toutes les offres de Cowboy Spin, y compris les machines \u00e0 sous en ligne, les promotions, les tournois et de nombreuses autres fonctionnalit\u00e9s.<\/p>\n<p><img loading=\"lazy\" decoding=\"async\" class=\"alignnone size-full wp-image-1924\" src=\"https:\/\/cowboyspincasino.net\/wp-content\/uploads\/2026\/03\/Cowboyspin-iOS-App.webp\" alt=\"Cowboyspin iOS App\" width=\"1248\" height=\"536\" srcset=\"https:\/\/cowboyspincasino.net\/wp-content\/uploads\/2026\/03\/Cowboyspin-iOS-App.webp 1248w, https:\/\/cowboyspincasino.net\/wp-content\/uploads\/2026\/03\/Cowboyspin-iOS-App-300x129.webp 300w, https:\/\/cowboyspincasino.net\/wp-content\/uploads\/2026\/03\/Cowboyspin-iOS-App-1024x440.webp 1024w, https:\/\/cowboyspincasino.net\/wp-content\/uploads\/2026\/03\/Cowboyspin-iOS-App-768x330.webp 768w\" sizes=\"auto, (max-width: 1248px) 100vw, 1248px\" \/><\/p>\n<\/div><\/div><div style=\"clear: both\"><\/div><div class=\"d-flex justify-content-center\"><button data-item=\"decouvrez_link\" data-group=\"website_links\" class=\"goto fw-bold rounded-pill btn btn-orange\" aria-label=\"T\u00e9l\u00e9charger Cowboyspin\" >T\u00e9l\u00e9charger Cowboyspin<\/button><\/div><div class=\"scrollable-content-wrap my-5\"><div class=\"scrollable-content-inner\"><h2>Application Windows et macOS<\/h2>\n<p>L&rsquo;application Cowboyspin est disponible non seulement sur les appareils Android et iOS, mais aussi sur ordinateur. Elle est optimis\u00e9e \u00e0 la fois pour macOS et Windows et permet aux utilisateurs de la plateforme d&rsquo;acc\u00e9der plus rapidement au casino. Elle fonctionne parfaitement sur ordinateur et envoie r\u00e9guli\u00e8rement aux joueurs des notifications concernant les offres et les \u00e9v\u00e9nements en cours.<\/p>\n<p>Pour t\u00e9l\u00e9charger notre logiciel sur votre ordinateur, rendez-vous sur le site web de Cowboy Spin et cliquez sur le bouton d&rsquo;installation dans la barre d&rsquo;adresse ; il ressemble \u00e0 une fl\u00e8che. La proc\u00e9dure est la m\u00eame quel que soit le syst\u00e8me d&rsquo;exploitation. Une fois l&rsquo;installation termin\u00e9e, l&rsquo;ic\u00f4ne appara\u00eetra sur votre \u00e9cran d&rsquo;accueil.<\/p>\n<p>Une fois install\u00e9, Cowboy Spin s&rsquo;ouvre rapidement et vous permet d&rsquo;acc\u00e9der aux fonctionnalit\u00e9s du casino sans avoir \u00e0 ouvrir votre navigateur.<\/p>\n<p><img loading=\"lazy\" decoding=\"async\" class=\"alignnone size-full wp-image-1940\" src=\"https:\/\/cowboyspincasino.net\/wp-content\/uploads\/2026\/03\/Cowboyspin-Desktop.webp\" alt=\"Cowboyspin Desktop\" width=\"1248\" height=\"536\" srcset=\"https:\/\/cowboyspincasino.net\/wp-content\/uploads\/2026\/03\/Cowboyspin-Desktop.webp 1248w, https:\/\/cowboyspincasino.net\/wp-content\/uploads\/2026\/03\/Cowboyspin-Desktop-300x129.webp 300w, https:\/\/cowboyspincasino.net\/wp-content\/uploads\/2026\/03\/Cowboyspin-Desktop-1024x440.webp 1024w, https:\/\/cowboyspincasino.net\/wp-content\/uploads\/2026\/03\/Cowboyspin-Desktop-768x330.webp 768w\" sizes=\"auto, (max-width: 1248px) 100vw, 1248px\" \/><\/p>\n<\/div><\/div><div style=\"clear: both\"><\/div><div class=\"d-flex justify-content-center\"><button data-item=\"decouvrez_link\" data-group=\"website_links\" class=\"goto fw-bold rounded-pill btn btn-orange\" aria-label=\"T\u00e9l\u00e9chargez l&#039;application Cowboyspin\" >T\u00e9l\u00e9chargez l&#039;application Cowboyspin<\/button><\/div><div class=\"scrollable-content-wrap my-5\"><div class=\"scrollable-content-inner\"><h2>FAQ<\/h2>\n<h3>Faut-il cr\u00e9er un compte pour utiliser l&rsquo;application Cowboyspin ?<\/h3>\n<p>Vous n&rsquo;avez pas n\u00e9cessairement besoin d&rsquo;un compte pour naviguer sur Cowboyspin, mais si vous souhaitez jouer \u00e0 des jeux en argent r\u00e9el et profiter des bonus et autres activit\u00e9s, vous devrez absolument vous inscrire. Vous devrez \u00e9galement passer par le processus de v\u00e9rification.<\/p>\n<h3>L&rsquo;application Cowboyspin Casino propose-t-elle un service client ?<\/h3>\n<p>Oui, le service client est disponible dans l&rsquo;application Cowboyspin, tout comme sur la version pour ordinateur. Notre \u00e9quipe d&rsquo;assistance est joignable 24 h \/ 24 et 7 j \/ 7 et peut r\u00e9pondre \u00e0 toutes vos questions. Vous pouvez nous contacter par chat en direct ou par e-mail dans n&rsquo;importe quelle langue.<\/p>\n<h3>Comment puis-je mettre \u00e0 jour l&rsquo;application Cowboyspin Casino ?<\/h3>\n<p>L&rsquo;application Cowboy Spin n&rsquo;a pas besoin d&rsquo;\u00eatre mise \u00e0 jour, car elle se met \u00e0 jour automatiquement en arri\u00e8re-plan. Le logiciel reste toujours \u00e0 jour, quoi qu&rsquo;il arrive.<\/p>\n<\/div><\/div><\/p>\n","protected":false},"excerpt":{"rendered":"<p>Application mobile Cowboyspin Si vous \u00eates un passionn\u00e9 de jeux mobiles et que vous aimez jouer loin de chez vous, Cowboyspin app est le choix id\u00e9al pour vous. Notre logiciel offre la m\u00eame interface et les m\u00eames fonctionnalit\u00e9s que la version pour ordinateur, mais est disponible sur smartphones et tablettes. L&rsquo;application est accessible sur les [&hellip;]<\/p>\n","protected":false},"author":1,"featured_media":0,"parent":0,"menu_order":0,"comment_status":"closed","ping_status":"closed","template":"template-builder.php","meta":{"_acf_changed":false,"inline_featured_image":false,"footnotes":""},"class_list":["post-1440","page","type-page","status-publish","hentry"],"acf":[],"yoast_head":"<!-- This site is optimized with the Yoast SEO plugin v27.3 - https:\/\/yoast.com\/product\/yoast-seo-wordpress\/ -->\n<title>Cowboyspin Application Casino | T\u00e9l\u00e9charger pour iOS et Android<\/title>\n<meta name=\"description\" content=\"Emportez le casino avec vous ! T\u00e9l\u00e9chargez l&#039;application Cowboyspin Casino sur votre appareil Android ou iOS pour acc\u00e9der instantan\u00e9ment et facilement \u00e0 tous vos jeux pr\u00e9f\u00e9r\u00e9s o\u00f9 que vous soyez.\" \/>\n<meta name=\"robots\" content=\"index, follow, max-snippet:-1, max-image-preview:large, max-video-preview:-1\" \/>\n<link rel=\"canonical\" href=\"https:\/\/cowboyspincasino.net\/fr\/app\/\" \/>\n<meta property=\"og:locale\" content=\"fr_FR\" \/>\n<meta property=\"og:type\" content=\"article\" \/>\n<meta property=\"og:title\" content=\"Cowboyspin Application Casino | T\u00e9l\u00e9charger pour iOS et Android\" \/>\n<meta property=\"og:description\" content=\"Emportez le casino avec vous ! T\u00e9l\u00e9chargez l&#039;application Cowboyspin Casino sur votre appareil Android ou iOS pour acc\u00e9der instantan\u00e9ment et facilement \u00e0 tous vos jeux pr\u00e9f\u00e9r\u00e9s o\u00f9 que vous soyez.\" \/>\n<meta property=\"og:url\" content=\"https:\/\/cowboyspincasino.net\/fr\/app\/\" \/>\n<meta property=\"og:site_name\" content=\"cowboyspin\" \/>\n<meta property=\"article:modified_time\" content=\"2026-03-23T07:36:08+00:00\" \/>\n<meta name=\"twitter:card\" content=\"summary_large_image\" \/>\n<meta name=\"twitter:label1\" content=\"Dur\u00e9e de lecture estim\u00e9e\" \/>\n\t<meta name=\"twitter:data1\" content=\"2 minutes\" \/>\n<script type=\"application\/ld+json\" class=\"yoast-schema-graph\">{\"@context\":\"https:\\\/\\\/schema.org\",\"@graph\":[{\"@type\":\"WebPage\",\"@id\":\"https:\\\/\\\/cowboyspincasino.net\\\/fr\\\/app\\\/\",\"url\":\"https:\\\/\\\/cowboyspincasino.net\\\/fr\\\/app\\\/\",\"name\":\"Cowboyspin Application Casino | T\u00e9l\u00e9charger pour iOS et Android\",\"isPartOf\":{\"@id\":\"https:\\\/\\\/cowboyspincasino.net\\\/fr\\\/#website\"},\"datePublished\":\"2026-01-20T12:08:23+00:00\",\"dateModified\":\"2026-03-23T07:36:08+00:00\",\"description\":\"Emportez le casino avec vous ! T\u00e9l\u00e9chargez l'application Cowboyspin Casino sur votre appareil Android ou iOS pour acc\u00e9der instantan\u00e9ment et facilement \u00e0 tous vos jeux pr\u00e9f\u00e9r\u00e9s o\u00f9 que vous soyez.\",\"breadcrumb\":{\"@id\":\"https:\\\/\\\/cowboyspincasino.net\\\/fr\\\/app\\\/#breadcrumb\"},\"inLanguage\":\"fr-FR\",\"potentialAction\":[{\"@type\":\"ReadAction\",\"target\":[\"https:\\\/\\\/cowboyspincasino.net\\\/fr\\\/app\\\/\"]}]},{\"@type\":\"BreadcrumbList\",\"@id\":\"https:\\\/\\\/cowboyspincasino.net\\\/fr\\\/app\\\/#breadcrumb\",\"itemListElement\":[{\"@type\":\"ListItem\",\"position\":1,\"name\":\"Cowboyspin\",\"item\":\"https:\\\/\\\/cowboyspincasino.net\\\/fr\\\/\"},{\"@type\":\"ListItem\",\"position\":2,\"name\":\"App\"}]},{\"@type\":\"WebSite\",\"@id\":\"https:\\\/\\\/cowboyspincasino.net\\\/fr\\\/#website\",\"url\":\"https:\\\/\\\/cowboyspincasino.net\\\/fr\\\/\",\"name\":\"Cowboyspin\",\"description\":\"\",\"publisher\":{\"@id\":\"https:\\\/\\\/cowboyspincasino.net\\\/fr\\\/#organization\"},\"potentialAction\":[{\"@type\":\"SearchAction\",\"target\":{\"@type\":\"EntryPoint\",\"urlTemplate\":\"https:\\\/\\\/cowboyspincasino.net\\\/fr\\\/?s={search_term_string}\"},\"query-input\":{\"@type\":\"PropertyValueSpecification\",\"valueRequired\":true,\"valueName\":\"search_term_string\"}}],\"inLanguage\":\"fr-FR\"},{\"@type\":\"Organization\",\"@id\":\"https:\\\/\\\/cowboyspincasino.net\\\/fr\\\/#organization\",\"name\":\"Cowboyspin\",\"url\":\"https:\\\/\\\/cowboyspincasino.net\\\/fr\\\/\",\"logo\":{\"@type\":\"ImageObject\",\"inLanguage\":\"fr-FR\",\"@id\":\"https:\\\/\\\/cowboyspincasino.net\\\/fr\\\/#\\\/schema\\\/logo\\\/image\\\/\",\"url\":\"https:\\\/\\\/cowboyspincasino.net\\\/wp-content\\\/uploads\\\/2026\\\/03\\\/cowboyspin-logo.png\",\"contentUrl\":\"https:\\\/\\\/cowboyspincasino.net\\\/wp-content\\\/uploads\\\/2026\\\/03\\\/cowboyspin-logo.png\",\"width\":180,\"height\":66,\"caption\":\"Cowboyspin\"},\"image\":{\"@id\":\"https:\\\/\\\/cowboyspincasino.net\\\/fr\\\/#\\\/schema\\\/logo\\\/image\\\/\"}}]}<\/script>\n<!-- \/ Yoast SEO plugin. -->","yoast_head_json":{"title":"Cowboyspin Application Casino | T\u00e9l\u00e9charger pour iOS et Android","description":"Emportez le casino avec vous ! T\u00e9l\u00e9chargez l'application Cowboyspin Casino sur votre appareil Android ou iOS pour acc\u00e9der instantan\u00e9ment et facilement \u00e0 tous vos jeux pr\u00e9f\u00e9r\u00e9s o\u00f9 que vous soyez.","robots":{"index":"index","follow":"follow","max-snippet":"max-snippet:-1","max-image-preview":"max-image-preview:large","max-video-preview":"max-video-preview:-1"},"canonical":"https:\/\/cowboyspincasino.net\/fr\/app\/","og_locale":"fr_FR","og_type":"article","og_title":"Cowboyspin Application Casino | T\u00e9l\u00e9charger pour iOS et Android","og_description":"Emportez le casino avec vous ! T\u00e9l\u00e9chargez l'application Cowboyspin Casino sur votre appareil Android ou iOS pour acc\u00e9der instantan\u00e9ment et facilement \u00e0 tous vos jeux pr\u00e9f\u00e9r\u00e9s o\u00f9 que vous soyez.","og_url":"https:\/\/cowboyspincasino.net\/fr\/app\/","og_site_name":"cowboyspin","article_modified_time":"2026-03-23T07:36:08+00:00","twitter_card":"summary_large_image","twitter_misc":{"Dur\u00e9e de lecture estim\u00e9e":"2 minutes"},"schema":{"@context":"https:\/\/schema.org","@graph":[{"@type":"WebPage","@id":"https:\/\/cowboyspincasino.net\/fr\/app\/","url":"https:\/\/cowboyspincasino.net\/fr\/app\/","name":"Cowboyspin Application Casino | T\u00e9l\u00e9charger pour iOS et Android","isPartOf":{"@id":"https:\/\/cowboyspincasino.net\/fr\/#website"},"datePublished":"2026-01-20T12:08:23+00:00","dateModified":"2026-03-23T07:36:08+00:00","description":"Emportez le casino avec vous ! T\u00e9l\u00e9chargez l'application Cowboyspin Casino sur votre appareil Android ou iOS pour acc\u00e9der instantan\u00e9ment et facilement \u00e0 tous vos jeux pr\u00e9f\u00e9r\u00e9s o\u00f9 que vous soyez.","breadcrumb":{"@id":"https:\/\/cowboyspincasino.net\/fr\/app\/#breadcrumb"},"inLanguage":"fr-FR","potentialAction":[{"@type":"ReadAction","target":["https:\/\/cowboyspincasino.net\/fr\/app\/"]}]},{"@type":"BreadcrumbList","@id":"https:\/\/cowboyspincasino.net\/fr\/app\/#breadcrumb","itemListElement":[{"@type":"ListItem","position":1,"name":"Cowboyspin","item":"https:\/\/cowboyspincasino.net\/fr\/"},{"@type":"ListItem","position":2,"name":"App"}]},{"@type":"WebSite","@id":"https:\/\/cowboyspincasino.net\/fr\/#website","url":"https:\/\/cowboyspincasino.net\/fr\/","name":"Cowboyspin","description":"","publisher":{"@id":"https:\/\/cowboyspincasino.net\/fr\/#organization"},"potentialAction":[{"@type":"SearchAction","target":{"@type":"EntryPoint","urlTemplate":"https:\/\/cowboyspincasino.net\/fr\/?s={search_term_string}"},"query-input":{"@type":"PropertyValueSpecification","valueRequired":true,"valueName":"search_term_string"}}],"inLanguage":"fr-FR"},{"@type":"Organization","@id":"https:\/\/cowboyspincasino.net\/fr\/#organization","name":"Cowboyspin","url":"https:\/\/cowboyspincasino.net\/fr\/","logo":{"@type":"ImageObject","inLanguage":"fr-FR","@id":"https:\/\/cowboyspincasino.net\/fr\/#\/schema\/logo\/image\/","url":"https:\/\/cowboyspincasino.net\/wp-content\/uploads\/2026\/03\/cowboyspin-logo.png","contentUrl":"https:\/\/cowboyspincasino.net\/wp-content\/uploads\/2026\/03\/cowboyspin-logo.png","width":180,"height":66,"caption":"Cowboyspin"},"image":{"@id":"https:\/\/cowboyspincasino.net\/fr\/#\/schema\/logo\/image\/"}}]}},"_links":{"self":[{"href":"https:\/\/cowboyspincasino.net\/fr\/wp-json\/wp\/v2\/pages\/1440","targetHints":{"allow":["GET"]}}],"collection":[{"href":"https:\/\/cowboyspincasino.net\/fr\/wp-json\/wp\/v2\/pages"}],"about":[{"href":"https:\/\/cowboyspincasino.net\/fr\/wp-json\/wp\/v2\/types\/page"}],"author":[{"embeddable":true,"href":"https:\/\/cowboyspincasino.net\/fr\/wp-json\/wp\/v2\/users\/1"}],"replies":[{"embeddable":true,"href":"https:\/\/cowboyspincasino.net\/fr\/wp-json\/wp\/v2\/comments?post=1440"}],"version-history":[{"count":3,"href":"https:\/\/cowboyspincasino.net\/fr\/wp-json\/wp\/v2\/pages\/1440\/revisions"}],"predecessor-version":[{"id":2038,"href":"https:\/\/cowboyspincasino.net\/fr\/wp-json\/wp\/v2\/pages\/1440\/revisions\/2038"}],"wp:attachment":[{"href":"https:\/\/cowboyspincasino.net\/fr\/wp-json\/wp\/v2\/media?parent=1440"}],"curies":[{"name":"wp","href":"https:\/\/api.w.org\/{rel}","templated":true}]}}