{"id":1487,"date":"2026-01-20T12:11:11","date_gmt":"2026-01-20T12:11:11","guid":{"rendered":"https:\/\/bonuskongcasino.com\/login-and-registration\/"},"modified":"2026-03-23T09:42:14","modified_gmt":"2026-03-23T09:42:14","slug":"inicio-de-sesion-y-registro","status":"publish","type":"page","link":"https:\/\/cowboyspincasino.net\/es\/inicio-de-sesion-y-registro\/","title":{"rendered":"Inicio de sesi\u00f3n y Registro"},"content":{"rendered":"<h1>Inicio de sesi\u00f3n y registro en Cowboyspin<\/h1>\n<p>Una vez que hayas completado el proceso de registro, el primer paso para acceder a tu perfil en nuestra p\u00e1gina web es completar el proceso de Cowboyspin login. Ambos procesos son r\u00e1pidos y sencillos, por lo que resultar\u00e1n f\u00e1ciles de completar incluso si eres un usuario espa\u00f1ol nuevo en la plataforma.<\/p>\n<p><div class=\"banner-wrap\" aria-label=\"Banner\"><img src=\"https:\/\/cowboyspincasino.net\/wp-content\/uploads\/2026\/03\/banner-desktop2x.webp\" class=\"w-100 d-none d-lg-block img-pc main-banner-img\" alt=\"Cowboyspin bonus desktop\" fetchpriority=\"high\" decoding=\"async\"><img src=\"https:\/\/cowboyspincasino.net\/wp-content\/uploads\/2026\/03\/banner-mobile2x.webp\" class=\"w-100 d-none d-md-block d-lg-none main-banner-img\" alt=\"Cowboyspin bonus mobile\" fetchpriority=\"high\" decoding=\"async\"><img src=\"https:\/\/cowboyspincasino.net\/wp-content\/uploads\/2026\/03\/banner-mobile2x.webp\" class=\"w-100 d-md-none\" alt=\"Cowboyspin bonus mobile\" fetchpriority=\"high\" decoding=\"async\"><div class=\"banner-description\">\n<div class=\"banner-title\">Bonos de bienvenida<\/div>\n<p class=\"banner-header-title\">1500 \u20ac<\/p>\n<div class=\"banner-header-AdditionalText\">+ 250 Tiradas gratis<\/div>\n<button data-item=\"homepage_banner_link\" class=\"goto m-button m-gradient-border m-button--primary m-button--large banner-button btn-orange\">\n            <div class=\"m-button-content\">\n                <span>Reg\u00edstrate ahora<\/span>\n                <span><\/span>\n            <\/div>\n        <\/button>\n<\/div>\n<div class=\"WelcomePack\">\n<p><img loading=\"lazy\" decoding=\"async\" class=\"alignnone size-full wp-image-1857\" src=\"https:\/\/cowboyspincasino.net\/wp-content\/uploads\/2026\/03\/welcome-crown.png\" alt=\"welcome crown\" width=\"25\" height=\"26\" \/><\/p>\n<div class=\"WelcomePack-Info\">Reembolso semanal de hasta el 25 %<\/div>\n<p><img loading=\"lazy\" decoding=\"async\" class=\"alignnone size-full wp-image-1857\" src=\"https:\/\/cowboyspincasino.net\/wp-content\/uploads\/2026\/03\/welcome-crown.png\" alt=\"welcome crown\" width=\"25\" height=\"26\" \/><\/p>\n<\/div>\n<\/div><div class=\"scrollable-content-wrap my-5\"><div class=\"scrollable-content-inner\"><h2>Registro de cuenta en Cowboy Spin<\/h2>\n<p>Si has navegado lo suficiente por Cowboyspin como para decidir registrarte y crear una cuenta, tendr\u00e1s que seguir el proceso de registro. Este es un paso esencial para empezar a jugar en el sitio web, ya que, sin una cuenta, no podr\u00e1s realizar dep\u00f3sitos en nuestra plataforma ni ganar dinero real mientras juegas.<\/p>\n<h3>Crea tu perfil<\/h3>\n<p>Registrarse para obtener una cuenta en el sitio web de Cowboyspin Casino solo lleva unos minutos y es lo suficientemente sencillo incluso para aquellos que nunca han jugado online. Solo tienes que enviar algunos datos y finalizar el procedimiento. Aqu\u00ed tienes una breve gu\u00eda sobre c\u00f3mo registrarte paso a paso:<\/p>\n<ol>\n<li>Pulsa el bot\u00f3n \u00abReg\u00edstrate\u00bb en la esquina derecha.<\/li>\n<li>Introduce tu direcci\u00f3n de correo electr\u00f3nico.<\/li>\n<li>Crea una contrase\u00f1a.<\/li>\n<li>Introduce un c\u00f3digo promocional si tienes uno.<\/li>\n<li>Confirma que eres mayor de 18 a\u00f1os.<\/li>\n<li>Pulsa el bot\u00f3n de confirmaci\u00f3n para finalizar.<\/li>\n<\/ol>\n<p><img loading=\"lazy\" decoding=\"async\" class=\"alignnone size-full wp-image-1953\" src=\"https:\/\/cowboyspincasino.net\/wp-content\/uploads\/2026\/03\/Cowboyspin.webp\" alt=\"Cowboyspin login\" width=\"1248\" height=\"536\" srcset=\"https:\/\/cowboyspincasino.net\/wp-content\/uploads\/2026\/03\/Cowboyspin.webp 1248w, https:\/\/cowboyspincasino.net\/wp-content\/uploads\/2026\/03\/Cowboyspin-300x129.webp 300w, https:\/\/cowboyspincasino.net\/wp-content\/uploads\/2026\/03\/Cowboyspin-1024x440.webp 1024w, https:\/\/cowboyspincasino.net\/wp-content\/uploads\/2026\/03\/Cowboyspin-768x330.webp 768w\" sizes=\"auto, (max-width: 1248px) 100vw, 1248px\" \/><\/p>\n<h2>C\u00f3mo usar una cuenta de Cowboyspin<\/h2>\n<p>Para acceder a tu perfil personal en nuestra p\u00e1gina web, haz clic en el bot\u00f3n \u00abIniciar sesi\u00f3n\u00bb de Cowboyspin; se encuentra junto al bot\u00f3n de registro, en la esquina superior derecha de la p\u00e1gina principal. En primer lugar, introduce la direcci\u00f3n de correo electr\u00f3nico y la contrase\u00f1a que utilizaste para registrarte. Para terminar, pulsa el bot\u00f3n que dice \u00abIniciar sesi\u00f3n\u00bb y podr\u00e1s acceder a tu perfil.<\/p>\n<p>Tener una cuenta de Cowboy Spin en la plataforma te da acceso a todos los juegos de la biblioteca y te ofrece la posibilidad de jugar con dinero real. Tambi\u00e9n obtienes acceso a ofertas de bonos, torneos, misiones y muchas otras actividades con dinero real en el sitio web.<\/p>\n<p>Otra ventaja importante de tener una cuenta registrada en el sitio es que puedes realizar modificaciones y personalizaciones:<\/p>\n<table>\n<tbody>\n<tr>\n<td>Caracter\u00edstica<\/td>\n<td>Qu\u00e9 puedes hacer<\/td>\n<\/tr>\n<tr>\n<td>Gesti\u00f3n de datos personales<\/td>\n<td>Cambiar informaci\u00f3n personal, como tu contrase\u00f1a o los datos de tu cuenta<\/td>\n<\/tr>\n<tr>\n<td>Historial de transacciones<\/td>\n<td>Ver tu historial completo de dep\u00f3sitos, retiradas y otras transacciones<\/td>\n<\/tr>\n<tr>\n<td>Autenticaci\u00f3n de dos factores (2FA)<\/td>\n<td>Activa una seguridad adicional para proteger tu cuenta<\/td>\n<\/tr>\n<tr>\n<td>Secci\u00f3n de favoritos<\/td>\n<td>A\u00f1ade tus juegos favoritos a la secci\u00f3n de favoritos para acceder a ellos m\u00e1s r\u00e1pidamente<\/td>\n<\/tr>\n<tr>\n<td>Juego responsable<\/td>\n<td>Ajusta la configuraci\u00f3n y establece l\u00edmites para tu experiencia<\/td>\n<\/tr>\n<\/tbody>\n<\/table>\n<h3>Verificaci\u00f3n de perfil y seguridad en Cowboyspin Casino<\/h3>\n<p>En Cowboyspin Casino, apostamos por la seguridad, por lo que mantenemos a salvo toda la informaci\u00f3n de nuestros usuarios. Seguimos normas estrictas para mantener un entorno seguro dentro de la plataforma. El sistema \u00abKnow Your Customer\u00bb (KYC) es el n\u00facleo de nuestros procedimientos de seguridad para verificar que todos los usuarios de la plataforma son reales y no suponen ning\u00fan riesgo para el sitio. Siempre comprobamos la identidad de nuestros usuarios, bloqueamos las cuentas fraudulentas y no permitimos el uso de nuestro sitio web a menores de edad.<\/p>\n<p>Tambi\u00e9n hemos establecido medidas de seguridad rigurosas en Cowboyspin para proteger el sitio web de ataques de hackers y evitar fugas de datos. Estas son las medidas que hemos implementado:<\/p>\n<ul>\n<li>Cifrado TLS 1.3 que protege la transmisi\u00f3n de datos.<\/li>\n<li>Certificaci\u00f3n RNG para garantizar la imparcialidad de los juegos.<\/li>\n<li>Autenticaci\u00f3n de dos factores para proteger las cuentas de los jugadores contra el acceso no autorizado.<\/li>\n<li>Verificaci\u00f3n KYC que confirma la identidad del jugador.<\/li>\n<li>Supervisi\u00f3n de fraudes las 24 horas del d\u00eda, los 7 d\u00edas de la semana, para detectar cualquier actividad sospechosa.<\/li>\n<\/ul>\n<h3>\u00bfHas olvidado tu contrase\u00f1a?<\/h3>\n<p>A menudo, los jugadores olvidan las contrase\u00f1as de sus cuentas. Puede ocurrir en cualquier momento, pero es m\u00e1s probable que suceda si no has jugado en un tiempo. Sin embargo, la mayor\u00eda de las veces, los clientes simplemente introducen la informaci\u00f3n de forma incorrecta. Cometer un error al introducir la contrase\u00f1a es lo m\u00e1s habitual. Aseg\u00farate de que la informaci\u00f3n que introduces y la configuraci\u00f3n de las may\u00fasculas (Caps Lock) sean correctas.<\/p>\n<p>Si no funciona, puedes hacer clic en la opci\u00f3n \u00ab\u00bfHas olvidado tu contrase\u00f1a?\u00bb. Introduce tu direcci\u00f3n de correo electr\u00f3nico. Te enviaremos un enlace para restablecer los datos. Tambi\u00e9n puedes ponerte en contacto con el equipo de asistencia para otros problemas si sigues teniendo dificultades para iniciar sesi\u00f3n. El chat en vivo y el correo electr\u00f3nico pueden ayudarte. Ofrecemos asistencia multiling\u00fce.<\/p>\n<h2>Preguntas frecuentes<\/h2>\n<h3>\u00bfC\u00f3mo completo el proceso de verificaci\u00f3n de la cuenta?<\/h3>\n<p>El proceso de verificaci\u00f3n de Cowboy Spin es muy sencillo; solo tienes que proporcionar algunos documentos, como un documento de identidad, un justificante de domicilio y otros datos personales. El proceso de revisi\u00f3n no lleva mucho tiempo, pero te recomendamos que lo hagas tan pronto como te registres.<\/p>\n<h3>\u00bfC\u00f3mo actualizo la contrase\u00f1a o la direcci\u00f3n de correo electr\u00f3nico?<\/h3>\n<p>Puedes modificar cualquier dato personal que desees en tu perfil de Cowboy Spin. Solo tienes que iniciar sesi\u00f3n en tu cuenta, buscar la informaci\u00f3n que quieras modificar y realizar los cambios.<\/p>\n<h3>\u00bfPuedo jugar sin tener una cuenta?<\/h3>\n<p>S\u00ed, es posible jugar sin tener una cuenta en Cowboyspin. Sin embargo, no podr\u00e1s jugar con dinero real; por lo tanto, tampoco podr\u00e1s ganar nada. Si te gusta jugar en modo demo, puedes hacerlo sin registrarte.<\/p>\n<h3>\u00bfEs posible crear varias cuentas?<\/h3>\n<p>Lamentablemente, no. No permitimos que nuestros usuarios creen varias cuentas en Cowboy Spin. Nuestras normas establecen que cada jugador solo puede tener una cuenta. Si incumples las normas, se te expulsar\u00e1 de la plataforma.<\/p>\n<\/div><\/div><\/p>\n","protected":false},"excerpt":{"rendered":"<p>Inicio de sesi\u00f3n y registro en Cowboyspin Una vez que hayas completado el proceso de registro, el primer paso para acceder a tu perfil en nuestra p\u00e1gina web es completar el proceso de Cowboyspin login. Ambos procesos son r\u00e1pidos y sencillos, por lo que resultar\u00e1n f\u00e1ciles de completar incluso si eres un usuario espa\u00f1ol nuevo [&hellip;]<\/p>\n","protected":false},"author":1,"featured_media":0,"parent":0,"menu_order":0,"comment_status":"closed","ping_status":"closed","template":"template-builder.php","meta":{"_acf_changed":false,"inline_featured_image":false,"footnotes":""},"class_list":["post-1487","page","type-page","status-publish","hentry"],"acf":[],"yoast_head":"<!-- This site is optimized with the Yoast SEO plugin v27.3 - https:\/\/yoast.com\/product\/yoast-seo-wordpress\/ -->\n<title>Cowboyspin Login | Acceso seguro a la cuenta y registro<\/title>\n<meta name=\"description\" content=\"Tu inicio de sesi\u00f3n en Cowboyspin es la llave que te da acceso a miles de juegos. Inicia sesi\u00f3n para jugar o registrar una nueva cuenta, completar la verificaci\u00f3n segura, gestionar tus fondos y ponerte en contacto con el servicio de asistencia 24\/7.\" \/>\n<meta name=\"robots\" content=\"index, follow, max-snippet:-1, max-image-preview:large, max-video-preview:-1\" \/>\n<link rel=\"canonical\" href=\"https:\/\/cowboyspincasino.net\/es\/inicio-de-sesion-y-registro\/\" \/>\n<meta property=\"og:locale\" content=\"es_ES\" \/>\n<meta property=\"og:type\" content=\"article\" \/>\n<meta property=\"og:title\" content=\"Cowboyspin Login | Acceso seguro a la cuenta y registro\" \/>\n<meta property=\"og:description\" content=\"Tu inicio de sesi\u00f3n en Cowboyspin es la llave que te da acceso a miles de juegos. Inicia sesi\u00f3n para jugar o registrar una nueva cuenta, completar la verificaci\u00f3n segura, gestionar tus fondos y ponerte en contacto con el servicio de asistencia 24\/7.\" \/>\n<meta property=\"og:url\" content=\"https:\/\/cowboyspincasino.net\/es\/inicio-de-sesion-y-registro\/\" \/>\n<meta property=\"og:site_name\" content=\"cowboyspin\" \/>\n<meta property=\"article:modified_time\" content=\"2026-03-23T09:42:14+00:00\" \/>\n<meta name=\"twitter:card\" content=\"summary_large_image\" \/>\n<meta name=\"twitter:label1\" content=\"Est. reading time\" \/>\n\t<meta name=\"twitter:data1\" content=\"1 minute\" \/>\n<script type=\"application\/ld+json\" class=\"yoast-schema-graph\">{\"@context\":\"https:\\\/\\\/schema.org\",\"@graph\":[{\"@type\":\"WebPage\",\"@id\":\"https:\\\/\\\/cowboyspincasino.net\\\/es\\\/inicio-de-sesion-y-registro\\\/\",\"url\":\"https:\\\/\\\/cowboyspincasino.net\\\/es\\\/inicio-de-sesion-y-registro\\\/\",\"name\":\"Cowboyspin Login | Acceso seguro a la cuenta y registro\",\"isPartOf\":{\"@id\":\"https:\\\/\\\/cowboyspincasino.net\\\/es\\\/#website\"},\"datePublished\":\"2026-01-20T12:11:11+00:00\",\"dateModified\":\"2026-03-23T09:42:14+00:00\",\"description\":\"Tu inicio de sesi\u00f3n en Cowboyspin es la llave que te da acceso a miles de juegos. Inicia sesi\u00f3n para jugar o registrar una nueva cuenta, completar la verificaci\u00f3n segura, gestionar tus fondos y ponerte en contacto con el servicio de asistencia 24\\\/7.\",\"breadcrumb\":{\"@id\":\"https:\\\/\\\/cowboyspincasino.net\\\/es\\\/inicio-de-sesion-y-registro\\\/#breadcrumb\"},\"inLanguage\":\"es-ES\",\"potentialAction\":[{\"@type\":\"ReadAction\",\"target\":[\"https:\\\/\\\/cowboyspincasino.net\\\/es\\\/inicio-de-sesion-y-registro\\\/\"]}]},{\"@type\":\"BreadcrumbList\",\"@id\":\"https:\\\/\\\/cowboyspincasino.net\\\/es\\\/inicio-de-sesion-y-registro\\\/#breadcrumb\",\"itemListElement\":[{\"@type\":\"ListItem\",\"position\":1,\"name\":\"Cowboyspin\",\"item\":\"https:\\\/\\\/cowboyspincasino.net\\\/es\\\/\"},{\"@type\":\"ListItem\",\"position\":2,\"name\":\"Inicio de sesi\u00f3n y Registro\"}]},{\"@type\":\"WebSite\",\"@id\":\"https:\\\/\\\/cowboyspincasino.net\\\/es\\\/#website\",\"url\":\"https:\\\/\\\/cowboyspincasino.net\\\/es\\\/\",\"name\":\"Cowboyspin\",\"description\":\"\",\"publisher\":{\"@id\":\"https:\\\/\\\/cowboyspincasino.net\\\/es\\\/#organization\"},\"potentialAction\":[{\"@type\":\"SearchAction\",\"target\":{\"@type\":\"EntryPoint\",\"urlTemplate\":\"https:\\\/\\\/cowboyspincasino.net\\\/es\\\/?s={search_term_string}\"},\"query-input\":{\"@type\":\"PropertyValueSpecification\",\"valueRequired\":true,\"valueName\":\"search_term_string\"}}],\"inLanguage\":\"es-ES\"},{\"@type\":\"Organization\",\"@id\":\"https:\\\/\\\/cowboyspincasino.net\\\/es\\\/#organization\",\"name\":\"Cowboyspin\",\"url\":\"https:\\\/\\\/cowboyspincasino.net\\\/es\\\/\",\"logo\":{\"@type\":\"ImageObject\",\"inLanguage\":\"es-ES\",\"@id\":\"https:\\\/\\\/cowboyspincasino.net\\\/es\\\/#\\\/schema\\\/logo\\\/image\\\/\",\"url\":\"https:\\\/\\\/cowboyspincasino.net\\\/wp-content\\\/uploads\\\/2026\\\/03\\\/cowboyspin-logo.png\",\"contentUrl\":\"https:\\\/\\\/cowboyspincasino.net\\\/wp-content\\\/uploads\\\/2026\\\/03\\\/cowboyspin-logo.png\",\"width\":180,\"height\":66,\"caption\":\"Cowboyspin\"},\"image\":{\"@id\":\"https:\\\/\\\/cowboyspincasino.net\\\/es\\\/#\\\/schema\\\/logo\\\/image\\\/\"}}]}<\/script>\n<!-- \/ Yoast SEO plugin. -->","yoast_head_json":{"title":"Cowboyspin Login | Acceso seguro a la cuenta y registro","description":"Tu inicio de sesi\u00f3n en Cowboyspin es la llave que te da acceso a miles de juegos. Inicia sesi\u00f3n para jugar o registrar una nueva cuenta, completar la verificaci\u00f3n segura, gestionar tus fondos y ponerte en contacto con el servicio de asistencia 24\/7.","robots":{"index":"index","follow":"follow","max-snippet":"max-snippet:-1","max-image-preview":"max-image-preview:large","max-video-preview":"max-video-preview:-1"},"canonical":"https:\/\/cowboyspincasino.net\/es\/inicio-de-sesion-y-registro\/","og_locale":"es_ES","og_type":"article","og_title":"Cowboyspin Login | Acceso seguro a la cuenta y registro","og_description":"Tu inicio de sesi\u00f3n en Cowboyspin es la llave que te da acceso a miles de juegos. Inicia sesi\u00f3n para jugar o registrar una nueva cuenta, completar la verificaci\u00f3n segura, gestionar tus fondos y ponerte en contacto con el servicio de asistencia 24\/7.","og_url":"https:\/\/cowboyspincasino.net\/es\/inicio-de-sesion-y-registro\/","og_site_name":"cowboyspin","article_modified_time":"2026-03-23T09:42:14+00:00","twitter_card":"summary_large_image","twitter_misc":{"Est. reading time":"1 minute"},"schema":{"@context":"https:\/\/schema.org","@graph":[{"@type":"WebPage","@id":"https:\/\/cowboyspincasino.net\/es\/inicio-de-sesion-y-registro\/","url":"https:\/\/cowboyspincasino.net\/es\/inicio-de-sesion-y-registro\/","name":"Cowboyspin Login | Acceso seguro a la cuenta y registro","isPartOf":{"@id":"https:\/\/cowboyspincasino.net\/es\/#website"},"datePublished":"2026-01-20T12:11:11+00:00","dateModified":"2026-03-23T09:42:14+00:00","description":"Tu inicio de sesi\u00f3n en Cowboyspin es la llave que te da acceso a miles de juegos. Inicia sesi\u00f3n para jugar o registrar una nueva cuenta, completar la verificaci\u00f3n segura, gestionar tus fondos y ponerte en contacto con el servicio de asistencia 24\/7.","breadcrumb":{"@id":"https:\/\/cowboyspincasino.net\/es\/inicio-de-sesion-y-registro\/#breadcrumb"},"inLanguage":"es-ES","potentialAction":[{"@type":"ReadAction","target":["https:\/\/cowboyspincasino.net\/es\/inicio-de-sesion-y-registro\/"]}]},{"@type":"BreadcrumbList","@id":"https:\/\/cowboyspincasino.net\/es\/inicio-de-sesion-y-registro\/#breadcrumb","itemListElement":[{"@type":"ListItem","position":1,"name":"Cowboyspin","item":"https:\/\/cowboyspincasino.net\/es\/"},{"@type":"ListItem","position":2,"name":"Inicio de sesi\u00f3n y Registro"}]},{"@type":"WebSite","@id":"https:\/\/cowboyspincasino.net\/es\/#website","url":"https:\/\/cowboyspincasino.net\/es\/","name":"Cowboyspin","description":"","publisher":{"@id":"https:\/\/cowboyspincasino.net\/es\/#organization"},"potentialAction":[{"@type":"SearchAction","target":{"@type":"EntryPoint","urlTemplate":"https:\/\/cowboyspincasino.net\/es\/?s={search_term_string}"},"query-input":{"@type":"PropertyValueSpecification","valueRequired":true,"valueName":"search_term_string"}}],"inLanguage":"es-ES"},{"@type":"Organization","@id":"https:\/\/cowboyspincasino.net\/es\/#organization","name":"Cowboyspin","url":"https:\/\/cowboyspincasino.net\/es\/","logo":{"@type":"ImageObject","inLanguage":"es-ES","@id":"https:\/\/cowboyspincasino.net\/es\/#\/schema\/logo\/image\/","url":"https:\/\/cowboyspincasino.net\/wp-content\/uploads\/2026\/03\/cowboyspin-logo.png","contentUrl":"https:\/\/cowboyspincasino.net\/wp-content\/uploads\/2026\/03\/cowboyspin-logo.png","width":180,"height":66,"caption":"Cowboyspin"},"image":{"@id":"https:\/\/cowboyspincasino.net\/es\/#\/schema\/logo\/image\/"}}]}},"_links":{"self":[{"href":"https:\/\/cowboyspincasino.net\/es\/wp-json\/wp\/v2\/pages\/1487","targetHints":{"allow":["GET"]}}],"collection":[{"href":"https:\/\/cowboyspincasino.net\/es\/wp-json\/wp\/v2\/pages"}],"about":[{"href":"https:\/\/cowboyspincasino.net\/es\/wp-json\/wp\/v2\/types\/page"}],"author":[{"embeddable":true,"href":"https:\/\/cowboyspincasino.net\/es\/wp-json\/wp\/v2\/users\/1"}],"replies":[{"embeddable":true,"href":"https:\/\/cowboyspincasino.net\/es\/wp-json\/wp\/v2\/comments?post=1487"}],"version-history":[{"count":2,"href":"https:\/\/cowboyspincasino.net\/es\/wp-json\/wp\/v2\/pages\/1487\/revisions"}],"predecessor-version":[{"id":2082,"href":"https:\/\/cowboyspincasino.net\/es\/wp-json\/wp\/v2\/pages\/1487\/revisions\/2082"}],"wp:attachment":[{"href":"https:\/\/cowboyspincasino.net\/es\/wp-json\/wp\/v2\/media?parent=1487"}],"curies":[{"name":"wp","href":"https:\/\/api.w.org\/{rel}","templated":true}]}}