{"id":1449,"date":"2026-01-20T12:08:23","date_gmt":"2026-01-20T12:08:23","guid":{"rendered":"https:\/\/bonuskongcasino.com\/app-2\/"},"modified":"2026-03-23T09:39:40","modified_gmt":"2026-03-23T09:39:40","slug":"aplicacion","status":"publish","type":"page","link":"https:\/\/cowboyspincasino.net\/es\/aplicacion\/","title":{"rendered":"Aplicaci\u00f3n"},"content":{"rendered":"<h1>Aplicaci\u00f3n m\u00f3vil de Cowboyspin<\/h1>\n<p>Si eres un entusiasta de los juegos m\u00f3viles y te gusta jugar fuera de casa, la Cowboyspin app es la mejor opci\u00f3n para ti. Nuestro software ofrece la misma interfaz y funcionalidad que la versi\u00f3n de escritorio, pero est\u00e1 disponible para smartphones y tabletas. La aplicaci\u00f3n es compatible con los sistemas operativos iOS y Android, y tambi\u00e9n se puede instalar en un ordenador de sobremesa. Est\u00e1 optimizada para pantallas m\u00e1s peque\u00f1as y cuenta con la misma biblioteca de funciones que la versi\u00f3n para navegador de Cowboy Spin.<\/p>\n<div class=\"banner-wrap\" aria-label=\"Banner\"><img src=\"https:\/\/cowboyspincasino.net\/wp-content\/uploads\/2026\/03\/banner-desktop2x.webp\" class=\"w-100 d-none d-lg-block img-pc main-banner-img\" alt=\"Cowboyspin bonus desktop\" fetchpriority=\"high\" decoding=\"async\"><img src=\"https:\/\/cowboyspincasino.net\/wp-content\/uploads\/2026\/03\/banner-mobile2x.webp\" class=\"w-100 d-none d-md-block d-lg-none main-banner-img\" alt=\"Cowboyspin bonus mobile\" fetchpriority=\"high\" decoding=\"async\"><img src=\"https:\/\/cowboyspincasino.net\/wp-content\/uploads\/2026\/03\/banner-mobile2x.webp\" class=\"w-100 d-md-none\" alt=\"Cowboyspin bonus mobile\" fetchpriority=\"high\" decoding=\"async\"><div class=\"banner-description\">\n<div class=\"banner-title\">Bonos de bienvenida<\/div>\n<p class=\"banner-header-title\">1500 \u20ac<\/p>\n<div class=\"banner-header-AdditionalText\">+ 250 Tiradas gratis<\/div>\n<button data-item=\"homepage_banner_link\" class=\"goto m-button m-gradient-border m-button--primary m-button--large banner-button btn-orange\">\n            <div class=\"m-button-content\">\n                <span>Reg\u00edstrate ahora<\/span>\n                <span><\/span>\n            <\/div>\n        <\/button>\n<\/div>\n<div class=\"WelcomePack\">\n<p><img loading=\"lazy\" decoding=\"async\" class=\"alignnone size-full wp-image-1857\" src=\"https:\/\/cowboyspincasino.net\/wp-content\/uploads\/2026\/03\/welcome-crown.png\" alt=\"welcome crown\" width=\"25\" height=\"26\" \/><\/p>\n<div class=\"WelcomePack-Info\">Reembolso semanal de hasta el 25 %<\/div>\n<p><img loading=\"lazy\" decoding=\"async\" class=\"alignnone size-full wp-image-1857\" src=\"https:\/\/cowboyspincasino.net\/wp-content\/uploads\/2026\/03\/welcome-crown.png\" alt=\"welcome crown\" width=\"25\" height=\"26\" \/><\/p>\n<\/div>\n<\/div>\n<h2>Ventajas de la aplicaci\u00f3n m\u00f3vil Cowboyspin<\/h2>\n<p>La aplicaci\u00f3n m\u00f3vil de casino Cowboyspin es una versi\u00f3n optimizada del sitio web dise\u00f1ada para dispositivos m\u00f3viles. Se trata de una PWA (aplicaci\u00f3n web progresiva), lo que hace que el proceso de instalaci\u00f3n sea m\u00e1s f\u00e1cil y r\u00e1pido que el de las aplicaciones tradicionales. No es necesario buscar nuestra aplicaci\u00f3n en las tiendas de aplicaciones, ya que la instalaci\u00f3n se realiza directamente a trav\u00e9s del sitio web de Cowboyspin Casino. La aplicaci\u00f3n PWA se actualiza autom\u00e1ticamente y env\u00eda notificaciones peri\u00f3dicas a los usuarios espa\u00f1oles, lo que les permite mantenerse al d\u00eda de las ofertas actuales.<\/p>\n<p>El uso de la versi\u00f3n m\u00f3vil ofrece numerosas ventajas con respecto a la versi\u00f3n para PC; estas son las m\u00e1s importantes:<\/p>\n<ul>\n<li>Posibilidad de jugar en cualquier lugar<\/li>\n<li>Carga m\u00e1s r\u00e1pida de los datos<\/li>\n<li>Notificaciones peri\u00f3dicas sobre ofertas<\/li>\n<li>F\u00e1cil navegaci\u00f3n en dispositivos m\u00f3viles<\/li>\n<li>Acceso instant\u00e1neo a juegos y bonificaciones<\/li>\n<li>Optimizaci\u00f3n que no agota la bater\u00eda<\/li>\n<\/ul>\n<p><div class=\"scrollable-content-wrap my-5\"><div class=\"scrollable-content-inner\"><h2>Aplicaci\u00f3n m\u00f3vil de Cowboyspin para Android<\/h2>\n<p>La aplicaci\u00f3n de Cowboyspin est\u00e1 disponible de forma gratuita para Android y est\u00e1 perfectamente optimizada para este sistema operativo. Los usuarios con diferentes tipos de dispositivos que funcionan con Android pueden instalarla f\u00e1cilmente y comenzar su aventura en el casino online. El proceso de descarga es r\u00e1pido; no se tarda m\u00e1s de un par de minutos en acceder al casino desde el m\u00f3vil.<\/p>\n<p>Tras el proceso, Cowboy Spin aparecer\u00e1 en la pantalla de inicio del jugador. Solo tienes que hacer clic en ella y comenzar tu aventura en el casino. A trav\u00e9s de la versi\u00f3n m\u00f3vil de la plataforma, puedes explorar el lobby y reclamar bonos, as\u00ed como gestionar tu perfil personal y muchas otras funciones.<\/p>\n<h3>Instalaci\u00f3n de la PWA<\/h3>\n<p>La aplicaci\u00f3n PWA de Cowboyspin es muy pr\u00e1ctica. Es f\u00e1cil de descargar, ya que solo se necesitan unos pocos pasos para instalarla en la pantalla de inicio. En comparaci\u00f3n con otras aplicaciones populares, nuestro software no requiere que navegues por Google Play para conseguirlo, lo que agiliza el proceso. Tras la instalaci\u00f3n, funciona como una aplicaci\u00f3n normal disponible desde la pantalla de inicio con un solo clic. Adem\u00e1s, se actualiza autom\u00e1ticamente en segundo plano.<\/p>\n<p>A continuaci\u00f3n te explicamos c\u00f3mo instalar el software:<\/p>\n<ol>\n<li>Utiliza el navegador Chrome para abrir Cowboy Spin.<\/li>\n<li>Pulsa los tres puntos para abrir el men\u00fa.<\/li>\n<li>Selecciona \u00abA\u00f1adir a la pantalla de inicio\u00bb.<\/li>\n<li>La aplicaci\u00f3n deber\u00eda a\u00f1adirse a tu pantalla de inicio.<\/li>\n<\/ol>\n<h3>APK<\/h3>\n<p>El formato APK es pr\u00e1ctico y est\u00e1 disponible en todos los dispositivos Android, pero decidimos optar por la opci\u00f3n PWA al desarrollar nuestro software. La aplicaci\u00f3n Cowboyspin se dise\u00f1\u00f3 espec\u00edficamente como una PWA en lugar de un APK para facilitar el proceso de instalaci\u00f3n y hacer que el acceso a la experiencia de juego sea m\u00e1s r\u00e1pido y sencillo.<\/p>\n<p>Con este enfoque, los jugadores no necesitan descargar archivos desconocidos ni cambiar la configuraci\u00f3n de seguridad de sus dispositivos. Todo se realiza a trav\u00e9s del navegador en unos pocos pasos. Este m\u00e9todo tambi\u00e9n elimina la necesidad de instalar actualizaciones peri\u00f3dicas, ya que la aplicaci\u00f3n PWA lo hace por s\u00ed misma. Con este formato, los usuarios siempre tienen la \u00faltima versi\u00f3n de Cowboy Spin al alcance de la mano.<\/p>\n<p><img loading=\"lazy\" decoding=\"async\" class=\"alignnone size-full wp-image-1937\" src=\"https:\/\/cowboyspincasino.net\/wp-content\/uploads\/2026\/03\/Cowboyspin-Android-App.webp\" alt=\"Cowboyspin Android App\" width=\"1248\" height=\"536\" srcset=\"https:\/\/cowboyspincasino.net\/wp-content\/uploads\/2026\/03\/Cowboyspin-Android-App.webp 1248w, https:\/\/cowboyspincasino.net\/wp-content\/uploads\/2026\/03\/Cowboyspin-Android-App-300x129.webp 300w, https:\/\/cowboyspincasino.net\/wp-content\/uploads\/2026\/03\/Cowboyspin-Android-App-1024x440.webp 1024w, https:\/\/cowboyspincasino.net\/wp-content\/uploads\/2026\/03\/Cowboyspin-Android-App-768x330.webp 768w\" sizes=\"auto, (max-width: 1248px) 100vw, 1248px\" \/><\/p>\n<\/div><\/div><div style=\"clear: both\"><\/div><div class=\"d-flex justify-content-center\"><button data-item=\"decouvrez_link\" data-group=\"website_links\" class=\"goto fw-bold rounded-pill btn btn-orange\" aria-label=\"Descarga la aplicaci\u00f3n Cowboyspin\" >Descarga la aplicaci\u00f3n Cowboyspin<\/button><\/div><div class=\"scrollable-content-wrap my-5\"><div class=\"scrollable-content-inner\"><h2>Aplicaci\u00f3n m\u00f3vil Cowboyspin para iOS<\/h2>\n<p>La descarga de la aplicaci\u00f3n Cowboyspin en iOS sigue los mismos pasos que en los dispositivos Android. No es necesario ir a la App Store; todo se hace a trav\u00e9s del navegador con unos pocos clics.<\/p>\n<p>Abre Safari y ve a Cowboyspin. A continuaci\u00f3n, solo tendr\u00e1s que pulsar el bot\u00f3n \u00abCompartir\u00bb en la parte inferior del navegador y seleccionar \u00abA\u00f1adir a la pantalla de inicio\u00bb en el men\u00fa. Por \u00faltimo, haz clic en \u00abA\u00f1adir\u00bb y ponle un nombre a la aplicaci\u00f3n; aparecer\u00e1 en tu pantalla de inicio y podr\u00e1s empezar a jugar. Puedes abrir el casino al instante y acceder a todas las ofertas de Cowboy Spin, incluidas las tragaperras online, las promociones, los torneos y muchas otras funciones.<\/p>\n<p><img loading=\"lazy\" decoding=\"async\" class=\"alignnone size-full wp-image-1929\" src=\"https:\/\/cowboyspincasino.net\/wp-content\/uploads\/2026\/03\/Cowboyspin-iOS-App.webp\" alt=\"Cowboyspin iOS App\" width=\"1248\" height=\"536\" srcset=\"https:\/\/cowboyspincasino.net\/wp-content\/uploads\/2026\/03\/Cowboyspin-iOS-App.webp 1248w, https:\/\/cowboyspincasino.net\/wp-content\/uploads\/2026\/03\/Cowboyspin-iOS-App-300x129.webp 300w, https:\/\/cowboyspincasino.net\/wp-content\/uploads\/2026\/03\/Cowboyspin-iOS-App-1024x440.webp 1024w, https:\/\/cowboyspincasino.net\/wp-content\/uploads\/2026\/03\/Cowboyspin-iOS-App-768x330.webp 768w\" sizes=\"auto, (max-width: 1248px) 100vw, 1248px\" \/><\/p>\n<\/div><\/div><div style=\"clear: both\"><\/div><div class=\"d-flex justify-content-center\"><button data-item=\"decouvrez_link\" data-group=\"website_links\" class=\"goto fw-bold rounded-pill btn btn-orange\" aria-label=\"Descargar Cowboyspin\" >Descargar Cowboyspin<\/button><\/div><div class=\"scrollable-content-wrap my-5\"><div class=\"scrollable-content-inner\"><h2>Aplicaci\u00f3n para Windows y macOS<\/h2>\n<p>La aplicaci\u00f3n Cowboyspin est\u00e1 disponible no solo en dispositivos Android e iOS, sino tambi\u00e9n en ordenadores de sobremesa. Est\u00e1 optimizada tanto para macOS como para Windows y ofrece a los usuarios de la plataforma un acceso m\u00e1s r\u00e1pido al casino. Funciona a la perfecci\u00f3n en ordenadores de sobremesa, proporcionando a los jugadores notificaciones peri\u00f3dicas sobre ofertas y eventos en curso.<\/p>\n<p>Para descargar nuestro software en el ordenador, ve a la p\u00e1gina web de Cowboy Spin y pulsa el bot\u00f3n de instalaci\u00f3n en la barra de direcciones; tiene el aspecto de una flecha. El proceso es el mismo independientemente del sistema operativo. Una vez completada la instalaci\u00f3n, el icono aparecer\u00e1 en tu pantalla de inicio.<\/p>\n<p>Tras la instalaci\u00f3n, Cowboyspin se abre r\u00e1pidamente y permite acceder a las funciones del casino sin necesidad de abrir el navegador.<\/p>\n<p><img loading=\"lazy\" decoding=\"async\" class=\"alignnone size-full wp-image-1945\" src=\"https:\/\/cowboyspincasino.net\/wp-content\/uploads\/2026\/03\/Cowboyspin-Desktop.webp\" alt=\"Cowboyspin Desktop\" width=\"1248\" height=\"536\" srcset=\"https:\/\/cowboyspincasino.net\/wp-content\/uploads\/2026\/03\/Cowboyspin-Desktop.webp 1248w, https:\/\/cowboyspincasino.net\/wp-content\/uploads\/2026\/03\/Cowboyspin-Desktop-300x129.webp 300w, https:\/\/cowboyspincasino.net\/wp-content\/uploads\/2026\/03\/Cowboyspin-Desktop-1024x440.webp 1024w, https:\/\/cowboyspincasino.net\/wp-content\/uploads\/2026\/03\/Cowboyspin-Desktop-768x330.webp 768w\" sizes=\"auto, (max-width: 1248px) 100vw, 1248px\" \/><\/p>\n<\/div><\/div><div style=\"clear: both\"><\/div><div class=\"d-flex justify-content-center\"><button data-item=\"decouvrez_link\" data-group=\"website_links\" class=\"goto fw-bold rounded-pill btn btn-orange\" aria-label=\"Descarga la aplicaci\u00f3n Cowboyspin\" >Descarga la aplicaci\u00f3n Cowboyspin<\/button><\/div><div class=\"scrollable-content-wrap my-5\"><div class=\"scrollable-content-inner\"><h2>Preguntas frecuentes<\/h2>\n<h3>\u00bfEs necesario crear una cuenta para utilizar la aplicaci\u00f3n de Cowboyspin?<\/h3>\n<p>No es necesario tener una cuenta para navegar por Cowboyspin, pero si quieres jugar con dinero real y beneficiarte de bonificaciones y otras actividades, sin duda tendr\u00e1s que registrarte. Adem\u00e1s, deber\u00e1s pasar por el proceso de verificaci\u00f3n.<\/p>\n<h3>\u00bfOfrece la aplicaci\u00f3n de Cowboyspin Casino servicio de atenci\u00f3n al cliente?<\/h3>\n<p>S\u00ed, el servicio de atenci\u00f3n al cliente est\u00e1 disponible en la aplicaci\u00f3n de Cowboyspin, al igual que en la versi\u00f3n de escritorio. Nuestro equipo de atenci\u00f3n al cliente est\u00e1 disponible las 24 horas del d\u00eda, los 7 d\u00edas de la semana, y puede responder a todas tus preguntas. Puedes ponerte en contacto con nosotros a trav\u00e9s del chat en vivo o por correo electr\u00f3nico en cualquier idioma.<\/p>\n<h3>\u00bfC\u00f3mo puedo actualizar la aplicaci\u00f3n de Cowboyspin Casino?<\/h3>\n<p>No es necesario actualizar la aplicaci\u00f3n de Cowboy Spin, ya que se actualiza autom\u00e1ticamente en segundo plano. El software siempre se mantiene actualizado, pase lo que pase.<\/p>\n<\/div><\/div><\/p>\n","protected":false},"excerpt":{"rendered":"<p>Aplicaci\u00f3n m\u00f3vil de Cowboyspin Si eres un entusiasta de los juegos m\u00f3viles y te gusta jugar fuera de casa, la Cowboyspin app es la mejor opci\u00f3n para ti. Nuestro software ofrece la misma interfaz y funcionalidad que la versi\u00f3n de escritorio, pero est\u00e1 disponible para smartphones y tabletas. La aplicaci\u00f3n es compatible con los sistemas [&hellip;]<\/p>\n","protected":false},"author":1,"featured_media":0,"parent":0,"menu_order":0,"comment_status":"closed","ping_status":"closed","template":"template-builder.php","meta":{"_acf_changed":false,"inline_featured_image":false,"footnotes":""},"class_list":["post-1449","page","type-page","status-publish","hentry"],"acf":[],"yoast_head":"<!-- This site is optimized with the Yoast SEO plugin v27.3 - https:\/\/yoast.com\/product\/yoast-seo-wordpress\/ -->\n<title>Cowboyspin Aplicaci\u00f3n Casino | Descargar para iOS y Android<\/title>\n<meta name=\"description\" content=\"\u00a1Ll\u00e9vate el casino contigo! Descarga la aplicaci\u00f3n Cowboyspin Casino en tu dispositivo Android o iOS para acceder de forma instant\u00e1nea y sencilla a todos tus juegos favoritos est\u00e9s donde est\u00e9s.\" \/>\n<meta name=\"robots\" content=\"index, follow, max-snippet:-1, max-image-preview:large, max-video-preview:-1\" \/>\n<link rel=\"canonical\" href=\"https:\/\/cowboyspincasino.net\/es\/aplicacion\/\" \/>\n<meta property=\"og:locale\" content=\"es_ES\" \/>\n<meta property=\"og:type\" content=\"article\" \/>\n<meta property=\"og:title\" content=\"Cowboyspin Aplicaci\u00f3n Casino | Descargar para iOS y Android\" \/>\n<meta property=\"og:description\" content=\"\u00a1Ll\u00e9vate el casino contigo! Descarga la aplicaci\u00f3n Cowboyspin Casino en tu dispositivo Android o iOS para acceder de forma instant\u00e1nea y sencilla a todos tus juegos favoritos est\u00e9s donde est\u00e9s.\" \/>\n<meta property=\"og:url\" content=\"https:\/\/cowboyspincasino.net\/es\/aplicacion\/\" \/>\n<meta property=\"og:site_name\" content=\"cowboyspin\" \/>\n<meta property=\"article:modified_time\" content=\"2026-03-23T09:39:40+00:00\" \/>\n<meta name=\"twitter:card\" content=\"summary_large_image\" \/>\n<meta name=\"twitter:label1\" content=\"Est. reading time\" \/>\n\t<meta name=\"twitter:data1\" content=\"2 minutes\" \/>\n<script type=\"application\/ld+json\" class=\"yoast-schema-graph\">{\"@context\":\"https:\\\/\\\/schema.org\",\"@graph\":[{\"@type\":\"WebPage\",\"@id\":\"https:\\\/\\\/cowboyspincasino.net\\\/es\\\/aplicacion\\\/\",\"url\":\"https:\\\/\\\/cowboyspincasino.net\\\/es\\\/aplicacion\\\/\",\"name\":\"Cowboyspin Aplicaci\u00f3n Casino | Descargar para iOS y Android\",\"isPartOf\":{\"@id\":\"https:\\\/\\\/cowboyspincasino.net\\\/es\\\/#website\"},\"datePublished\":\"2026-01-20T12:08:23+00:00\",\"dateModified\":\"2026-03-23T09:39:40+00:00\",\"description\":\"\u00a1Ll\u00e9vate el casino contigo! Descarga la aplicaci\u00f3n Cowboyspin Casino en tu dispositivo Android o iOS para acceder de forma instant\u00e1nea y sencilla a todos tus juegos favoritos est\u00e9s donde est\u00e9s.\",\"breadcrumb\":{\"@id\":\"https:\\\/\\\/cowboyspincasino.net\\\/es\\\/aplicacion\\\/#breadcrumb\"},\"inLanguage\":\"es-ES\",\"potentialAction\":[{\"@type\":\"ReadAction\",\"target\":[\"https:\\\/\\\/cowboyspincasino.net\\\/es\\\/aplicacion\\\/\"]}]},{\"@type\":\"BreadcrumbList\",\"@id\":\"https:\\\/\\\/cowboyspincasino.net\\\/es\\\/aplicacion\\\/#breadcrumb\",\"itemListElement\":[{\"@type\":\"ListItem\",\"position\":1,\"name\":\"Cowboyspin\",\"item\":\"https:\\\/\\\/cowboyspincasino.net\\\/es\\\/\"},{\"@type\":\"ListItem\",\"position\":2,\"name\":\"Aplicaci\u00f3n\"}]},{\"@type\":\"WebSite\",\"@id\":\"https:\\\/\\\/cowboyspincasino.net\\\/es\\\/#website\",\"url\":\"https:\\\/\\\/cowboyspincasino.net\\\/es\\\/\",\"name\":\"Cowboyspin\",\"description\":\"\",\"publisher\":{\"@id\":\"https:\\\/\\\/cowboyspincasino.net\\\/es\\\/#organization\"},\"potentialAction\":[{\"@type\":\"SearchAction\",\"target\":{\"@type\":\"EntryPoint\",\"urlTemplate\":\"https:\\\/\\\/cowboyspincasino.net\\\/es\\\/?s={search_term_string}\"},\"query-input\":{\"@type\":\"PropertyValueSpecification\",\"valueRequired\":true,\"valueName\":\"search_term_string\"}}],\"inLanguage\":\"es-ES\"},{\"@type\":\"Organization\",\"@id\":\"https:\\\/\\\/cowboyspincasino.net\\\/es\\\/#organization\",\"name\":\"Cowboyspin\",\"url\":\"https:\\\/\\\/cowboyspincasino.net\\\/es\\\/\",\"logo\":{\"@type\":\"ImageObject\",\"inLanguage\":\"es-ES\",\"@id\":\"https:\\\/\\\/cowboyspincasino.net\\\/es\\\/#\\\/schema\\\/logo\\\/image\\\/\",\"url\":\"https:\\\/\\\/cowboyspincasino.net\\\/wp-content\\\/uploads\\\/2026\\\/03\\\/cowboyspin-logo.png\",\"contentUrl\":\"https:\\\/\\\/cowboyspincasino.net\\\/wp-content\\\/uploads\\\/2026\\\/03\\\/cowboyspin-logo.png\",\"width\":180,\"height\":66,\"caption\":\"Cowboyspin\"},\"image\":{\"@id\":\"https:\\\/\\\/cowboyspincasino.net\\\/es\\\/#\\\/schema\\\/logo\\\/image\\\/\"}}]}<\/script>\n<!-- \/ Yoast SEO plugin. -->","yoast_head_json":{"title":"Cowboyspin Aplicaci\u00f3n Casino | Descargar para iOS y Android","description":"\u00a1Ll\u00e9vate el casino contigo! Descarga la aplicaci\u00f3n Cowboyspin Casino en tu dispositivo Android o iOS para acceder de forma instant\u00e1nea y sencilla a todos tus juegos favoritos est\u00e9s donde est\u00e9s.","robots":{"index":"index","follow":"follow","max-snippet":"max-snippet:-1","max-image-preview":"max-image-preview:large","max-video-preview":"max-video-preview:-1"},"canonical":"https:\/\/cowboyspincasino.net\/es\/aplicacion\/","og_locale":"es_ES","og_type":"article","og_title":"Cowboyspin Aplicaci\u00f3n Casino | Descargar para iOS y Android","og_description":"\u00a1Ll\u00e9vate el casino contigo! Descarga la aplicaci\u00f3n Cowboyspin Casino en tu dispositivo Android o iOS para acceder de forma instant\u00e1nea y sencilla a todos tus juegos favoritos est\u00e9s donde est\u00e9s.","og_url":"https:\/\/cowboyspincasino.net\/es\/aplicacion\/","og_site_name":"cowboyspin","article_modified_time":"2026-03-23T09:39:40+00:00","twitter_card":"summary_large_image","twitter_misc":{"Est. reading time":"2 minutes"},"schema":{"@context":"https:\/\/schema.org","@graph":[{"@type":"WebPage","@id":"https:\/\/cowboyspincasino.net\/es\/aplicacion\/","url":"https:\/\/cowboyspincasino.net\/es\/aplicacion\/","name":"Cowboyspin Aplicaci\u00f3n Casino | Descargar para iOS y Android","isPartOf":{"@id":"https:\/\/cowboyspincasino.net\/es\/#website"},"datePublished":"2026-01-20T12:08:23+00:00","dateModified":"2026-03-23T09:39:40+00:00","description":"\u00a1Ll\u00e9vate el casino contigo! Descarga la aplicaci\u00f3n Cowboyspin Casino en tu dispositivo Android o iOS para acceder de forma instant\u00e1nea y sencilla a todos tus juegos favoritos est\u00e9s donde est\u00e9s.","breadcrumb":{"@id":"https:\/\/cowboyspincasino.net\/es\/aplicacion\/#breadcrumb"},"inLanguage":"es-ES","potentialAction":[{"@type":"ReadAction","target":["https:\/\/cowboyspincasino.net\/es\/aplicacion\/"]}]},{"@type":"BreadcrumbList","@id":"https:\/\/cowboyspincasino.net\/es\/aplicacion\/#breadcrumb","itemListElement":[{"@type":"ListItem","position":1,"name":"Cowboyspin","item":"https:\/\/cowboyspincasino.net\/es\/"},{"@type":"ListItem","position":2,"name":"Aplicaci\u00f3n"}]},{"@type":"WebSite","@id":"https:\/\/cowboyspincasino.net\/es\/#website","url":"https:\/\/cowboyspincasino.net\/es\/","name":"Cowboyspin","description":"","publisher":{"@id":"https:\/\/cowboyspincasino.net\/es\/#organization"},"potentialAction":[{"@type":"SearchAction","target":{"@type":"EntryPoint","urlTemplate":"https:\/\/cowboyspincasino.net\/es\/?s={search_term_string}"},"query-input":{"@type":"PropertyValueSpecification","valueRequired":true,"valueName":"search_term_string"}}],"inLanguage":"es-ES"},{"@type":"Organization","@id":"https:\/\/cowboyspincasino.net\/es\/#organization","name":"Cowboyspin","url":"https:\/\/cowboyspincasino.net\/es\/","logo":{"@type":"ImageObject","inLanguage":"es-ES","@id":"https:\/\/cowboyspincasino.net\/es\/#\/schema\/logo\/image\/","url":"https:\/\/cowboyspincasino.net\/wp-content\/uploads\/2026\/03\/cowboyspin-logo.png","contentUrl":"https:\/\/cowboyspincasino.net\/wp-content\/uploads\/2026\/03\/cowboyspin-logo.png","width":180,"height":66,"caption":"Cowboyspin"},"image":{"@id":"https:\/\/cowboyspincasino.net\/es\/#\/schema\/logo\/image\/"}}]}},"_links":{"self":[{"href":"https:\/\/cowboyspincasino.net\/es\/wp-json\/wp\/v2\/pages\/1449","targetHints":{"allow":["GET"]}}],"collection":[{"href":"https:\/\/cowboyspincasino.net\/es\/wp-json\/wp\/v2\/pages"}],"about":[{"href":"https:\/\/cowboyspincasino.net\/es\/wp-json\/wp\/v2\/types\/page"}],"author":[{"embeddable":true,"href":"https:\/\/cowboyspincasino.net\/es\/wp-json\/wp\/v2\/users\/1"}],"replies":[{"embeddable":true,"href":"https:\/\/cowboyspincasino.net\/es\/wp-json\/wp\/v2\/comments?post=1449"}],"version-history":[{"count":3,"href":"https:\/\/cowboyspincasino.net\/es\/wp-json\/wp\/v2\/pages\/1449\/revisions"}],"predecessor-version":[{"id":2081,"href":"https:\/\/cowboyspincasino.net\/es\/wp-json\/wp\/v2\/pages\/1449\/revisions\/2081"}],"wp:attachment":[{"href":"https:\/\/cowboyspincasino.net\/es\/wp-json\/wp\/v2\/media?parent=1449"}],"curies":[{"name":"wp","href":"https:\/\/api.w.org\/{rel}","templated":true}]}}