{"id":1483,"date":"2026-01-20T12:11:11","date_gmt":"2026-01-20T12:11:11","guid":{"rendered":"https:\/\/bonuskongcasino.com\/login-and-registration\/"},"modified":"2026-03-23T08:06:43","modified_gmt":"2026-03-23T08:06:43","slug":"anmeldung-und-registrierung","status":"publish","type":"page","link":"https:\/\/cowboyspincasino.net\/de\/anmeldung-und-registrierung\/","title":{"rendered":"Anmeldung und Registrierung"},"content":{"rendered":"<h1>Anmeldung und Registrierung bei Cowboyspin<\/h1>\n<p>Nachdem Sie den Registrierungsvorgang abgeschlossen haben, ist der erste Schritt zum Zugriff auf Ihr Profil auf unserer Website die Durchf\u00fchrung des Cowboyspin Login Prozesses. Beide Vorg\u00e4nge sind schnell und benutzerfreundlich gestaltet, sodass sie auch f\u00fcr Neulinge auf der Plattform leicht zu bew\u00e4ltigen sind.<\/p>\n<p><div class=\"banner-wrap\" aria-label=\"Banner\"><img src=\"https:\/\/cowboyspincasino.net\/wp-content\/uploads\/2026\/03\/banner-desktop2x.webp\" class=\"w-100 d-none d-lg-block img-pc main-banner-img\" alt=\"Cowboyspin bonus desktop\" fetchpriority=\"high\" decoding=\"async\"><img src=\"https:\/\/cowboyspincasino.net\/wp-content\/uploads\/2026\/03\/banner-mobile2x.webp\" class=\"w-100 d-none d-md-block d-lg-none main-banner-img\" alt=\"Cowboyspin bonus mobile\" fetchpriority=\"high\" decoding=\"async\"><img src=\"https:\/\/cowboyspincasino.net\/wp-content\/uploads\/2026\/03\/banner-mobile2x.webp\" class=\"w-100 d-md-none\" alt=\"Cowboyspin bonus mobile\" fetchpriority=\"high\" decoding=\"async\"><div class=\"banner-description\">\n<div class=\"banner-title\">Willkommensboni<\/div>\n<p class=\"banner-header-title\">1500 \u20ac<\/p>\n<div class=\"banner-header-AdditionalText\">+ 250 Freispiele<\/div>\n<button data-item=\"homepage_banner_link\" class=\"goto m-button m-gradient-border m-button--primary m-button--large banner-button btn-orange\">\n            <div class=\"m-button-content\">\n                <span>Jetzt anmelden<\/span>\n                <span><\/span>\n            <\/div>\n        <\/button>\n<\/div>\n<div class=\"WelcomePack\">\n<p><img loading=\"lazy\" decoding=\"async\" class=\"alignnone size-full wp-image-1853\" src=\"https:\/\/cowboyspincasino.net\/wp-content\/uploads\/2026\/03\/welcome-crown.png\" alt=\"welcome crown\" width=\"25\" height=\"26\" \/><\/p>\n<div class=\"WelcomePack-Info\">W\u00f6chentlicher Cashback von bis zu 25 %<\/div>\n<p><img loading=\"lazy\" decoding=\"async\" class=\"alignnone size-full wp-image-1853\" src=\"https:\/\/cowboyspincasino.net\/wp-content\/uploads\/2026\/03\/welcome-crown.png\" alt=\"welcome crown\" width=\"25\" height=\"26\" \/><\/p>\n<\/div>\n<\/div><div class=\"scrollable-content-wrap my-5\"><div class=\"scrollable-content-inner\"><h2>Cowboy Spin Konto Registrierung<\/h2>\n<p>Wenn Sie sich ausreichend auf Cowboyspin umgesehen haben und sich f\u00fcr die Er\u00f6ffnung eines Kontos entschieden haben, m\u00fcssen Sie den Registrierungsprozess durchlaufen. Dies ist ein wesentlicher Schritt, um auf der Website zu spielen, da Sie ohne Konto keine Einzahlungen auf unserer Plattform vornehmen und beim Spielen kein echtes Geld gewinnen k\u00f6nnen.<\/p>\n<h3>Erstellen Sie Ihr Profil<\/h3>\n<p>Die Registrierung f\u00fcr ein Konto auf der Cowboyspin Casino Website dauert nur wenige Minuten und ist selbst f\u00fcr diejenigen einfach, die noch nie online gespielt haben. Sie m\u00fcssen lediglich einige Informationen eingeben und den Vorgang abschlie\u00dfen. Hier ist eine kurze Schritt-f\u00fcr-Schritt-Anleitung zur Registrierung:<\/p>\n<ol>\n<li>Tippen Sie auf die Schaltfl\u00e4che \u201eRegistrieren\u201c in der rechten Ecke.<\/li>\n<li>Geben Sie Ihre E-Mail-Adresse ein.<\/li>\n<li>Legen Sie ein Passwort fest.<\/li>\n<li>Geben Sie einen Promo-Code ein, falls Sie einen haben.<\/li>\n<li>Best\u00e4tigen Sie, dass Sie \u00fcber 18 Jahre alt sind.<\/li>\n<li>Tippen Sie auf die Best\u00e4tigungsschaltfl\u00e4che, um den Vorgang abzuschlie\u00dfen.<\/li>\n<\/ol>\n<p><img loading=\"lazy\" decoding=\"async\" class=\"alignnone size-full wp-image-1949\" src=\"https:\/\/cowboyspincasino.net\/wp-content\/uploads\/2026\/03\/Cowboyspin.webp\" alt=\"Cowboyspin login\" width=\"1248\" height=\"536\" srcset=\"https:\/\/cowboyspincasino.net\/wp-content\/uploads\/2026\/03\/Cowboyspin.webp 1248w, https:\/\/cowboyspincasino.net\/wp-content\/uploads\/2026\/03\/Cowboyspin-300x129.webp 300w, https:\/\/cowboyspincasino.net\/wp-content\/uploads\/2026\/03\/Cowboyspin-1024x440.webp 1024w, https:\/\/cowboyspincasino.net\/wp-content\/uploads\/2026\/03\/Cowboyspin-768x330.webp 768w\" sizes=\"auto, (max-width: 1248px) 100vw, 1248px\" \/><\/p>\n<h2>Nutzung eines Cowboyspin Kontos<\/h2>\n<p>Um zu Ihrem pers\u00f6nlichen Profil auf unserer Website zu gelangen, klicken Sie auf die Schaltfl\u00e4che \u201eCowboyspin Login\u201c; diese befindet sich neben der Anmeldeschaltfl\u00e4che in der oberen rechten Ecke der Hauptseite. Geben Sie zun\u00e4chst die E-Mail-Adresse und das Passwort ein, mit denen Sie sich registriert haben. Tippen Sie abschlie\u00dfend auf die Schaltfl\u00e4che \u201eLogin\u201c, um sich in Ihr Profil einzuloggen.<\/p>\n<p>Ein Cowboy Spin Konto auf der Plattform bietet Ihnen Zugriff auf alle Spiele in der Bibliothek und erm\u00f6glicht es Ihnen, diese um echtes Geld zu spielen. Au\u00dferdem erhalten Sie Zugang zu Bonusangeboten, Turnieren, Missionen und vielen anderen Echtgeld-Aktivit\u00e4ten auf der Website.<\/p>\n<p>Ein weiterer wichtiger Vorteil eines registrierten Kontos auf der Website ist, dass Sie Anpassungen und Individualisierungen vornehmen k\u00f6nnen:<\/p>\n<table>\n<tbody>\n<tr>\n<td>Funktion<\/td>\n<td>Was Sie tun k\u00f6nnen<\/td>\n<\/tr>\n<tr>\n<td>Verwaltung pers\u00f6nlicher Daten<\/td>\n<td>\u00c4ndern Sie pers\u00f6nliche Informationen wie Ihr Passwort oder Ihre Kontodaten<\/td>\n<\/tr>\n<tr>\n<td>Transaktionsverlauf<\/td>\n<td>Deinen vollst\u00e4ndigen Verlauf von Einzahlungen, Auszahlungen und anderen Transaktionen einsehen<\/td>\n<\/tr>\n<tr>\n<td>Zwei-Faktor-Authentifizierung (2FA)<\/td>\n<td>Aktivieren Sie zus\u00e4tzliche Sicherheitsma\u00dfnahmen zum Schutz Ihres Kontos<\/td>\n<\/tr>\n<tr>\n<td>Bereich \u201eFavoriten\u201c<\/td>\n<td>F\u00fcgen Sie Ihre Lieblingsspiele zu Ihren Favoriten hinzu, um schneller darauf zugreifen zu k\u00f6nnen<\/td>\n<\/tr>\n<tr>\n<td>Verantwortungsbewusstes Spielen<\/td>\n<td>Passen Sie die Einstellungen an und legen Sie Limits f\u00fcr Ihr Spielerlebnis fest<\/td>\n<\/tr>\n<\/tbody>\n<\/table>\n<h3>Cowboyspin Casino \u2013 Profil\u00fcberpr\u00fcfung und Sicherheit<\/h3>\n<p>Bei Cowboyspin Casino legen wir gro\u00dfen Wert auf Sicherheit, weshalb wir alle Informationen \u00fcber unsere Nutzer sicher aufbewahren. Wir befolgen strenge Regeln, um eine sichere Umgebung auf der Plattform zu gew\u00e4hrleisten. Das Know-Your-Customer-System (KYC) bildet den Kern unserer Sicherheitsverfahren, um sicherzustellen, dass alle Nutzer der Plattform echt sind und kein Risiko f\u00fcr die Website darstellen. Wir \u00fcberpr\u00fcfen stets die Identit\u00e4t unserer Nutzer, sperren betr\u00fcgerische Konten und gestatten Ihnen keine Nutzung unserer Website, wenn Sie nicht vollj\u00e4hrig sind.<\/p>\n<p>Wir haben bei Cowboyspin au\u00dferdem strenge Sicherheitsma\u00dfnahmen eingef\u00fchrt, um die Website vor Hackerangriffen zu sch\u00fctzen und Datenlecks zu verhindern. Hier sind die Ma\u00dfnahmen, die wir ergriffen haben:<\/p>\n<ul>\n<li>TLS 1.3-Verschl\u00fcsselung, die die Daten\u00fcbertragung sichert.<\/li>\n<li>RNG-Zertifizierung, um die Fairness der Spiele zu gew\u00e4hrleisten.<\/li>\n<li>Zwei-Faktor-Authentifizierung zum Schutz der Spielerkonten vor unbefugtem Zugriff.<\/li>\n<li>KYC-Verifizierung zur \u00dcberpr\u00fcfung der Identit\u00e4t des Spielers.<\/li>\n<li>24\/7-Betrugs\u00fcberwachung zur Erkennung verd\u00e4chtiger Aktivit\u00e4ten.<\/li>\n<\/ul>\n<h3>Passwort vergessen?<\/h3>\n<p>Oft vergessen Spieler ihre Kontopassw\u00f6rter. Das kann jederzeit passieren, ist aber wahrscheinlicher, wenn Sie eine Weile nicht gespielt haben. Meistens geben Kunden ihre Daten jedoch einfach falsch ein. Fehler bei der Eingabe des Passworts sind am h\u00e4ufigsten. Bitte stellen Sie sicher, dass die eingegebenen Informationen und Ihre Feststelltaste-Einstellungen korrekt sind.<\/p>\n<p>Wenn es nicht funktioniert, k\u00f6nnen Sie auf die Option \u201ePasswort vergessen?\u201c klicken. Geben Sie Ihre E-Mail-Adresse ein. Wir senden Ihnen einen Link zum Zur\u00fccksetzen der Daten. Sie k\u00f6nnen sich auch bei anderen Problemen an das Support-Team wenden, wenn Sie weiterhin Schwierigkeiten bei der Anmeldung haben. Live-Chat und E-Mail k\u00f6nnen Ihnen helfen. Wir bieten mehrsprachigen Support.<\/p>\n<h2>FAQ<\/h2>\n<h3>Wie schlie\u00dfe ich den Kontoverifizierungsprozess ab?<\/h3>\n<p>Der Verifizierungsprozess bei Cowboy Spin ist wirklich einfach; Sie m\u00fcssen lediglich einige Unterlagen vorlegen, wie einen Ausweis, einen Adressnachweis und andere pers\u00f6nliche Daten. Die \u00dcberpr\u00fcfung dauert nicht lange, aber wir empfehlen, sie gleich nach der Registrierung durchzuf\u00fchren.<\/p>\n<h3>Wie aktualisiere ich das Passwort oder die E-Mail-Adresse?<\/h3>\n<p>Sie k\u00f6nnen alle pers\u00f6nlichen Daten in Ihrem Cowboyspin-Profil \u00e4ndern. Melden Sie sich einfach bei Ihrem Konto an, suchen Sie die Informationen, die Sie \u00e4ndern m\u00f6chten, und nehmen Sie die \u00c4nderungen vor.<\/p>\n<h3>Kann ich ohne Konto spielen?<\/h3>\n<p>Ja, es ist m\u00f6glich, bei Cowboyspin ohne Konto zu spielen. Allerdings kannst du nicht um echtes Geld spielen; daher kannst du auch nichts gewinnen. Wenn du gerne Spiele im Demo-Modus spielst, kannst du dies ohne Registrierung tun.<\/p>\n<h3>Ist es m\u00f6glich, mehrere Konten zu erstellen?<\/h3>\n<p>Leider nein. Wir gestatten unseren Nutzern nicht, mehrere Konten bei Cowboy Spin zu erstellen. Unsere Regeln besagen, dass jeder Spieler nur ein Konto haben darf. Wenn Sie gegen die Regeln versto\u00dfen, werden Sie von der Plattform ausgeschlossen.<\/p>\n<\/div><\/div><\/p>\n","protected":false},"excerpt":{"rendered":"<p>Anmeldung und Registrierung bei Cowboyspin Nachdem Sie den Registrierungsvorgang abgeschlossen haben, ist der erste Schritt zum Zugriff auf Ihr Profil auf unserer Website die Durchf\u00fchrung des Cowboyspin Login Prozesses. Beide Vorg\u00e4nge sind schnell und benutzerfreundlich gestaltet, sodass sie auch f\u00fcr Neulinge auf der Plattform leicht zu bew\u00e4ltigen sind.<\/p>\n","protected":false},"author":1,"featured_media":0,"parent":0,"menu_order":0,"comment_status":"closed","ping_status":"closed","template":"template-builder.php","meta":{"_acf_changed":false,"inline_featured_image":false,"footnotes":""},"class_list":["post-1483","page","type-page","status-publish","hentry"],"acf":[],"yoast_head":"<!-- This site is optimized with the Yoast SEO plugin v27.3 - https:\/\/yoast.com\/product\/yoast-seo-wordpress\/ -->\n<title>Cowboyspin-Login | Sicherer Kontozugriff und Registrierung<\/title>\n<meta name=\"description\" content=\"Ihr Cowboyspin-Login ist Ihr Schl\u00fcssel zu Tausenden von Spielen. Melden Sie sich an, um zu spielen, oder registrieren Sie ein neues Konto, f\u00fchren Sie eine sichere Verifizierung durch, verwalten Sie Ihr Guthaben und kontaktieren Sie den 24\/7-Support.\" \/>\n<meta name=\"robots\" content=\"index, follow, max-snippet:-1, max-image-preview:large, max-video-preview:-1\" \/>\n<link rel=\"canonical\" href=\"https:\/\/cowboyspincasino.net\/de\/anmeldung-und-registrierung\/\" \/>\n<meta property=\"og:locale\" content=\"de_DE\" \/>\n<meta property=\"og:type\" content=\"article\" \/>\n<meta property=\"og:title\" content=\"Cowboyspin-Login | Sicherer Kontozugriff und Registrierung\" \/>\n<meta property=\"og:description\" content=\"Ihr Cowboyspin-Login ist Ihr Schl\u00fcssel zu Tausenden von Spielen. Melden Sie sich an, um zu spielen, oder registrieren Sie ein neues Konto, f\u00fchren Sie eine sichere Verifizierung durch, verwalten Sie Ihr Guthaben und kontaktieren Sie den 24\/7-Support.\" \/>\n<meta property=\"og:url\" content=\"https:\/\/cowboyspincasino.net\/de\/anmeldung-und-registrierung\/\" \/>\n<meta property=\"og:site_name\" content=\"cowboyspin\" \/>\n<meta property=\"article:modified_time\" content=\"2026-03-23T08:06:43+00:00\" \/>\n<meta name=\"twitter:card\" content=\"summary_large_image\" \/>\n<meta name=\"twitter:label1\" content=\"Gesch\u00e4tzte Lesezeit\" \/>\n\t<meta name=\"twitter:data1\" content=\"1\u00a0Minute\" \/>\n<script type=\"application\/ld+json\" class=\"yoast-schema-graph\">{\"@context\":\"https:\\\/\\\/schema.org\",\"@graph\":[{\"@type\":\"WebPage\",\"@id\":\"https:\\\/\\\/cowboyspincasino.net\\\/de\\\/anmeldung-und-registrierung\\\/\",\"url\":\"https:\\\/\\\/cowboyspincasino.net\\\/de\\\/anmeldung-und-registrierung\\\/\",\"name\":\"Cowboyspin-Login | Sicherer Kontozugriff und Registrierung\",\"isPartOf\":{\"@id\":\"https:\\\/\\\/cowboyspincasino.net\\\/de\\\/#website\"},\"datePublished\":\"2026-01-20T12:11:11+00:00\",\"dateModified\":\"2026-03-23T08:06:43+00:00\",\"description\":\"Ihr Cowboyspin-Login ist Ihr Schl\u00fcssel zu Tausenden von Spielen. Melden Sie sich an, um zu spielen, oder registrieren Sie ein neues Konto, f\u00fchren Sie eine sichere Verifizierung durch, verwalten Sie Ihr Guthaben und kontaktieren Sie den 24\\\/7-Support.\",\"breadcrumb\":{\"@id\":\"https:\\\/\\\/cowboyspincasino.net\\\/de\\\/anmeldung-und-registrierung\\\/#breadcrumb\"},\"inLanguage\":\"de\",\"potentialAction\":[{\"@type\":\"ReadAction\",\"target\":[\"https:\\\/\\\/cowboyspincasino.net\\\/de\\\/anmeldung-und-registrierung\\\/\"]}]},{\"@type\":\"BreadcrumbList\",\"@id\":\"https:\\\/\\\/cowboyspincasino.net\\\/de\\\/anmeldung-und-registrierung\\\/#breadcrumb\",\"itemListElement\":[{\"@type\":\"ListItem\",\"position\":1,\"name\":\"Cowboyspin\",\"item\":\"https:\\\/\\\/cowboyspincasino.net\\\/de\\\/\"},{\"@type\":\"ListItem\",\"position\":2,\"name\":\"Anmeldung und Registrierung\"}]},{\"@type\":\"WebSite\",\"@id\":\"https:\\\/\\\/cowboyspincasino.net\\\/de\\\/#website\",\"url\":\"https:\\\/\\\/cowboyspincasino.net\\\/de\\\/\",\"name\":\"Cowboyspin\",\"description\":\"\",\"publisher\":{\"@id\":\"https:\\\/\\\/cowboyspincasino.net\\\/de\\\/#organization\"},\"potentialAction\":[{\"@type\":\"SearchAction\",\"target\":{\"@type\":\"EntryPoint\",\"urlTemplate\":\"https:\\\/\\\/cowboyspincasino.net\\\/de\\\/?s={search_term_string}\"},\"query-input\":{\"@type\":\"PropertyValueSpecification\",\"valueRequired\":true,\"valueName\":\"search_term_string\"}}],\"inLanguage\":\"de\"},{\"@type\":\"Organization\",\"@id\":\"https:\\\/\\\/cowboyspincasino.net\\\/de\\\/#organization\",\"name\":\"Cowboyspin\",\"url\":\"https:\\\/\\\/cowboyspincasino.net\\\/de\\\/\",\"logo\":{\"@type\":\"ImageObject\",\"inLanguage\":\"de\",\"@id\":\"https:\\\/\\\/cowboyspincasino.net\\\/de\\\/#\\\/schema\\\/logo\\\/image\\\/\",\"url\":\"https:\\\/\\\/cowboyspincasino.net\\\/wp-content\\\/uploads\\\/2026\\\/03\\\/cowboyspin-logo.png\",\"contentUrl\":\"https:\\\/\\\/cowboyspincasino.net\\\/wp-content\\\/uploads\\\/2026\\\/03\\\/cowboyspin-logo.png\",\"width\":180,\"height\":66,\"caption\":\"Cowboyspin\"},\"image\":{\"@id\":\"https:\\\/\\\/cowboyspincasino.net\\\/de\\\/#\\\/schema\\\/logo\\\/image\\\/\"}}]}<\/script>\n<!-- \/ Yoast SEO plugin. -->","yoast_head_json":{"title":"Cowboyspin-Login | Sicherer Kontozugriff und Registrierung","description":"Ihr Cowboyspin-Login ist Ihr Schl\u00fcssel zu Tausenden von Spielen. Melden Sie sich an, um zu spielen, oder registrieren Sie ein neues Konto, f\u00fchren Sie eine sichere Verifizierung durch, verwalten Sie Ihr Guthaben und kontaktieren Sie den 24\/7-Support.","robots":{"index":"index","follow":"follow","max-snippet":"max-snippet:-1","max-image-preview":"max-image-preview:large","max-video-preview":"max-video-preview:-1"},"canonical":"https:\/\/cowboyspincasino.net\/de\/anmeldung-und-registrierung\/","og_locale":"de_DE","og_type":"article","og_title":"Cowboyspin-Login | Sicherer Kontozugriff und Registrierung","og_description":"Ihr Cowboyspin-Login ist Ihr Schl\u00fcssel zu Tausenden von Spielen. Melden Sie sich an, um zu spielen, oder registrieren Sie ein neues Konto, f\u00fchren Sie eine sichere Verifizierung durch, verwalten Sie Ihr Guthaben und kontaktieren Sie den 24\/7-Support.","og_url":"https:\/\/cowboyspincasino.net\/de\/anmeldung-und-registrierung\/","og_site_name":"cowboyspin","article_modified_time":"2026-03-23T08:06:43+00:00","twitter_card":"summary_large_image","twitter_misc":{"Gesch\u00e4tzte Lesezeit":"1\u00a0Minute"},"schema":{"@context":"https:\/\/schema.org","@graph":[{"@type":"WebPage","@id":"https:\/\/cowboyspincasino.net\/de\/anmeldung-und-registrierung\/","url":"https:\/\/cowboyspincasino.net\/de\/anmeldung-und-registrierung\/","name":"Cowboyspin-Login | Sicherer Kontozugriff und Registrierung","isPartOf":{"@id":"https:\/\/cowboyspincasino.net\/de\/#website"},"datePublished":"2026-01-20T12:11:11+00:00","dateModified":"2026-03-23T08:06:43+00:00","description":"Ihr Cowboyspin-Login ist Ihr Schl\u00fcssel zu Tausenden von Spielen. Melden Sie sich an, um zu spielen, oder registrieren Sie ein neues Konto, f\u00fchren Sie eine sichere Verifizierung durch, verwalten Sie Ihr Guthaben und kontaktieren Sie den 24\/7-Support.","breadcrumb":{"@id":"https:\/\/cowboyspincasino.net\/de\/anmeldung-und-registrierung\/#breadcrumb"},"inLanguage":"de","potentialAction":[{"@type":"ReadAction","target":["https:\/\/cowboyspincasino.net\/de\/anmeldung-und-registrierung\/"]}]},{"@type":"BreadcrumbList","@id":"https:\/\/cowboyspincasino.net\/de\/anmeldung-und-registrierung\/#breadcrumb","itemListElement":[{"@type":"ListItem","position":1,"name":"Cowboyspin","item":"https:\/\/cowboyspincasino.net\/de\/"},{"@type":"ListItem","position":2,"name":"Anmeldung und Registrierung"}]},{"@type":"WebSite","@id":"https:\/\/cowboyspincasino.net\/de\/#website","url":"https:\/\/cowboyspincasino.net\/de\/","name":"Cowboyspin","description":"","publisher":{"@id":"https:\/\/cowboyspincasino.net\/de\/#organization"},"potentialAction":[{"@type":"SearchAction","target":{"@type":"EntryPoint","urlTemplate":"https:\/\/cowboyspincasino.net\/de\/?s={search_term_string}"},"query-input":{"@type":"PropertyValueSpecification","valueRequired":true,"valueName":"search_term_string"}}],"inLanguage":"de"},{"@type":"Organization","@id":"https:\/\/cowboyspincasino.net\/de\/#organization","name":"Cowboyspin","url":"https:\/\/cowboyspincasino.net\/de\/","logo":{"@type":"ImageObject","inLanguage":"de","@id":"https:\/\/cowboyspincasino.net\/de\/#\/schema\/logo\/image\/","url":"https:\/\/cowboyspincasino.net\/wp-content\/uploads\/2026\/03\/cowboyspin-logo.png","contentUrl":"https:\/\/cowboyspincasino.net\/wp-content\/uploads\/2026\/03\/cowboyspin-logo.png","width":180,"height":66,"caption":"Cowboyspin"},"image":{"@id":"https:\/\/cowboyspincasino.net\/de\/#\/schema\/logo\/image\/"}}]}},"_links":{"self":[{"href":"https:\/\/cowboyspincasino.net\/de\/wp-json\/wp\/v2\/pages\/1483","targetHints":{"allow":["GET"]}}],"collection":[{"href":"https:\/\/cowboyspincasino.net\/de\/wp-json\/wp\/v2\/pages"}],"about":[{"href":"https:\/\/cowboyspincasino.net\/de\/wp-json\/wp\/v2\/types\/page"}],"author":[{"embeddable":true,"href":"https:\/\/cowboyspincasino.net\/de\/wp-json\/wp\/v2\/users\/1"}],"replies":[{"embeddable":true,"href":"https:\/\/cowboyspincasino.net\/de\/wp-json\/wp\/v2\/comments?post=1483"}],"version-history":[{"count":3,"href":"https:\/\/cowboyspincasino.net\/de\/wp-json\/wp\/v2\/pages\/1483\/revisions"}],"predecessor-version":[{"id":2049,"href":"https:\/\/cowboyspincasino.net\/de\/wp-json\/wp\/v2\/pages\/1483\/revisions\/2049"}],"wp:attachment":[{"href":"https:\/\/cowboyspincasino.net\/de\/wp-json\/wp\/v2\/media?parent=1483"}],"curies":[{"name":"wp","href":"https:\/\/api.w.org\/{rel}","templated":true}]}}