{"id":1442,"date":"2026-01-20T12:08:23","date_gmt":"2026-01-20T12:08:23","guid":{"rendered":"https:\/\/bonuskongcasino.com\/app-2\/"},"modified":"2026-03-23T08:04:33","modified_gmt":"2026-03-23T08:04:33","slug":"app","status":"publish","type":"page","link":"https:\/\/cowboyspincasino.net\/de\/app\/","title":{"rendered":"App"},"content":{"rendered":"<h1>Cowboyspin Mobile App<\/h1>\n<p>Wenn Sie ein Fan von Handyspielen sind und gerne unterwegs spielen, ist die Cowboyspin App die erste Wahl f\u00fcr Sie. Unsere Software bietet dieselbe Benutzeroberfl\u00e4che und Funktionalit\u00e4t wie die Desktop-Version, ist jedoch f\u00fcr Smartphones und Tablets verf\u00fcgbar. Die App ist sowohl f\u00fcr iOS- als auch f\u00fcr Android-Betriebssysteme verf\u00fcgbar und kann auch auf einem Desktop installiert werden. Sie ist f\u00fcr kleinere Bildschirme optimiert und verf\u00fcgt \u00fcber denselben Funktionsumfang wie die Cowboy Spin Browser-Version.<\/p>\n<div class=\"banner-wrap\" aria-label=\"Banner\"><img src=\"https:\/\/cowboyspincasino.net\/wp-content\/uploads\/2026\/03\/banner-desktop2x.webp\" class=\"w-100 d-none d-lg-block img-pc main-banner-img\" alt=\"Cowboyspin bonus desktop\" fetchpriority=\"high\" decoding=\"async\"><img src=\"https:\/\/cowboyspincasino.net\/wp-content\/uploads\/2026\/03\/banner-mobile2x.webp\" class=\"w-100 d-none d-md-block d-lg-none main-banner-img\" alt=\"Cowboyspin bonus mobile\" fetchpriority=\"high\" decoding=\"async\"><img src=\"https:\/\/cowboyspincasino.net\/wp-content\/uploads\/2026\/03\/banner-mobile2x.webp\" class=\"w-100 d-md-none\" alt=\"Cowboyspin bonus mobile\" fetchpriority=\"high\" decoding=\"async\"><div class=\"banner-description\">\n<div class=\"banner-title\">Willkommensboni<\/div>\n<p class=\"banner-header-title\">1500 \u20ac<\/p>\n<div class=\"banner-header-AdditionalText\">+ 250 Freispiele<\/div>\n<button data-item=\"homepage_banner_link\" class=\"goto m-button m-gradient-border m-button--primary m-button--large banner-button btn-orange\">\n            <div class=\"m-button-content\">\n                <span>Jetzt anmelden<\/span>\n                <span><\/span>\n            <\/div>\n        <\/button>\n<\/div>\n<div class=\"WelcomePack\">\n<p><img loading=\"lazy\" decoding=\"async\" class=\"alignnone size-full wp-image-1853\" src=\"https:\/\/cowboyspincasino.net\/wp-content\/uploads\/2026\/03\/welcome-crown.png\" alt=\"welcome crown\" width=\"25\" height=\"26\" \/><\/p>\n<div class=\"WelcomePack-Info\">W\u00f6chentlicher Cashback von bis zu 25 %<\/div>\n<p><img loading=\"lazy\" decoding=\"async\" class=\"alignnone size-full wp-image-1853\" src=\"https:\/\/cowboyspincasino.net\/wp-content\/uploads\/2026\/03\/welcome-crown.png\" alt=\"welcome crown\" width=\"25\" height=\"26\" \/><\/p>\n<\/div>\n<\/div>\n<h2>Vorteile der Cowboyspin App<\/h2>\n<p>Die Cowboyspin Mobile Casino App ist eine optimierte Version der Website, die auf mobilen Ger\u00e4ten funktioniert. Es handelt sich um eine PWA (Progressive Web App), wodurch der Installationsprozess einfacher und schneller ist als bei herk\u00f6mmlichen Apps. Es ist nicht notwendig, durch App-Stores zu navigieren, um unsere App zu finden, da die Installation direkt \u00fcber die Cowboyspin-Casino-Website erfolgt. Die PWA-App aktualisiert sich automatisch und sendet regelm\u00e4\u00dfig Benachrichtigungen an die Nutzer, sodass diese stets \u00fcber die aktuellen Angebote informiert sind.<\/p>\n<p>Die Nutzung der mobilen Version bietet gegen\u00fcber der PC-Version zahlreiche Vorteile; hier sind die wichtigsten:<\/p>\n<ul>\n<li>M\u00f6glichkeit, \u00fcberall zu spielen<\/li>\n<li>Schnelleres Laden der Daten<\/li>\n<li>Regelm\u00e4\u00dfige Benachrichtigungen \u00fcber Angebote<\/li>\n<li>Einfache Navigation auf Mobilger\u00e4ten<\/li>\n<li>Sofortiger Zugriff auf Spiele und Boni<\/li>\n<li>Optimierung, die den Akku schont<\/li>\n<\/ul>\n<p><div class=\"scrollable-content-wrap my-5\"><div class=\"scrollable-content-inner\"><h2>Cowboyspin Mobile App f\u00fcr Android<\/h2>\n<p>Die Cowboyspin App ist kostenlos f\u00fcr Android verf\u00fcgbar und perfekt f\u00fcr dieses Betriebssystem optimiert. Nutzer mit verschiedenen Android-Ger\u00e4ten k\u00f6nnen sie ganz einfach installieren und ihre Reise im Online-Casino beginnen. Der Download-Vorgang ist schnell; es dauert nicht l\u00e4nger als ein paar Minuten, bis man das Casino auf dem Handy aufrufen kann.<\/p>\n<p>Nach dem Vorgang erscheint Cowboy Spin auf dem Startbildschirm des Spielers. Sie m\u00fcssen nur darauf klicken und k\u00f6nnen Ihre Casino-Erfahrung beginnen. \u00dcber die mobile Version der Plattform k\u00f6nnen Sie die Lobby erkunden und Boni beanspruchen sowie Ihr pers\u00f6nliches Profil verwalten und viele weitere Funktionen nutzen.<\/p>\n<h3>PWA-Installation<\/h3>\n<p>Die PWA-App von Cowboyspin ist sehr praktisch. Sie l\u00e4sst sich leicht herunterladen, da nur wenige Schritte erforderlich sind, um sie auf Ihrem Startbildschirm zu installieren. Im Vergleich zu anderen beliebten Anwendungen m\u00fcssen Sie bei unserer Software nicht \u00fcber Google Play navigieren, um sie zu erhalten, was den Vorgang beschleunigt. Nach der Installation funktioniert sie wie eine normale App, die \u00fcber den Startbildschirm mit einem Klick verf\u00fcgbar ist. Au\u00dferdem aktualisiert sie sich automatisch im Hintergrund.<\/p>\n<p>So installieren Sie die Software:<\/p>\n<ol>\n<li>\u00d6ffnen Sie Cowboy Spin mit dem Chrome-Browser.<\/li>\n<li>Tippen Sie auf die drei Punkte, um das Men\u00fc zu \u00f6ffnen.<\/li>\n<li>W\u00e4hlen Sie \u201eZum Startbildschirm hinzuf\u00fcgen\u201c.<\/li>\n<li>Die Anwendung sollte nun auf Ihrem Startbildschirm hinzugef\u00fcgt worden sein.<\/li>\n<\/ol>\n<h3>APK<\/h3>\n<p>Das APK-Format ist praktisch und auf allen Android-Ger\u00e4ten verf\u00fcgbar, aber wir haben uns bei der Entwicklung unserer Software f\u00fcr die PWA-Option entschieden. Die Cowboyspin App wurde speziell als PWA statt als APK entwickelt, um den Installationsprozess zu vereinfachen und den Zugriff auf das Spielerlebnis schneller und einfacher zu machen.<\/p>\n<p>Mit diesem Ansatz m\u00fcssen Spieler keine unbekannten Dateien herunterladen oder die Sicherheitseinstellungen ihrer Ger\u00e4te \u00e4ndern. Alles wird in wenigen Schritten \u00fcber den Browser erledigt. Diese Methode macht auch regelm\u00e4\u00dfige Updates \u00fcberfl\u00fcssig, da die PWA-App diese selbstst\u00e4ndig durchf\u00fchrt. Mit diesem Format haben Nutzer immer die neueste Version von Cowboy Spin zur Hand.<\/p>\n<p><img loading=\"lazy\" decoding=\"async\" class=\"alignnone size-full wp-image-1933\" src=\"https:\/\/cowboyspincasino.net\/wp-content\/uploads\/2026\/03\/Cowboyspin-Android-App.webp\" alt=\"Cowboyspin Android App\" width=\"1248\" height=\"536\" srcset=\"https:\/\/cowboyspincasino.net\/wp-content\/uploads\/2026\/03\/Cowboyspin-Android-App.webp 1248w, https:\/\/cowboyspincasino.net\/wp-content\/uploads\/2026\/03\/Cowboyspin-Android-App-300x129.webp 300w, https:\/\/cowboyspincasino.net\/wp-content\/uploads\/2026\/03\/Cowboyspin-Android-App-1024x440.webp 1024w, https:\/\/cowboyspincasino.net\/wp-content\/uploads\/2026\/03\/Cowboyspin-Android-App-768x330.webp 768w\" sizes=\"auto, (max-width: 1248px) 100vw, 1248px\" \/><\/p>\n<\/div><\/div><div style=\"clear: both\"><\/div><div class=\"d-flex justify-content-center\"><button data-item=\"decouvrez_link\" data-group=\"website_links\" class=\"goto fw-bold rounded-pill btn btn-orange\" aria-label=\"Laden Sie die Cowboyspin-App herunter\" >Laden Sie die Cowboyspin-App herunter<\/button><\/div><div class=\"scrollable-content-wrap my-5\"><div class=\"scrollable-content-inner\"><h2>Cowboyspin iOS-App<\/h2>\n<p>Das Herunterladen der Cowboyspin App auf iOS erfolgt in denselben Schritten wie auf Android-Ger\u00e4ten. Sie m\u00fcssen nicht in den App Store gehen; alles wird \u00fcber den Browser mit wenigen Klicks erledigt.<\/p>\n<p>\u00d6ffne Safari und rufe Cowboyspin auf. Dann musst du nur noch auf die Schaltfl\u00e4che \u201eTeilen\u201c am unteren Rand deines Browsers tippen und im Men\u00fc \u201eZum Startbildschirm hinzuf\u00fcgen\u201c ausw\u00e4hlen. Klicken Sie abschlie\u00dfend auf \u201eHinzuf\u00fcgen\u201c und geben Sie der App einen Namen; sie erscheint auf Ihrem Startbildschirm, und Sie k\u00f6nnen mit dem Spielen beginnen. Sie k\u00f6nnen das Casino sofort starten und auf alle Angebote bei Cowboy Spin zugreifen, einschlie\u00dflich der Online-Slots, Aktionen, Turniere und vieler anderer Funktionen.<\/p>\n<p><img loading=\"lazy\" decoding=\"async\" class=\"alignnone size-full wp-image-1925\" src=\"https:\/\/cowboyspincasino.net\/wp-content\/uploads\/2026\/03\/Cowboyspin-iOS-App.webp\" alt=\"Cowboyspin iOS App\" width=\"1248\" height=\"536\" srcset=\"https:\/\/cowboyspincasino.net\/wp-content\/uploads\/2026\/03\/Cowboyspin-iOS-App.webp 1248w, https:\/\/cowboyspincasino.net\/wp-content\/uploads\/2026\/03\/Cowboyspin-iOS-App-300x129.webp 300w, https:\/\/cowboyspincasino.net\/wp-content\/uploads\/2026\/03\/Cowboyspin-iOS-App-1024x440.webp 1024w, https:\/\/cowboyspincasino.net\/wp-content\/uploads\/2026\/03\/Cowboyspin-iOS-App-768x330.webp 768w\" sizes=\"auto, (max-width: 1248px) 100vw, 1248px\" \/><\/p>\n<\/div><\/div><div style=\"clear: both\"><\/div><div class=\"d-flex justify-content-center\"><button data-item=\"decouvrez_link\" data-group=\"website_links\" class=\"goto fw-bold rounded-pill btn btn-orange\" aria-label=\"Cowboyspin herunterladen\" >Cowboyspin herunterladen<\/button><\/div><div class=\"scrollable-content-wrap my-5\"><div class=\"scrollable-content-inner\"><h2>Windows- und macOS-App<\/h2>\n<p>Die Cowboyspin App ist nicht nur auf Android- und iOS-Ger\u00e4ten, sondern auch auf dem Desktop verf\u00fcgbar. Sie ist sowohl f\u00fcr macOS als auch f\u00fcr Windows optimiert und erm\u00f6glicht den Nutzern der Plattform einen schnelleren Zugriff auf das Casino. Sie funktioniert einwandfrei auf dem Desktop und versorgt die Spieler regelm\u00e4\u00dfig mit Benachrichtigungen zu aktuellen Angeboten und Veranstaltungen.<\/p>\n<p>Um unsere Software auf den Desktop herunterzuladen, gehen Sie auf die Cowboy Spin Website und tippen Sie auf die Installationsschaltfl\u00e4che in der Adressleiste; sie sieht aus wie ein Pfeil. Der Vorgang ist unabh\u00e4ngig vom Betriebssystem derselbe. Nach Abschluss des Vorgangs erscheint das Symbol auf Ihrem Startbildschirm.<\/p>\n<p>Nach der Installation \u00f6ffnet sich Cowboy Spin schnell und bietet Zugriff auf die Casino-Funktionen, ohne dass Sie Ihren Browser \u00f6ffnen m\u00fcssen.<\/p>\n<p><img loading=\"lazy\" decoding=\"async\" class=\"alignnone size-full wp-image-1941\" src=\"https:\/\/cowboyspincasino.net\/wp-content\/uploads\/2026\/03\/Cowboyspin-Desktop.webp\" alt=\"Cowboyspin Desktop\" width=\"1248\" height=\"536\" srcset=\"https:\/\/cowboyspincasino.net\/wp-content\/uploads\/2026\/03\/Cowboyspin-Desktop.webp 1248w, https:\/\/cowboyspincasino.net\/wp-content\/uploads\/2026\/03\/Cowboyspin-Desktop-300x129.webp 300w, https:\/\/cowboyspincasino.net\/wp-content\/uploads\/2026\/03\/Cowboyspin-Desktop-1024x440.webp 1024w, https:\/\/cowboyspincasino.net\/wp-content\/uploads\/2026\/03\/Cowboyspin-Desktop-768x330.webp 768w\" sizes=\"auto, (max-width: 1248px) 100vw, 1248px\" \/><\/p>\n<\/div><\/div><div style=\"clear: both\"><\/div><div class=\"d-flex justify-content-center\"><button data-item=\"decouvrez_link\" data-group=\"website_links\" class=\"goto fw-bold rounded-pill btn btn-orange\" aria-label=\"Laden Sie die Cowboyspin-App herunter\" >Laden Sie die Cowboyspin-App herunter<\/button><\/div><div class=\"scrollable-content-wrap my-5\"><div class=\"scrollable-content-inner\"><h2>FAQ<\/h2>\n<h3>Ist die Erstellung eines Kontos erforderlich, um die Cowboyspin App zu nutzen?<\/h3>\n<p>Sie ben\u00f6tigen nicht unbedingt ein Konto, um sich bei Cowboyspin umzuschauen, aber wenn Sie Echtgeldspiele spielen und von Boni und anderen Aktionen profitieren m\u00f6chten, m\u00fcssen Sie sich auf jeden Fall registrieren. Au\u00dferdem m\u00fcssen Sie den Verifizierungsprozess durchlaufen.<\/p>\n<h3>Bietet die Cowboyspin Casino App Kundensupport?<\/h3>\n<p>Ja, der Kundensupport ist in der Cowboyspin App verf\u00fcgbar, genau wie in der Desktop-Version. Unser Support-Team ist rund um die Uhr erreichbar und kann alle Ihre Fragen beantworten. Sie k\u00f6nnen uns per Live-Chat oder E-Mail in jeder Sprache kontaktieren.<\/p>\n<h3>Wie kann ich die Cowboyspin Casino App aktualisieren?<\/h3>\n<p>Die Cowboy Spin App muss nicht aktualisiert werden, da sie sich automatisch im Hintergrund aktualisiert. Die Software bleibt immer auf dem neuesten Stand, egal was passiert.<\/p>\n<\/div><\/div><\/p>\n","protected":false},"excerpt":{"rendered":"<p>Cowboyspin Mobile App Wenn Sie ein Fan von Handyspielen sind und gerne unterwegs spielen, ist die Cowboyspin App die erste Wahl f\u00fcr Sie. Unsere Software bietet dieselbe Benutzeroberfl\u00e4che und Funktionalit\u00e4t wie die Desktop-Version, ist jedoch f\u00fcr Smartphones und Tablets verf\u00fcgbar. Die App ist sowohl f\u00fcr iOS- als auch f\u00fcr Android-Betriebssysteme verf\u00fcgbar und kann auch auf [&hellip;]<\/p>\n","protected":false},"author":1,"featured_media":0,"parent":0,"menu_order":0,"comment_status":"closed","ping_status":"closed","template":"template-builder.php","meta":{"_acf_changed":false,"inline_featured_image":false,"footnotes":""},"class_list":["post-1442","page","type-page","status-publish","hentry"],"acf":[],"yoast_head":"<!-- This site is optimized with the Yoast SEO plugin v27.3 - https:\/\/yoast.com\/product\/yoast-seo-wordpress\/ -->\n<title>Cowboyspin Casino App | Download f\u00fcr iOS und Android<\/title>\n<meta name=\"description\" content=\"Nehmen Sie das Casino mit! Laden Sie die Cowboyspin Casino-App auf Ihr Android- oder iOS-Ger\u00e4t herunter, um unterwegs sofort und einfach auf alle Ihre Lieblingsspiele zugreifen zu k\u00f6nnen.\" \/>\n<meta name=\"robots\" content=\"index, follow, max-snippet:-1, max-image-preview:large, max-video-preview:-1\" \/>\n<link rel=\"canonical\" href=\"https:\/\/cowboyspincasino.net\/de\/app\/\" \/>\n<meta property=\"og:locale\" content=\"de_DE\" \/>\n<meta property=\"og:type\" content=\"article\" \/>\n<meta property=\"og:title\" content=\"Cowboyspin Casino App | Download f\u00fcr iOS und Android\" \/>\n<meta property=\"og:description\" content=\"Nehmen Sie das Casino mit! Laden Sie die Cowboyspin Casino-App auf Ihr Android- oder iOS-Ger\u00e4t herunter, um unterwegs sofort und einfach auf alle Ihre Lieblingsspiele zugreifen zu k\u00f6nnen.\" \/>\n<meta property=\"og:url\" content=\"https:\/\/cowboyspincasino.net\/de\/app\/\" \/>\n<meta property=\"og:site_name\" content=\"cowboyspin\" \/>\n<meta property=\"article:modified_time\" content=\"2026-03-23T08:04:33+00:00\" \/>\n<meta name=\"twitter:card\" content=\"summary_large_image\" \/>\n<meta name=\"twitter:label1\" content=\"Gesch\u00e4tzte Lesezeit\" \/>\n\t<meta name=\"twitter:data1\" content=\"1\u00a0Minute\" \/>\n<script type=\"application\/ld+json\" class=\"yoast-schema-graph\">{\"@context\":\"https:\\\/\\\/schema.org\",\"@graph\":[{\"@type\":\"WebPage\",\"@id\":\"https:\\\/\\\/cowboyspincasino.net\\\/de\\\/app\\\/\",\"url\":\"https:\\\/\\\/cowboyspincasino.net\\\/de\\\/app\\\/\",\"name\":\"Cowboyspin Casino App | Download f\u00fcr iOS und Android\",\"isPartOf\":{\"@id\":\"https:\\\/\\\/cowboyspincasino.net\\\/de\\\/#website\"},\"datePublished\":\"2026-01-20T12:08:23+00:00\",\"dateModified\":\"2026-03-23T08:04:33+00:00\",\"description\":\"Nehmen Sie das Casino mit! Laden Sie die Cowboyspin Casino-App auf Ihr Android- oder iOS-Ger\u00e4t herunter, um unterwegs sofort und einfach auf alle Ihre Lieblingsspiele zugreifen zu k\u00f6nnen.\",\"breadcrumb\":{\"@id\":\"https:\\\/\\\/cowboyspincasino.net\\\/de\\\/app\\\/#breadcrumb\"},\"inLanguage\":\"de\",\"potentialAction\":[{\"@type\":\"ReadAction\",\"target\":[\"https:\\\/\\\/cowboyspincasino.net\\\/de\\\/app\\\/\"]}]},{\"@type\":\"BreadcrumbList\",\"@id\":\"https:\\\/\\\/cowboyspincasino.net\\\/de\\\/app\\\/#breadcrumb\",\"itemListElement\":[{\"@type\":\"ListItem\",\"position\":1,\"name\":\"Cowboyspin\",\"item\":\"https:\\\/\\\/cowboyspincasino.net\\\/de\\\/\"},{\"@type\":\"ListItem\",\"position\":2,\"name\":\"App\"}]},{\"@type\":\"WebSite\",\"@id\":\"https:\\\/\\\/cowboyspincasino.net\\\/de\\\/#website\",\"url\":\"https:\\\/\\\/cowboyspincasino.net\\\/de\\\/\",\"name\":\"Cowboyspin\",\"description\":\"\",\"publisher\":{\"@id\":\"https:\\\/\\\/cowboyspincasino.net\\\/de\\\/#organization\"},\"potentialAction\":[{\"@type\":\"SearchAction\",\"target\":{\"@type\":\"EntryPoint\",\"urlTemplate\":\"https:\\\/\\\/cowboyspincasino.net\\\/de\\\/?s={search_term_string}\"},\"query-input\":{\"@type\":\"PropertyValueSpecification\",\"valueRequired\":true,\"valueName\":\"search_term_string\"}}],\"inLanguage\":\"de\"},{\"@type\":\"Organization\",\"@id\":\"https:\\\/\\\/cowboyspincasino.net\\\/de\\\/#organization\",\"name\":\"Cowboyspin\",\"url\":\"https:\\\/\\\/cowboyspincasino.net\\\/de\\\/\",\"logo\":{\"@type\":\"ImageObject\",\"inLanguage\":\"de\",\"@id\":\"https:\\\/\\\/cowboyspincasino.net\\\/de\\\/#\\\/schema\\\/logo\\\/image\\\/\",\"url\":\"https:\\\/\\\/cowboyspincasino.net\\\/wp-content\\\/uploads\\\/2026\\\/03\\\/cowboyspin-logo.png\",\"contentUrl\":\"https:\\\/\\\/cowboyspincasino.net\\\/wp-content\\\/uploads\\\/2026\\\/03\\\/cowboyspin-logo.png\",\"width\":180,\"height\":66,\"caption\":\"Cowboyspin\"},\"image\":{\"@id\":\"https:\\\/\\\/cowboyspincasino.net\\\/de\\\/#\\\/schema\\\/logo\\\/image\\\/\"}}]}<\/script>\n<!-- \/ Yoast SEO plugin. -->","yoast_head_json":{"title":"Cowboyspin Casino App | Download f\u00fcr iOS und Android","description":"Nehmen Sie das Casino mit! Laden Sie die Cowboyspin Casino-App auf Ihr Android- oder iOS-Ger\u00e4t herunter, um unterwegs sofort und einfach auf alle Ihre Lieblingsspiele zugreifen zu k\u00f6nnen.","robots":{"index":"index","follow":"follow","max-snippet":"max-snippet:-1","max-image-preview":"max-image-preview:large","max-video-preview":"max-video-preview:-1"},"canonical":"https:\/\/cowboyspincasino.net\/de\/app\/","og_locale":"de_DE","og_type":"article","og_title":"Cowboyspin Casino App | Download f\u00fcr iOS und Android","og_description":"Nehmen Sie das Casino mit! Laden Sie die Cowboyspin Casino-App auf Ihr Android- oder iOS-Ger\u00e4t herunter, um unterwegs sofort und einfach auf alle Ihre Lieblingsspiele zugreifen zu k\u00f6nnen.","og_url":"https:\/\/cowboyspincasino.net\/de\/app\/","og_site_name":"cowboyspin","article_modified_time":"2026-03-23T08:04:33+00:00","twitter_card":"summary_large_image","twitter_misc":{"Gesch\u00e4tzte Lesezeit":"1\u00a0Minute"},"schema":{"@context":"https:\/\/schema.org","@graph":[{"@type":"WebPage","@id":"https:\/\/cowboyspincasino.net\/de\/app\/","url":"https:\/\/cowboyspincasino.net\/de\/app\/","name":"Cowboyspin Casino App | Download f\u00fcr iOS und Android","isPartOf":{"@id":"https:\/\/cowboyspincasino.net\/de\/#website"},"datePublished":"2026-01-20T12:08:23+00:00","dateModified":"2026-03-23T08:04:33+00:00","description":"Nehmen Sie das Casino mit! Laden Sie die Cowboyspin Casino-App auf Ihr Android- oder iOS-Ger\u00e4t herunter, um unterwegs sofort und einfach auf alle Ihre Lieblingsspiele zugreifen zu k\u00f6nnen.","breadcrumb":{"@id":"https:\/\/cowboyspincasino.net\/de\/app\/#breadcrumb"},"inLanguage":"de","potentialAction":[{"@type":"ReadAction","target":["https:\/\/cowboyspincasino.net\/de\/app\/"]}]},{"@type":"BreadcrumbList","@id":"https:\/\/cowboyspincasino.net\/de\/app\/#breadcrumb","itemListElement":[{"@type":"ListItem","position":1,"name":"Cowboyspin","item":"https:\/\/cowboyspincasino.net\/de\/"},{"@type":"ListItem","position":2,"name":"App"}]},{"@type":"WebSite","@id":"https:\/\/cowboyspincasino.net\/de\/#website","url":"https:\/\/cowboyspincasino.net\/de\/","name":"Cowboyspin","description":"","publisher":{"@id":"https:\/\/cowboyspincasino.net\/de\/#organization"},"potentialAction":[{"@type":"SearchAction","target":{"@type":"EntryPoint","urlTemplate":"https:\/\/cowboyspincasino.net\/de\/?s={search_term_string}"},"query-input":{"@type":"PropertyValueSpecification","valueRequired":true,"valueName":"search_term_string"}}],"inLanguage":"de"},{"@type":"Organization","@id":"https:\/\/cowboyspincasino.net\/de\/#organization","name":"Cowboyspin","url":"https:\/\/cowboyspincasino.net\/de\/","logo":{"@type":"ImageObject","inLanguage":"de","@id":"https:\/\/cowboyspincasino.net\/de\/#\/schema\/logo\/image\/","url":"https:\/\/cowboyspincasino.net\/wp-content\/uploads\/2026\/03\/cowboyspin-logo.png","contentUrl":"https:\/\/cowboyspincasino.net\/wp-content\/uploads\/2026\/03\/cowboyspin-logo.png","width":180,"height":66,"caption":"Cowboyspin"},"image":{"@id":"https:\/\/cowboyspincasino.net\/de\/#\/schema\/logo\/image\/"}}]}},"_links":{"self":[{"href":"https:\/\/cowboyspincasino.net\/de\/wp-json\/wp\/v2\/pages\/1442","targetHints":{"allow":["GET"]}}],"collection":[{"href":"https:\/\/cowboyspincasino.net\/de\/wp-json\/wp\/v2\/pages"}],"about":[{"href":"https:\/\/cowboyspincasino.net\/de\/wp-json\/wp\/v2\/types\/page"}],"author":[{"embeddable":true,"href":"https:\/\/cowboyspincasino.net\/de\/wp-json\/wp\/v2\/users\/1"}],"replies":[{"embeddable":true,"href":"https:\/\/cowboyspincasino.net\/de\/wp-json\/wp\/v2\/comments?post=1442"}],"version-history":[{"count":3,"href":"https:\/\/cowboyspincasino.net\/de\/wp-json\/wp\/v2\/pages\/1442\/revisions"}],"predecessor-version":[{"id":2047,"href":"https:\/\/cowboyspincasino.net\/de\/wp-json\/wp\/v2\/pages\/1442\/revisions\/2047"}],"wp:attachment":[{"href":"https:\/\/cowboyspincasino.net\/de\/wp-json\/wp\/v2\/media?parent=1442"}],"curies":[{"name":"wp","href":"https:\/\/api.w.org\/{rel}","templated":true}]}}